{"id":40957,"date":"2026-04-15T13:07:19","date_gmt":"2026-04-15T10:07:19","guid":{"rendered":"https:\/\/alleegalerii.ee\/?post_type=product&#038;p=40957"},"modified":"2026-04-16T15:54:54","modified_gmt":"2026-04-16T12:54:54","slug":"149-mauri-gross-positiivne-paar","status":"publish","type":"product","link":"https:\/\/alleegalerii.ee\/en\/shop\/149-mauri-gross-positiivne-paar\/","title":{"rendered":"149. Mauri Gross \u201cPositive Pair\u201d"},"content":{"rendered":"<div class=\"wpb-content-wrapper\"><p>[vc_row][vc_column][vc_column_text css=&#8221;&#8221; woodmart_inline=&#8221;no&#8221; text_larger=&#8221;no&#8221;]<\/p>\n<h5>\u00d5li vahapaberil. 2016.<br \/>\nAll vasakul: MG<br \/>\nP\u00f6\u00f6rdel: Mauri Gross \u00d5limaal 33 x 33 \/ 61 x 61 2016 &#8220;Positiivne Paar&#8221; (vormistatud 2026&#8243;)<\/h5>\n<p>Maalikunstnik ja kuraator Mauri Gross (s 1969) l\u00e4heneb kaasaegsele kunstile l\u00e4bi klassika. K\u00f5ik, kes on tema meditatiivseid k\u00f5rreliste-sarja teoseid p\u00e4ris elus n\u00e4inud, teavad kui meisterlikult ja struktuurselt l\u00e4heneb kunstnik pealtn\u00e4ha lihtsale motiivile. Grossi peenetundeliselt vormistatud t\u00f6\u00f6d t\u00f5stavad argise motiivi ajatuks kujundiks.<\/p>\n<p>Sama k\u00e4ib ka tema varasesse loominguperioodi kuuluva \u00f5limaali &#8220;Positiivne paar&#8221; kohta, kus tuttavlikku argist stseeni on kujutatud grossilikus v\u00f5tmes, nii et teose ees seistes tekib justkui ajutine h\u00fcpnoos, mil stseen \u00e4rkab ellu ja saapalt maha tilkuv viks tundub p\u00e4riselt olevat vahapaberile nirisemas.<\/p>\n<p>Sel perioodil keskenduski Gross selgemalt \u00f5limaalidele ning s\u00fcvenes pallaslikule maalik\u00e4sitlusele ja pruunide alatoonide dekodeerimisele, kandes selle kaasaegsesse tsitaatide ja s\u00fcmbolismi keelde. Teos on nostalgiliselt kerge ning \u00fcheaegselt nii j\u00f5uline kui elegantne. Saapad ja kirss m\u00f5juvad nii reaalse kui unen\u00e4olise m\u00e4rgina, asetades kujundi alateadvuse piirialale, kus hetkeks peatub aeg, et m\u00e4rgata \u00fchel saapal puuduvat paela.<\/p>\n<p style=\"text-align: right;\">Tekst: Kaspar Allik<\/p>\n<p>[\/vc_column_text][\/vc_column][\/vc_row]<\/p>\n<\/div>","protected":false},"excerpt":{"rendered":"<p>[vc_row][vc_column][vc_column_text css=&#8221;&#8221; woodmart_inline=&#8221;no&#8221; text_larger=&#8221;no&#8221;] \u00d5li vahapaberil. 2016. All vasakul: MG P\u00f6\u00f6rdel: Mauri Gross \u00d5limaal 33 x 33 \/ 61 x<\/p>\n","protected":false},"featured_media":40528,"template":"","meta":{"_acf_changed":false},"product_brand":[],"product_cat":[435],"product_tag":[],"class_list":{"0":"post-40957","1":"product","2":"type-product","3":"status-publish","4":"has-post-thumbnail","6":"product_cat-kevadoksjon-2026","7":"auction-is-open","9":"first","10":"instock","11":"shipping-taxable","12":"purchasable","13":"product-type-auction"},"acf":[],"_links":{"self":[{"href":"https:\/\/alleegalerii.ee\/en\/wp-json\/wp\/v2\/product\/40957","targetHints":{"allow":["GET"]}}],"collection":[{"href":"https:\/\/alleegalerii.ee\/en\/wp-json\/wp\/v2\/product"}],"about":[{"href":"https:\/\/alleegalerii.ee\/en\/wp-json\/wp\/v2\/types\/product"}],"wp:featuredmedia":[{"embeddable":true,"href":"https:\/\/alleegalerii.ee\/en\/wp-json\/wp\/v2\/media\/40528"}],"wp:attachment":[{"href":"https:\/\/alleegalerii.ee\/en\/wp-json\/wp\/v2\/media?parent=40957"}],"wp:term":[{"taxonomy":"product_brand","embeddable":true,"href":"https:\/\/alleegalerii.ee\/en\/wp-json\/wp\/v2\/product_brand?post=40957"},{"taxonomy":"product_cat","embeddable":true,"href":"https:\/\/alleegalerii.ee\/en\/wp-json\/wp\/v2\/product_cat?post=40957"},{"taxonomy":"product_tag","embeddable":true,"href":"https:\/\/alleegalerii.ee\/en\/wp-json\/wp\/v2\/product_tag?post=40957"}],"curies":[{"name":"wp","href":"https:\/\/api.w.org\/{rel}","templated":true}]}}