{"id":40953,"date":"2026-04-15T13:06:43","date_gmt":"2026-04-15T10:06:43","guid":{"rendered":"https:\/\/alleegalerii.ee\/?post_type=product&#038;p=40953"},"modified":"2026-04-16T15:54:10","modified_gmt":"2026-04-16T12:54:10","slug":"147-ulo-sooster-mees-kes-kuivatas-ratikut-tuule-kaes","status":"publish","type":"product","link":"https:\/\/alleegalerii.ee\/en\/shop\/147-ulo-sooster-mees-kes-kuivatas-ratikut-tuule-kaes\/","title":{"rendered":"147. \u00dclo Sooster \u201cThe Man Who Dried a Towel in the Wind\u201d"},"content":{"rendered":"<div class=\"wpb-content-wrapper\"><p>[vc_row][vc_column][vc_column_text css=&#8221;&#8221; woodmart_inline=&#8221;no&#8221; text_larger=&#8221;no&#8221;]<\/p>\n<h5>Tu\u0161\u0161, gua\u0161\u0161 paberil. 1958-59.<br \/>\nAll paremal: \u00dcS.<\/h5>\n<p>Meie ees on Eesti \u00fche hinnatuma modernistliku kunstniku ikoonilisemaid ja s\u00fcmbolistlikumaid tu\u0161ijoonistusi. Kuigi \u00dclo Sooster (1924-1970) on eesti s\u00fcrrealistliku kunsti loojaid peale II maailmas\u00f5da, on selles t\u00f6\u00f6s &#8211; loodud peale vangilaagrist vabanemist &#8211; m\u00e4\u00e4rav tagasivaatav dokumentalism: Kasahstani vangilaagri viletsus ja vaesus, samas vangi intellektuaalne nutikus ja ettev\u00f5tlikkus. Ent mehe kuju ise m\u00f5jub monumentaalsena, justkui vangistatud Kalevipojana tillukeseks taandatud baraki ja elektriliinide ees. Ta on sellest n\u00e4rusest elust \u00fcle. Ja ta kuivatab r\u00e4tikut. Tuule k\u00e4es, mis on vaba ja puutumata ja mida ei p\u00fc\u00fca \u00fckski v\u00f5im.<\/p>\n<p>2020. aastal linastus teosest inspireeritud film pealkirjaga &#8220;\u00dclo Sooster. Mees, kes kuivatas r\u00e4tikut tuule k\u00e4es&#8221; (re\u017eiss\u00f6\u00f6r ja stsenarist Lilija Vjugina). Sama nimega maal aastast 1958 kuulub Tartu Kunstimuuseumi kogusse.<\/p>\n<p style=\"text-align: right;\">Tekst: Harry Liivrand<\/p>\n<p>[\/vc_column_text][\/vc_column][\/vc_row]<\/p>\n<\/div>","protected":false},"excerpt":{"rendered":"<p>[vc_row][vc_column][vc_column_text css=&#8221;&#8221; woodmart_inline=&#8221;no&#8221; text_larger=&#8221;no&#8221;] Tu\u0161\u0161, gua\u0161\u0161 paberil. 1958-59. All paremal: \u00dcS. Meie ees on Eesti \u00fche hinnatuma modernistliku kunstniku ikoonilisemaid<\/p>\n","protected":false},"featured_media":40592,"template":"","meta":{"_acf_changed":false},"product_brand":[],"product_cat":[435],"product_tag":[],"class_list":{"0":"post-40953","1":"product","2":"type-product","3":"status-publish","4":"has-post-thumbnail","6":"product_cat-kevadoksjon-2026","7":"auction-is-open","9":"first","10":"instock","11":"shipping-taxable","12":"purchasable","13":"product-type-auction"},"acf":[],"_links":{"self":[{"href":"https:\/\/alleegalerii.ee\/en\/wp-json\/wp\/v2\/product\/40953","targetHints":{"allow":["GET"]}}],"collection":[{"href":"https:\/\/alleegalerii.ee\/en\/wp-json\/wp\/v2\/product"}],"about":[{"href":"https:\/\/alleegalerii.ee\/en\/wp-json\/wp\/v2\/types\/product"}],"wp:featuredmedia":[{"embeddable":true,"href":"https:\/\/alleegalerii.ee\/en\/wp-json\/wp\/v2\/media\/40592"}],"wp:attachment":[{"href":"https:\/\/alleegalerii.ee\/en\/wp-json\/wp\/v2\/media?parent=40953"}],"wp:term":[{"taxonomy":"product_brand","embeddable":true,"href":"https:\/\/alleegalerii.ee\/en\/wp-json\/wp\/v2\/product_brand?post=40953"},{"taxonomy":"product_cat","embeddable":true,"href":"https:\/\/alleegalerii.ee\/en\/wp-json\/wp\/v2\/product_cat?post=40953"},{"taxonomy":"product_tag","embeddable":true,"href":"https:\/\/alleegalerii.ee\/en\/wp-json\/wp\/v2\/product_tag?post=40953"}],"curies":[{"name":"wp","href":"https:\/\/api.w.org\/{rel}","templated":true}]}}