{"id":40952,"date":"2026-04-15T10:21:36","date_gmt":"2026-04-15T07:21:36","guid":{"rendered":"https:\/\/alleegalerii.ee\/?post_type=product&#038;p=40952"},"modified":"2026-04-16T15:26:55","modified_gmt":"2026-04-16T12:26:55","slug":"116-mare-vint-suvine-parnu","status":"publish","type":"product","link":"https:\/\/alleegalerii.ee\/en\/shop\/116-mare-vint-suvine-parnu\/","title":{"rendered":"116. Mare Vint \u201cSummer in P\u00e4rnu\u201d"},"content":{"rendered":"<div class=\"wpb-content-wrapper\"><p>[vc_row][vc_column][vc_column_text css=&#8221;&#8221; woodmart_inline=&#8221;no&#8221; text_larger=&#8221;no&#8221;]<\/p>\n<h5>Litograafia paberil. 1984.<br \/>\nAll vasakul: &#8220;Suvine P\u00e4rnu&#8221; lito II 1\/16<br \/>\nAll vasakul: MVint &#8217;84<\/h5>\n<p>Mare Vindi (1942-2020) mustvalge litograafia portreteerib suvepealinna P\u00e4rnu \u00fcht tunnushoonet &#8211; vana mudaravila stiilset neoklassitsistlikku fassaadi. Ehitatud aastail 1926-1927 tipparhitektide Olev Siinmaa, Aleksander N\u00fcrnbergi ja Erich von Wolffeldti projektide alusel, s\u00fcmboliseerib hoone P\u00e4rnu kui kuurortlinna soliidset mainet ja v\u00e4\u00e4rikust.<\/p>\n<p>Vindi teoses on kompositsioonilist harmooniat, ideaalsete proportsioonide v\u00e4ljendust, metaf\u00fc\u00fcsilist rahu ja lihtsalt ilu kui seesugust, mis k\u00f5ik seostuvad mudaravila arhitektuursete kvaliteetidega. Taevane pilvemaastik assotsieerub udusse m\u00e4hkuva m\u00e4estikuga ning viib m\u00f5tted Palladio ehitustele P\u00f5hja-Itaalia Eel-Alpides.<\/p>\n<p style=\"text-align: right;\">Tekst: Harry Liivrand<\/p>\n<p>[\/vc_column_text][\/vc_column][\/vc_row]<\/p>\n<\/div>","protected":false},"excerpt":{"rendered":"<p>[vc_row][vc_column][vc_column_text css=&#8221;&#8221; woodmart_inline=&#8221;no&#8221; text_larger=&#8221;no&#8221;] Litograafia paberil. 1984. All vasakul: &#8220;Suvine P\u00e4rnu&#8221; lito II 1\/16 All vasakul: MVint &#8217;84 Mare Vindi<\/p>\n","protected":false},"featured_media":40320,"template":"","meta":{"_acf_changed":false},"product_brand":[],"product_cat":[435],"product_tag":[],"class_list":{"0":"post-40952","1":"product","2":"type-product","3":"status-publish","4":"has-post-thumbnail","6":"product_cat-kevadoksjon-2026","7":"auction-is-open","9":"first","10":"instock","11":"shipping-taxable","12":"purchasable","13":"product-type-auction"},"acf":[],"_links":{"self":[{"href":"https:\/\/alleegalerii.ee\/en\/wp-json\/wp\/v2\/product\/40952","targetHints":{"allow":["GET"]}}],"collection":[{"href":"https:\/\/alleegalerii.ee\/en\/wp-json\/wp\/v2\/product"}],"about":[{"href":"https:\/\/alleegalerii.ee\/en\/wp-json\/wp\/v2\/types\/product"}],"wp:featuredmedia":[{"embeddable":true,"href":"https:\/\/alleegalerii.ee\/en\/wp-json\/wp\/v2\/media\/40320"}],"wp:attachment":[{"href":"https:\/\/alleegalerii.ee\/en\/wp-json\/wp\/v2\/media?parent=40952"}],"wp:term":[{"taxonomy":"product_brand","embeddable":true,"href":"https:\/\/alleegalerii.ee\/en\/wp-json\/wp\/v2\/product_brand?post=40952"},{"taxonomy":"product_cat","embeddable":true,"href":"https:\/\/alleegalerii.ee\/en\/wp-json\/wp\/v2\/product_cat?post=40952"},{"taxonomy":"product_tag","embeddable":true,"href":"https:\/\/alleegalerii.ee\/en\/wp-json\/wp\/v2\/product_tag?post=40952"}],"curies":[{"name":"wp","href":"https:\/\/api.w.org\/{rel}","templated":true}]}}