{"id":40949,"date":"2026-04-15T13:56:20","date_gmt":"2026-04-15T10:56:20","guid":{"rendered":"https:\/\/alleegalerii.ee\/?post_type=product&#038;p=40949"},"modified":"2026-04-16T16:38:24","modified_gmt":"2026-04-16T13:38:24","slug":"197-eduard-ruga-veskilised","status":"publish","type":"product","link":"https:\/\/alleegalerii.ee\/en\/shop\/197-eduard-ruga-veskilised\/","title":{"rendered":"197. Eduard R\u00fcga \u201cMillers\u201d"},"content":{"rendered":"<div class=\"wpb-content-wrapper\"><p>[vc_row][vc_column][vc_column_text css=&#8221;&#8221; woodmart_inline=&#8221;no&#8221; text_larger=&#8221;no&#8221;]<\/p>\n<h5>Puugrav\u00fc\u00fcr paberil. 1942-1943.<br \/>\nAll vasakul: Veskilised All paremal: E. R\u00fcga<\/h5>\n<p>Eduard R\u00fcga (1903-1997) kuulub eesti graafika kuldajastu meistrite hulka. L\u00f5petanud K\u00f5rgema Kunstikooli Pallas 1939. aastal Arkadio Laigo \u00f5pilasena, kandis ta edasi Tartu graafikakoolkonna parimaid traditsioone, kus puugrav\u00fc\u00fcr saavutas oma meisterlikkuse tipu. R\u00fcga loomingut iseloomustab sageli argielu ja maastiku \u00fchendamine tervikuks, kus igap\u00e4evased toimetused omandavad \u00fcldistatud, peaaegu eepilise t\u00e4henduse.<\/p>\n<p>\u201eVeskilistes\u201c kihab elu. Looklev j\u00f5ek\u00e4\u00e4r ja selle kaldal askeldavad hobuvankrid jutustavad p\u00f5neva loo suvisest p\u00e4evast veski \u00e4\u00e4res. Millest k\u00fcll vestlevad esiplaanil olevad vankrile toetuvad mehed? Kuhu t\u00f5ttab figuur sillal?<\/p>\n<p>Puugrav\u00fc\u00fcri tehnika v\u00f5imaldab R\u00fcgal m\u00e4ngida peente joonte ja tihedate pindadega, mis annavad edasi nii hoonete arhitektuurset selgust kui ka k\u00fcnkliku maastiku pehmust. Mahedad maatoonid \u2013 ooker, pruun ja s\u00fcgavroheline \u2013 on k\u00f5rvutatud kargete siniste ning valgete pindadega, mis loovad karge ja selge \u00f5hustiku.<\/p>\n<p>Teos oli eksponeeritud 1943. aasta Tartu kunsti s\u00fcgisn\u00e4itusel ning kuulub ka Eesti Kunstimuuseumi kollektsiooni.<\/p>\n<p style=\"text-align: right;\">Tekst: Katre Palm<\/p>\n<p>[\/vc_column_text][\/vc_column][\/vc_row]<\/p>\n<\/div>","protected":false},"excerpt":{"rendered":"<p>[vc_row][vc_column][vc_column_text css=&#8221;&#8221; woodmart_inline=&#8221;no&#8221; text_larger=&#8221;no&#8221;] Puugrav\u00fc\u00fcr paberil. 1942-1943. All vasakul: Veskilised All paremal: E. R\u00fcga Eduard R\u00fcga (1903-1997) kuulub eesti graafika<\/p>\n","protected":false},"featured_media":39408,"template":"","meta":{"_acf_changed":false},"product_brand":[],"product_cat":[435],"product_tag":[],"class_list":{"0":"post-40949","1":"product","2":"type-product","3":"status-publish","4":"has-post-thumbnail","6":"product_cat-kevadoksjon-2026","7":"auction-is-open","9":"first","10":"instock","11":"shipping-taxable","12":"purchasable","13":"product-type-auction"},"acf":[],"_links":{"self":[{"href":"https:\/\/alleegalerii.ee\/en\/wp-json\/wp\/v2\/product\/40949","targetHints":{"allow":["GET"]}}],"collection":[{"href":"https:\/\/alleegalerii.ee\/en\/wp-json\/wp\/v2\/product"}],"about":[{"href":"https:\/\/alleegalerii.ee\/en\/wp-json\/wp\/v2\/types\/product"}],"wp:featuredmedia":[{"embeddable":true,"href":"https:\/\/alleegalerii.ee\/en\/wp-json\/wp\/v2\/media\/39408"}],"wp:attachment":[{"href":"https:\/\/alleegalerii.ee\/en\/wp-json\/wp\/v2\/media?parent=40949"}],"wp:term":[{"taxonomy":"product_brand","embeddable":true,"href":"https:\/\/alleegalerii.ee\/en\/wp-json\/wp\/v2\/product_brand?post=40949"},{"taxonomy":"product_cat","embeddable":true,"href":"https:\/\/alleegalerii.ee\/en\/wp-json\/wp\/v2\/product_cat?post=40949"},{"taxonomy":"product_tag","embeddable":true,"href":"https:\/\/alleegalerii.ee\/en\/wp-json\/wp\/v2\/product_tag?post=40949"}],"curies":[{"name":"wp","href":"https:\/\/api.w.org\/{rel}","templated":true}]}}