{"id":40945,"date":"2026-04-15T13:48:32","date_gmt":"2026-04-15T10:48:32","guid":{"rendered":"https:\/\/alleegalerii.ee\/?post_type=product&#038;p=40945"},"modified":"2026-04-16T17:01:55","modified_gmt":"2026-04-16T14:01:55","slug":"230-rein-raamat-krusanteemid","status":"publish","type":"product","link":"https:\/\/alleegalerii.ee\/en\/shop\/230-rein-raamat-krusanteemid\/","title":{"rendered":"230. Rein Raamat \u201cChrysanthemums\u201d"},"content":{"rendered":"<div class=\"wpb-content-wrapper\"><p>[vc_row][vc_column][vc_column_text css=&#8221;&#8221; woodmart_inline=&#8221;no&#8221; text_larger=&#8221;no&#8221;]<\/p>\n<h5>Pastell paberil. 1988.<br \/>\nAll paremal: R Raamat 88<br \/>\nP\u00f6\u00f6rdel: Kunstifondi silt<\/h5>\n<p>Mitmel alal andekas Rein Raamat (s. 1931) on kujutavas kunstis endale nime teinud traditsioonij\u00e4rgivate pastelltehnikas portreede, maastiku- ja lillemaalidega, olles \u00fcks selle tehnika k\u00f5ige j\u00e4rjekindlamaid viljelejaid.<\/p>\n<p>Realistlik detailipeenus, ajahetke tundelise peatamise oskus ja teatud m\u00fcstilisus iseloomustavad tema &#8220;Kr\u00fcsanteeme&#8221; kui ajatut j\u00e4\u00e4dvustust floristlikust ilust. Maali mitmet\u00e4henduslikkust r\u00f5hutab, et s\u00fcmbolistikas t\u00e4histavad valged kr\u00fcsanteemid ausust ja truudust, pooleli p\u00f5lenud k\u00fc\u00fcnal aga assotsieerub ajalikkusega. Omaette vaatamisv\u00e4\u00e4rne on Raamatu vanameisterlikkus materjali ehedal kujutamisel (laudlina, vaas, pronksist k\u00fc\u00fcnlajalg).<\/p>\n<p style=\"text-align: right;\">Tekst: Harry Liivrand<\/p>\n<p>[\/vc_column_text][\/vc_column][\/vc_row]<\/p>\n<\/div>","protected":false},"excerpt":{"rendered":"<p>[vc_row][vc_column][vc_column_text css=&#8221;&#8221; woodmart_inline=&#8221;no&#8221; text_larger=&#8221;no&#8221;] Pastell paberil. 1988. All paremal: R Raamat 88 P\u00f6\u00f6rdel: Kunstifondi silt Mitmel alal andekas Rein Raamat<\/p>\n","protected":false},"featured_media":40481,"template":"","meta":{"_acf_changed":false},"product_brand":[],"product_cat":[435],"product_tag":[],"class_list":{"0":"post-40945","1":"product","2":"type-product","3":"status-publish","4":"has-post-thumbnail","6":"product_cat-kevadoksjon-2026","7":"auction-is-open","9":"first","10":"instock","11":"shipping-taxable","12":"purchasable","13":"product-type-auction"},"acf":[],"_links":{"self":[{"href":"https:\/\/alleegalerii.ee\/en\/wp-json\/wp\/v2\/product\/40945","targetHints":{"allow":["GET"]}}],"collection":[{"href":"https:\/\/alleegalerii.ee\/en\/wp-json\/wp\/v2\/product"}],"about":[{"href":"https:\/\/alleegalerii.ee\/en\/wp-json\/wp\/v2\/types\/product"}],"wp:featuredmedia":[{"embeddable":true,"href":"https:\/\/alleegalerii.ee\/en\/wp-json\/wp\/v2\/media\/40481"}],"wp:attachment":[{"href":"https:\/\/alleegalerii.ee\/en\/wp-json\/wp\/v2\/media?parent=40945"}],"wp:term":[{"taxonomy":"product_brand","embeddable":true,"href":"https:\/\/alleegalerii.ee\/en\/wp-json\/wp\/v2\/product_brand?post=40945"},{"taxonomy":"product_cat","embeddable":true,"href":"https:\/\/alleegalerii.ee\/en\/wp-json\/wp\/v2\/product_cat?post=40945"},{"taxonomy":"product_tag","embeddable":true,"href":"https:\/\/alleegalerii.ee\/en\/wp-json\/wp\/v2\/product_tag?post=40945"}],"curies":[{"name":"wp","href":"https:\/\/api.w.org\/{rel}","templated":true}]}}