{"id":40942,"date":"2026-04-15T13:57:30","date_gmt":"2026-04-15T10:57:30","guid":{"rendered":"https:\/\/alleegalerii.ee\/?post_type=product&#038;p=40942"},"modified":"2026-04-16T16:39:42","modified_gmt":"2026-04-16T13:39:42","slug":"201-eduard-wiiralt-neegri-pea","status":"publish","type":"product","link":"https:\/\/alleegalerii.ee\/en\/shop\/201-eduard-wiiralt-neegri-pea\/","title":{"rendered":"201. Eduard Wiiralt \u201cHead of a Black Man\u201d"},"content":{"rendered":"<div class=\"wpb-content-wrapper\"><p>[vc_row][vc_column][vc_column_text css=&#8221;&#8221; woodmart_inline=&#8221;no&#8221; text_larger=&#8221;no&#8221;]<\/p>\n<h5>Puugrav\u00fc\u00fcr paberil. 1933.<br \/>\nAll vasakul plaadil: Wiiralt<br \/>\nAll paremal plaadil: 1933<br \/>\nAll vasakul: Puul\u00f5ige 1933<br \/>\nAll paremal: Ed. Wiiralt<\/h5>\n<p>1933. aastal naasis Eduard Wiiralt (1898-1954) taas puugrav\u00fc\u00fcri juurde, mille viljelemisel oli ta loomingus olnud kuus aastat pausi. See oli ka aasta, mil selleks hetkeks nii f\u00fc\u00fcsiliselt kui vaimselt v\u00e4sinud kunstnik leidis endale sihikindla toetaja kunstikoguja Alfred R\u00f5ude (tollal Veitman) n\u00e4ol, kes Wiiralti teoseid Eestis tutvustama ja m\u00fc\u00fcma asus. Taoline tugi kodumaalt andis kunstnikule vajaliku stabiilse sissetuleku, suurema loomingulise vabaduse ning innustas teda aktiivselt edasi t\u00f6\u00f6tama.<\/p>\n<p>Pariisi t\u00e4navail kohatud p\u00f5hjamaalase jaoks eksootilisena tunduvad tumedanahalised karakterid inspireerisid kunstnikku neid kujutama. Suure t\u00f5en\u00e4osusega leidis ta k\u00e4esolevaks teoseks modelli enda \u00fchest lemmikbaaridest. Wiiraltit k\u00f5netasid portreteeritava ekspressiivsed n\u00e4ojooned ning nii valmis kaunite vormidega portree, mis t\u00e4nap\u00e4evalgi v\u00e4rskena m\u00f5jub.<\/p>\n<p style=\"text-align: right;\">Tekst: Katre Palm<\/p>\n<p>[\/vc_column_text][\/vc_column][\/vc_row]<\/p>\n<\/div>","protected":false},"excerpt":{"rendered":"<p>[vc_row][vc_column][vc_column_text css=&#8221;&#8221; woodmart_inline=&#8221;no&#8221; text_larger=&#8221;no&#8221;] Puugrav\u00fc\u00fcr paberil. 1933. All vasakul plaadil: Wiiralt All paremal plaadil: 1933 All vasakul: Puul\u00f5ige 1933 All<\/p>\n","protected":false},"featured_media":40059,"template":"","meta":{"_acf_changed":false},"product_brand":[],"product_cat":[435],"product_tag":[],"class_list":{"0":"post-40942","1":"product","2":"type-product","3":"status-publish","4":"has-post-thumbnail","6":"product_cat-kevadoksjon-2026","7":"auction-is-open","9":"first","10":"instock","11":"shipping-taxable","12":"purchasable","13":"product-type-auction"},"acf":[],"_links":{"self":[{"href":"https:\/\/alleegalerii.ee\/en\/wp-json\/wp\/v2\/product\/40942","targetHints":{"allow":["GET"]}}],"collection":[{"href":"https:\/\/alleegalerii.ee\/en\/wp-json\/wp\/v2\/product"}],"about":[{"href":"https:\/\/alleegalerii.ee\/en\/wp-json\/wp\/v2\/types\/product"}],"wp:featuredmedia":[{"embeddable":true,"href":"https:\/\/alleegalerii.ee\/en\/wp-json\/wp\/v2\/media\/40059"}],"wp:attachment":[{"href":"https:\/\/alleegalerii.ee\/en\/wp-json\/wp\/v2\/media?parent=40942"}],"wp:term":[{"taxonomy":"product_brand","embeddable":true,"href":"https:\/\/alleegalerii.ee\/en\/wp-json\/wp\/v2\/product_brand?post=40942"},{"taxonomy":"product_cat","embeddable":true,"href":"https:\/\/alleegalerii.ee\/en\/wp-json\/wp\/v2\/product_cat?post=40942"},{"taxonomy":"product_tag","embeddable":true,"href":"https:\/\/alleegalerii.ee\/en\/wp-json\/wp\/v2\/product_tag?post=40942"}],"curies":[{"name":"wp","href":"https:\/\/api.w.org\/{rel}","templated":true}]}}