{"id":40941,"date":"2026-04-15T10:22:36","date_gmt":"2026-04-15T07:22:36","guid":{"rendered":"https:\/\/alleegalerii.ee\/?post_type=product&#038;p=40941"},"modified":"2026-04-16T15:27:25","modified_gmt":"2026-04-16T12:27:25","slug":"117-eduard-wiiralt-lamav-akt-kanepiriidel","status":"publish","type":"product","link":"https:\/\/alleegalerii.ee\/en\/shop\/117-eduard-wiiralt-lamav-akt-kanepiriidel\/","title":{"rendered":"117. Eduard Wiiralt \"Reclining Nude on Hemp Cloth\""},"content":{"rendered":"<div class=\"wpb-content-wrapper\"><p>[vc_row][vc_column][vc_column_text css=&#8221;&#8221; woodmart_inline=&#8221;no&#8221; text_larger=&#8221;no&#8221;]<\/p>\n<h5>Puugrav\u00fc\u00fcr paberil. 1933.<br \/>\nAll vasakul plaadil: WIIRALT 1933<br \/>\nAll vasakul: gravure sur bois Epreuve d&#8217;artiste<br \/>\nAll paremal: Eduard Wiiralt<\/h5>\n<p>Eduard Wiiralti (1898-1954) \u00fcleminekuperioodil, kus tormakas ja fantaasiarikas pahede kujutamise ajastu astub v\u00e4ikse sammu rahulikuma, harmoonilisema elu poole, valmisid teosed, mis kandsid endas jooni m\u00f5lemast ajast. N\u00f5nda leiame teosel \u201cLamav akt kanepiriidel\u201d nii koreda koega kotiriide kui \u00f5rnade joontega naisolevuse, mis \u00fcksteise vastandlikkust komplementeerivad. \u00dchelt poolt rahulik lamav poos, teisalt meelad m\u00f5tted ja kutsuv pilk, mis annavad aimu Wiiralti enda uutest otsingutest.<\/p>\n<p>Ent nagu kunstnikule omane, ei tee ta t\u00f6\u00f6ga allahindlust ning k\u00e4esoleva teose \u00fcks huvitavamaid aspekte on intrigeeriv vaatenurk, kus tumepunaste huultega pariisitar vaatab kunstnikule otse silma (ent mitte vaatajale). Moodsat l\u00e4henemist n\u00e4itab ka kompositsioon ise, millelt on m\u00e4rgata vaid osa modelli peast ja vol\u00fc\u00fcmikatest jalgadest.<\/p>\n<p>Teos kuulub ka Eesti Kunstimuuseumi ning paljude teiste muuseumite kollektsiooni.<\/p>\n<p style=\"text-align: right;\">Tekst: Katre Palm<\/p>\n<p>[\/vc_column_text][\/vc_column][\/vc_row]<\/p>\n<\/div>","protected":false},"excerpt":{"rendered":"<p>[vc_row][vc_column][vc_column_text css=&#8221;&#8221; woodmart_inline=&#8221;no&#8221; text_larger=&#8221;no&#8221;] Puugrav\u00fc\u00fcr paberil. 1933. All vasakul plaadil: WIIRALT 1933 All vasakul: gravure sur bois Epreuve d&#8217;artiste All<\/p>\n","protected":false},"featured_media":40628,"template":"","meta":{"_acf_changed":false},"product_brand":[],"product_cat":[435],"product_tag":[],"class_list":{"0":"post-40941","1":"product","2":"type-product","3":"status-publish","4":"has-post-thumbnail","6":"product_cat-kevadoksjon-2026","7":"auction-is-open","9":"first","10":"instock","11":"shipping-taxable","12":"purchasable","13":"product-type-auction"},"acf":[],"_links":{"self":[{"href":"https:\/\/alleegalerii.ee\/en\/wp-json\/wp\/v2\/product\/40941","targetHints":{"allow":["GET"]}}],"collection":[{"href":"https:\/\/alleegalerii.ee\/en\/wp-json\/wp\/v2\/product"}],"about":[{"href":"https:\/\/alleegalerii.ee\/en\/wp-json\/wp\/v2\/types\/product"}],"wp:featuredmedia":[{"embeddable":true,"href":"https:\/\/alleegalerii.ee\/en\/wp-json\/wp\/v2\/media\/40628"}],"wp:attachment":[{"href":"https:\/\/alleegalerii.ee\/en\/wp-json\/wp\/v2\/media?parent=40941"}],"wp:term":[{"taxonomy":"product_brand","embeddable":true,"href":"https:\/\/alleegalerii.ee\/en\/wp-json\/wp\/v2\/product_brand?post=40941"},{"taxonomy":"product_cat","embeddable":true,"href":"https:\/\/alleegalerii.ee\/en\/wp-json\/wp\/v2\/product_cat?post=40941"},{"taxonomy":"product_tag","embeddable":true,"href":"https:\/\/alleegalerii.ee\/en\/wp-json\/wp\/v2\/product_tag?post=40941"}],"curies":[{"name":"wp","href":"https:\/\/api.w.org\/{rel}","templated":true}]}}