{"id":40940,"date":"2026-04-15T13:53:04","date_gmt":"2026-04-15T10:53:04","guid":{"rendered":"https:\/\/alleegalerii.ee\/?post_type=product&#038;p=40940"},"modified":"2026-04-16T17:01:33","modified_gmt":"2026-04-16T14:01:33","slug":"227-efraim-allsalu-suplejad","status":"publish","type":"product","link":"https:\/\/alleegalerii.ee\/en\/shop\/227-efraim-allsalu-suplejad\/","title":{"rendered":"227. Efraim Allsalu \u201cFigures Bathing\u201d"},"content":{"rendered":"<div class=\"wpb-content-wrapper\"><p>[vc_row][vc_column][vc_column_text css=&#8221;&#8221; woodmart_inline=&#8221;no&#8221; text_larger=&#8221;no&#8221;]<\/p>\n<h5>\u00d5li masoniidil. 1995.<br \/>\nAll paremal: E Allsalu 95.<\/h5>\n<p><span style=\"font-weight: 400;\">Tartu koloristlikku maalikoolkonda esindav Efraim Allsalu (1929-2006) suhestub oma hilisloomingus s\u00fcmbolistide ja eriti nabiide eeskujuga, seda nii s\u00fc\u017eee kui stilistika m\u00f5ttes.\u00a0<\/span><\/p>\n<p><span style=\"font-weight: 400;\">Maal &#8220;Suplejad&#8221; sobiks illustreerima nii m\u00f5nda antiikset armastuslugu kui v\u00e4ljendaks samal ajal \u00fcldistuse kujul noorust ja armastust, mida ikka on personifitseeritud noorte alasti inimeste kaudu. Asetades paarikfiguurid id\u00fcllilise looduse keskel vette, pakub valitud motiiv kunstnikule v\u00f5imaluse oma maalitehnilisi oskusi esile tuua: varjundirikkalt ja dekoratiivsusse kaldudes j\u00e4\u00e4dvustab Allsalu nii inimesed kui maastikuvaate.<\/span><\/p>\n<p style=\"text-align: right;\"><span style=\"font-weight: 400;\">Tekst: Harry Liivrand<\/span><\/p>\n<p>[\/vc_column_text][\/vc_column][\/vc_row]<\/p>\n<\/div>","protected":false},"excerpt":{"rendered":"<p>[vc_row][vc_column][vc_column_text css=&#8221;&#8221; woodmart_inline=&#8221;no&#8221; text_larger=&#8221;no&#8221;] \u00d5li masoniidil. 1995. All paremal: E Allsalu 95. Tartu koloristlikku maalikoolkonda esindav Efraim Allsalu (1929-2006) suhestub<\/p>\n","protected":false},"featured_media":39828,"template":"","meta":{"_acf_changed":false},"product_brand":[],"product_cat":[435],"product_tag":[],"class_list":{"0":"post-40940","1":"product","2":"type-product","3":"status-publish","4":"has-post-thumbnail","6":"product_cat-kevadoksjon-2026","7":"auction-is-open","9":"first","10":"instock","11":"shipping-taxable","12":"purchasable","13":"product-type-auction"},"acf":[],"_links":{"self":[{"href":"https:\/\/alleegalerii.ee\/en\/wp-json\/wp\/v2\/product\/40940","targetHints":{"allow":["GET"]}}],"collection":[{"href":"https:\/\/alleegalerii.ee\/en\/wp-json\/wp\/v2\/product"}],"about":[{"href":"https:\/\/alleegalerii.ee\/en\/wp-json\/wp\/v2\/types\/product"}],"wp:featuredmedia":[{"embeddable":true,"href":"https:\/\/alleegalerii.ee\/en\/wp-json\/wp\/v2\/media\/39828"}],"wp:attachment":[{"href":"https:\/\/alleegalerii.ee\/en\/wp-json\/wp\/v2\/media?parent=40940"}],"wp:term":[{"taxonomy":"product_brand","embeddable":true,"href":"https:\/\/alleegalerii.ee\/en\/wp-json\/wp\/v2\/product_brand?post=40940"},{"taxonomy":"product_cat","embeddable":true,"href":"https:\/\/alleegalerii.ee\/en\/wp-json\/wp\/v2\/product_cat?post=40940"},{"taxonomy":"product_tag","embeddable":true,"href":"https:\/\/alleegalerii.ee\/en\/wp-json\/wp\/v2\/product_tag?post=40940"}],"curies":[{"name":"wp","href":"https:\/\/api.w.org\/{rel}","templated":true}]}}