{"id":40939,"date":"2026-04-15T13:29:06","date_gmt":"2026-04-15T10:29:06","guid":{"rendered":"https:\/\/alleegalerii.ee\/?post_type=product&#038;p=40939"},"modified":"2026-04-16T16:25:30","modified_gmt":"2026-04-16T13:25:30","slug":"177-joann-saarniit-near-north-bay","status":"publish","type":"product","link":"https:\/\/alleegalerii.ee\/en\/shop\/177-joann-saarniit-near-north-bay\/","title":{"rendered":"177. Joann Saarniit \"Near North Bay\""},"content":{"rendered":"<div class=\"wpb-content-wrapper\"><p>[vc_row][vc_column][vc_column_text css=&#8221;&#8221; woodmart_inline=&#8221;no&#8221; text_larger=&#8221;no&#8221;]<\/p>\n<h5>\u00d5li masoniidil. 1980.<br \/>\nAll paremal: Saarniit 80<br \/>\nP\u00f6\u00f6rdel: Joann Saarniit 1980 &#8220;Near North Bay&#8221; original<\/h5>\n<p>Tallinnas Riigi kunstt\u00f6\u00f6stuskooli l\u00f5petanud, ent peale s\u00f5da uut elu ja karj\u00e4\u00e4ri Torontos alustanud Joann Saarniit (1909-1984) on \u00fcks k\u00f5ige nimekamaid v\u00e4lis-eesti maalijaid, kelle loomingu olulise osa moodustab maastikumaal.<\/p>\n<p>Kanada linna North Bay l\u00e4hi\u00fcmbrust j\u00e4\u00e4dvustades on Saarniitu v\u00f5lunud kaljune loodus, mida ilmestavas j\u00e4rvesilmas peegeldub tormi ennustav taevas. Karm ja mehine maastik v\u00f5is kunstnikule meenutada kodust Eesti loodust, samas pakkus talle kui koloristile v\u00f5imalusi keskenduda pruunide ja siniste toonide vahekordade anal\u00fc\u00fcsimisele.<\/p>\n<p style=\"text-align: right;\">Tekst: Harry Liivrand<\/p>\n<p>[\/vc_column_text][\/vc_column][\/vc_row]<\/p>\n<\/div>","protected":false},"excerpt":{"rendered":"<p>[vc_row][vc_column][vc_column_text css=&#8221;&#8221; woodmart_inline=&#8221;no&#8221; text_larger=&#8221;no&#8221;] \u00d5li masoniidil. 1980. All paremal: Saarniit 80 P\u00f6\u00f6rdel: Joann Saarniit 1980 &#8220;Near North Bay&#8221; original Tallinnas<\/p>\n","protected":false},"featured_media":39492,"template":"","meta":{"_acf_changed":false},"product_brand":[],"product_cat":[435],"product_tag":[],"class_list":{"0":"post-40939","1":"product","2":"type-product","3":"status-publish","4":"has-post-thumbnail","6":"product_cat-kevadoksjon-2026","7":"auction-is-open","9":"first","10":"instock","11":"shipping-taxable","12":"purchasable","13":"product-type-auction"},"acf":[],"_links":{"self":[{"href":"https:\/\/alleegalerii.ee\/en\/wp-json\/wp\/v2\/product\/40939","targetHints":{"allow":["GET"]}}],"collection":[{"href":"https:\/\/alleegalerii.ee\/en\/wp-json\/wp\/v2\/product"}],"about":[{"href":"https:\/\/alleegalerii.ee\/en\/wp-json\/wp\/v2\/types\/product"}],"wp:featuredmedia":[{"embeddable":true,"href":"https:\/\/alleegalerii.ee\/en\/wp-json\/wp\/v2\/media\/39492"}],"wp:attachment":[{"href":"https:\/\/alleegalerii.ee\/en\/wp-json\/wp\/v2\/media?parent=40939"}],"wp:term":[{"taxonomy":"product_brand","embeddable":true,"href":"https:\/\/alleegalerii.ee\/en\/wp-json\/wp\/v2\/product_brand?post=40939"},{"taxonomy":"product_cat","embeddable":true,"href":"https:\/\/alleegalerii.ee\/en\/wp-json\/wp\/v2\/product_cat?post=40939"},{"taxonomy":"product_tag","embeddable":true,"href":"https:\/\/alleegalerii.ee\/en\/wp-json\/wp\/v2\/product_tag?post=40939"}],"curies":[{"name":"wp","href":"https:\/\/api.w.org\/{rel}","templated":true}]}}