{"id":40936,"date":"2026-04-15T13:27:52","date_gmt":"2026-04-15T10:27:52","guid":{"rendered":"https:\/\/alleegalerii.ee\/?post_type=product&#038;p=40936"},"modified":"2026-04-16T16:09:29","modified_gmt":"2026-04-16T13:09:29","slug":"173-endel-taniloo-kiigel","status":"publish","type":"product","link":"https:\/\/alleegalerii.ee\/en\/shop\/173-endel-taniloo-kiigel\/","title":{"rendered":"173. Endel Taniloo \u201cOn the Swing\u201d"},"content":{"rendered":"<div class=\"wpb-content-wrapper\"><p>[vc_row][vc_column][vc_column_text css=&#8221;&#8221; woodmart_inline=&#8221;no&#8221; text_larger=&#8221;no&#8221;]<\/p>\n<h5>Lihvitud \u0161amott, k\u00f5rgkuumuskeraamika, raud. 1970ndate l\u00f5pp.<\/h5>\n<p style=\"text-align: right;\">\u201c\u00d5ndsalikult minus liigub p\u00e4ike,<br \/>\n\u00f5\u00f5tsub universum, kiigub ilm.<br \/>\nAeg on unes v\u00f5tnud tuju kuju.<br \/>\nKuhu tahta? &#8211; k\u00f5ik on kujutelm.\u201d<\/p>\n<p style=\"text-align: right;\">Katkend Doris Kareva luuletusest \u201c\u00d5ndsalikult minus liigub p\u00e4ike\u201d<\/p>\n<p>Pallases alustada j\u00f5udnud, kuid olude sunnil juba uue re\u017eiimi all kunstnikudiplomini j\u00f5udnud Endel Taniloo (1923-2019) loomingus on kaks poolt: traditsionalistlik, klassikalist vormijoont j\u00e4rgiv ja modernistlik, erinevate vormide ja materjalide koosm\u00f5ju katsetav, eksperimenteeriv.<\/p>\n<p>Just viimast suunda esindab lihvitud \u0161amotis modelleeritud ja raudpanusega t\u00e4iendatud naisefiguur \u201cKiigel\u201d, mis t\u00f5estab Taniloo erakordselt head materjalitunnetust ning oskust anda staatilisele materjalile inimlikku soojust ja liikumist.<\/p>\n<p>Nii m\u00f5jub kiikuv naine kerge ja \u00f5hulisena, mille Taniloo on saavutanud l\u00e4bi voolavate ja sujuvate joontega modelleerimise. Naise kergelt taha kallutatud poos ja voogavad juuksed annavad edasi vabaduse tunnet\u2026 ikka edasi!<\/p>\n<p style=\"text-align: right;\">Tekst: Harry Liivrand, Katre Palm<\/p>\n<p>[\/vc_column_text][\/vc_column][\/vc_row]<\/p>\n<\/div>","protected":false},"excerpt":{"rendered":"<p>[vc_row][vc_column][vc_column_text css=&#8221;&#8221; woodmart_inline=&#8221;no&#8221; text_larger=&#8221;no&#8221;] Lihvitud \u0161amott, k\u00f5rgkuumuskeraamika, raud. 1970ndate l\u00f5pp. \u201c\u00d5ndsalikult minus liigub p\u00e4ike, \u00f5\u00f5tsub universum, kiigub ilm. Aeg on<\/p>\n","protected":false},"featured_media":40469,"template":"","meta":{"_acf_changed":false},"product_brand":[],"product_cat":[435],"product_tag":[],"class_list":{"0":"post-40936","1":"product","2":"type-product","3":"status-publish","4":"has-post-thumbnail","6":"product_cat-kevadoksjon-2026","7":"auction-is-open","9":"first","10":"instock","11":"shipping-taxable","12":"purchasable","13":"product-type-auction"},"acf":[],"_links":{"self":[{"href":"https:\/\/alleegalerii.ee\/en\/wp-json\/wp\/v2\/product\/40936","targetHints":{"allow":["GET"]}}],"collection":[{"href":"https:\/\/alleegalerii.ee\/en\/wp-json\/wp\/v2\/product"}],"about":[{"href":"https:\/\/alleegalerii.ee\/en\/wp-json\/wp\/v2\/types\/product"}],"wp:featuredmedia":[{"embeddable":true,"href":"https:\/\/alleegalerii.ee\/en\/wp-json\/wp\/v2\/media\/40469"}],"wp:attachment":[{"href":"https:\/\/alleegalerii.ee\/en\/wp-json\/wp\/v2\/media?parent=40936"}],"wp:term":[{"taxonomy":"product_brand","embeddable":true,"href":"https:\/\/alleegalerii.ee\/en\/wp-json\/wp\/v2\/product_brand?post=40936"},{"taxonomy":"product_cat","embeddable":true,"href":"https:\/\/alleegalerii.ee\/en\/wp-json\/wp\/v2\/product_cat?post=40936"},{"taxonomy":"product_tag","embeddable":true,"href":"https:\/\/alleegalerii.ee\/en\/wp-json\/wp\/v2\/product_tag?post=40936"}],"curies":[{"name":"wp","href":"https:\/\/api.w.org\/{rel}","templated":true}]}}