{"id":40933,"date":"2026-04-15T13:02:43","date_gmt":"2026-04-15T10:02:43","guid":{"rendered":"https:\/\/alleegalerii.ee\/?post_type=product&#038;p=40933"},"modified":"2026-04-16T15:34:44","modified_gmt":"2026-04-16T12:34:44","slug":"138-erich-pehap-esinejad","status":"publish","type":"product","link":"https:\/\/alleegalerii.ee\/en\/shop\/138-erich-pehap-esinejad\/","title":{"rendered":"138. Erich Pehap \u201cPerformers\u201d"},"content":{"rendered":"<div class=\"wpb-content-wrapper\"><p>[vc_row][vc_column][vc_column_text css=&#8221;&#8221; woodmart_inline=&#8221;no&#8221; text_larger=&#8221;no&#8221;]<\/p>\n<h5>\u00d5li tugeval papil. 1953.<br \/>\nAll paremal: Eric Pehap 53<\/h5>\n<p><span style=\"font-weight: 400;\">Erich Pehap (1912-1981), kes juba enne II maailmas\u00f5da noore Pallase l\u00f5petajana endale nime tegi, j\u00e4tkas karj\u00e4\u00e4ri ka paguluses, asudes peale m\u00f5nda aastat Rootsis 1949. aastal Kanadasse, kus temast kujunes \u00fcks rahvusvaheliselt k\u00f5ige auhinnatumaid pagulaskunstnikke.\u00a0<\/span><\/p>\n<p><span style=\"font-weight: 400;\">Laval esinevat flamenkoansamblit kujutava \u00f5limaali peategelaseks on sellele tantsule iseloomulikus poosis tantsijatar ja kastanjette ettesirutatud k\u00e4tes hoidev mees(tantsija). Ka pillimeeste duo on v\u00e4ga karakteerne, nii oma poosis kui v\u00e4ljenduslikkuses. Maali esteetikas kumab aga vastu 1950. aastate muusikalide v\u00e4ljakutsuvat, erootikaga flirtivat vambilikku glamuuri (tantsitari make up, paljastatud jalad ja \u00f5lad).<\/span><\/p>\n<p style=\"text-align: right;\"><span style=\"font-weight: 400;\">Tekst: Harry Liivrand<\/span><\/p>\n<p>[\/vc_column_text][\/vc_column][\/vc_row]<\/p>\n<\/div>","protected":false},"excerpt":{"rendered":"<p>[vc_row][vc_column][vc_column_text css=&#8221;&#8221; woodmart_inline=&#8221;no&#8221; text_larger=&#8221;no&#8221;] \u00d5li tugeval papil. 1953. All paremal: Eric Pehap 53 Erich Pehap (1912-1981), kes juba enne II<\/p>\n","protected":false},"featured_media":40463,"template":"","meta":{"_acf_changed":false},"product_brand":[],"product_cat":[435],"product_tag":[],"class_list":{"0":"post-40933","1":"product","2":"type-product","3":"status-publish","4":"has-post-thumbnail","6":"product_cat-kevadoksjon-2026","7":"auction-is-open","9":"first","10":"instock","11":"shipping-taxable","12":"purchasable","13":"product-type-auction"},"acf":[],"_links":{"self":[{"href":"https:\/\/alleegalerii.ee\/en\/wp-json\/wp\/v2\/product\/40933","targetHints":{"allow":["GET"]}}],"collection":[{"href":"https:\/\/alleegalerii.ee\/en\/wp-json\/wp\/v2\/product"}],"about":[{"href":"https:\/\/alleegalerii.ee\/en\/wp-json\/wp\/v2\/types\/product"}],"wp:featuredmedia":[{"embeddable":true,"href":"https:\/\/alleegalerii.ee\/en\/wp-json\/wp\/v2\/media\/40463"}],"wp:attachment":[{"href":"https:\/\/alleegalerii.ee\/en\/wp-json\/wp\/v2\/media?parent=40933"}],"wp:term":[{"taxonomy":"product_brand","embeddable":true,"href":"https:\/\/alleegalerii.ee\/en\/wp-json\/wp\/v2\/product_brand?post=40933"},{"taxonomy":"product_cat","embeddable":true,"href":"https:\/\/alleegalerii.ee\/en\/wp-json\/wp\/v2\/product_cat?post=40933"},{"taxonomy":"product_tag","embeddable":true,"href":"https:\/\/alleegalerii.ee\/en\/wp-json\/wp\/v2\/product_tag?post=40933"}],"curies":[{"name":"wp","href":"https:\/\/api.w.org\/{rel}","templated":true}]}}