{"id":40932,"date":"2026-04-15T13:32:13","date_gmt":"2026-04-15T10:32:13","guid":{"rendered":"https:\/\/alleegalerii.ee\/?post_type=product&#038;p=40932"},"modified":"2026-04-16T16:34:40","modified_gmt":"2026-04-16T13:34:40","slug":"188-eduard-wiiralt-aktid-maastikus","status":"publish","type":"product","link":"https:\/\/alleegalerii.ee\/en\/shop\/188-eduard-wiiralt-aktid-maastikus\/","title":{"rendered":"188. Eduard Wiiralt \u201cNudes in the Landscape\u201d"},"content":{"rendered":"<div class=\"wpb-content-wrapper\"><p>[vc_row][vc_column][vc_column_text css=&#8221;&#8221; woodmart_inline=&#8221;no&#8221; text_larger=&#8221;no&#8221;]<\/p>\n<h5>Pehmelakk paberil. 1934.<br \/>\nAll paremal plaadil: WIIRALT IX 1934<br \/>\nAll paremal: E. Wiiralt<\/h5>\n<p>\u201cAktid maastikus\u201d kuulub aega, mil Eduard Wiiralti (1898-1954) looming muutus klassikalisemaks ja harmoonilisemaks. Kunstnik t\u00f6\u00f6tas teose kallal kaua, mille t\u00f5estuseks on erinevad kavandiversioonid teosest Eesti Kunstimuuseumi kollektsioonis.<\/p>\n<p>Wiiralt on teoses \u00fchendanud kaks talle olulist temaatikat: inimese ja looduse. Acad\u00e9mie de La Grande Chaumi\u00e8re\u2019is valminud loodusvaated ning aktikrokiid sulandas kunstnik pehmelakis \u00fcheks v\u00f5luvaks kompositsiooniks, justkui s\u00f5numina, et inimene ja loodus on \u00fcks. Naisaktide voolavate joontega vormid korduvad v\u00e4\u00e4nduvaid taimi t\u00e4is puut\u00fcvel, lopsakas loodus tuules sahisevate puulehtedega omakorda kopeerib naiste \u00f5rnust.<\/p>\n<p style=\"text-align: right;\">Tekst: Katre Palm<\/p>\n<p>[\/vc_column_text][\/vc_column][\/vc_row]<\/p>\n<\/div>","protected":false},"excerpt":{"rendered":"<p>[vc_row][vc_column][vc_column_text css=&#8221;&#8221; woodmart_inline=&#8221;no&#8221; text_larger=&#8221;no&#8221;] Pehmelakk paberil. 1934. All paremal plaadil: WIIRALT IX 1934 All paremal: E. Wiiralt \u201cAktid maastikus\u201d kuulub<\/p>\n","protected":false},"featured_media":39955,"template":"","meta":{"_acf_changed":false},"product_brand":[],"product_cat":[435],"product_tag":[],"class_list":{"0":"post-40932","1":"product","2":"type-product","3":"status-publish","4":"has-post-thumbnail","6":"product_cat-kevadoksjon-2026","7":"auction-is-open","9":"first","10":"instock","11":"shipping-taxable","12":"purchasable","13":"product-type-auction"},"acf":[],"_links":{"self":[{"href":"https:\/\/alleegalerii.ee\/en\/wp-json\/wp\/v2\/product\/40932","targetHints":{"allow":["GET"]}}],"collection":[{"href":"https:\/\/alleegalerii.ee\/en\/wp-json\/wp\/v2\/product"}],"about":[{"href":"https:\/\/alleegalerii.ee\/en\/wp-json\/wp\/v2\/types\/product"}],"wp:featuredmedia":[{"embeddable":true,"href":"https:\/\/alleegalerii.ee\/en\/wp-json\/wp\/v2\/media\/39955"}],"wp:attachment":[{"href":"https:\/\/alleegalerii.ee\/en\/wp-json\/wp\/v2\/media?parent=40932"}],"wp:term":[{"taxonomy":"product_brand","embeddable":true,"href":"https:\/\/alleegalerii.ee\/en\/wp-json\/wp\/v2\/product_brand?post=40932"},{"taxonomy":"product_cat","embeddable":true,"href":"https:\/\/alleegalerii.ee\/en\/wp-json\/wp\/v2\/product_cat?post=40932"},{"taxonomy":"product_tag","embeddable":true,"href":"https:\/\/alleegalerii.ee\/en\/wp-json\/wp\/v2\/product_tag?post=40932"}],"curies":[{"name":"wp","href":"https:\/\/api.w.org\/{rel}","templated":true}]}}