{"id":40929,"date":"2026-04-15T14:01:53","date_gmt":"2026-04-15T11:01:53","guid":{"rendered":"https:\/\/alleegalerii.ee\/?post_type=product&#038;p=40929"},"modified":"2026-04-16T16:44:52","modified_gmt":"2026-04-16T13:44:52","slug":"213-edgar-valter-punaste-traksidega-koer","status":"publish","type":"product","link":"https:\/\/alleegalerii.ee\/en\/shop\/213-edgar-valter-punaste-traksidega-koer\/","title":{"rendered":"213. Edgar Valter \u201cDog with Red Suspenders\u201d"},"content":{"rendered":"<div class=\"wpb-content-wrapper\"><p>[vc_row][vc_column][vc_column_text css=&#8221;&#8221; woodmart_inline=&#8221;no&#8221; text_larger=&#8221;no&#8221;]<\/p>\n<h5>\u00d5li paberil. 1984.<\/h5>\n<p>Edgar Valter (1929-2006) armastas loomi ning \u00fched tema suurimad lemmikud, keda sageli ka joonistustel n\u00e4ha v\u00f5ime, olid koerad. Ent Valteri maalidel esineb koeri harva, mist\u00f5ttu on eriline hea meel \u00fcht neist esitleda &#8211; eriti veel raamatu kaanestaarina (Kalju Kangur \u201cPunaste traksidega koer\u201d, 1984).<\/p>\n<p>\u00dchelt poolt on Valter sel maalil natuuritruu, teisalt aga j\u00e4tab punaste traksidega koer mulje pehmest koeranukust, mida ihkaks endale iga v\u00e4ike laps. Koer on \u00fchtaegu siin elus loom ja muinasjututegelane, kelle mustad n\u00f6\u00f6psilmad istutavad end oma s\u00fc\u00fctu olemusega otse vaataja s\u00fcdamesse.<\/p>\n<p>Lisaks demonstreerib Valter meile oskust luua maaliliselt perfektne l\u00f5pptulemus vaid paari-kolme v\u00e4rviga, opereerides p\u00f5hiv\u00e4rvina pruuniga. Ja nagu Valdur Ohakaski, t\u00f5estab ta, et pruun toon on n\u00fcansirikas, soe ja kaunis, mis meistri k\u00e4e all muudab l\u00f5uendi elavaks.<\/p>\n<p>Teosega kaasneb Kalju Kanguri raamat &#8220;Punaste traksidega koer&#8221;.<\/p>\n<p style=\"text-align: right;\">Tekst: Harry Liivrand<\/p>\n<p>[\/vc_column_text][\/vc_column][\/vc_row]<\/p>\n<\/div>","protected":false},"excerpt":{"rendered":"<p>[vc_row][vc_column][vc_column_text css=&#8221;&#8221; woodmart_inline=&#8221;no&#8221; text_larger=&#8221;no&#8221;] \u00d5li paberil. 1984. Edgar Valter (1929-2006) armastas loomi ning \u00fched tema suurimad lemmikud, keda sageli ka<\/p>\n","protected":false},"featured_media":39420,"template":"","meta":{"_acf_changed":false},"product_brand":[],"product_cat":[435],"product_tag":[],"class_list":{"0":"post-40929","1":"product","2":"type-product","3":"status-publish","4":"has-post-thumbnail","6":"product_cat-kevadoksjon-2026","7":"auction-is-open","9":"first","10":"instock","11":"shipping-taxable","12":"purchasable","13":"product-type-auction"},"acf":[],"_links":{"self":[{"href":"https:\/\/alleegalerii.ee\/en\/wp-json\/wp\/v2\/product\/40929","targetHints":{"allow":["GET"]}}],"collection":[{"href":"https:\/\/alleegalerii.ee\/en\/wp-json\/wp\/v2\/product"}],"about":[{"href":"https:\/\/alleegalerii.ee\/en\/wp-json\/wp\/v2\/types\/product"}],"wp:featuredmedia":[{"embeddable":true,"href":"https:\/\/alleegalerii.ee\/en\/wp-json\/wp\/v2\/media\/39420"}],"wp:attachment":[{"href":"https:\/\/alleegalerii.ee\/en\/wp-json\/wp\/v2\/media?parent=40929"}],"wp:term":[{"taxonomy":"product_brand","embeddable":true,"href":"https:\/\/alleegalerii.ee\/en\/wp-json\/wp\/v2\/product_brand?post=40929"},{"taxonomy":"product_cat","embeddable":true,"href":"https:\/\/alleegalerii.ee\/en\/wp-json\/wp\/v2\/product_cat?post=40929"},{"taxonomy":"product_tag","embeddable":true,"href":"https:\/\/alleegalerii.ee\/en\/wp-json\/wp\/v2\/product_tag?post=40929"}],"curies":[{"name":"wp","href":"https:\/\/api.w.org\/{rel}","templated":true}]}}