{"id":40927,"date":"2026-04-15T13:58:10","date_gmt":"2026-04-15T10:58:10","guid":{"rendered":"https:\/\/alleegalerii.ee\/?post_type=product&#038;p=40927"},"modified":"2026-04-16T16:40:02","modified_gmt":"2026-04-16T13:40:02","slug":"202-priidu-aavik-kalurid","status":"publish","type":"product","link":"https:\/\/alleegalerii.ee\/en\/shop\/202-priidu-aavik-kalurid\/","title":{"rendered":"202. Priidu Aavik \u201cFishermen\u201d"},"content":{"rendered":"<div class=\"wpb-content-wrapper\"><p>[vc_row][vc_column][vc_column_text css=&#8221;&#8221; woodmart_inline=&#8221;no&#8221; text_larger=&#8221;no&#8221;]<\/p>\n<h5>\u00d5li kartongil. 1963.<br \/>\nAll vasakul: P. A. 63<\/h5>\n<p style=\"text-align: right;\">\u201cSiin ja praegu<br \/>\nkutsun ma vee algelementi,<br \/>\nl\u00f5pmatute kujude ja vormide voogu,<br \/>\nkohanemise, tunnete, elu virdavat allikat.<br \/>\nOtsin puhast sisemist l\u00e4tet,<br \/>\nkust v\u00f5iksin s\u00fcvitsi juua<br \/>\nmuutusi, suhteid, kosutust, armu.\u201d<\/p>\n<p style=\"text-align: right;\">Katkend Doris Kareva luuletusest \u201cVesi I\u201d<\/p>\n<p>Priidu Aavik (1905-1991), kes oli ka ise kirglik meremees, tundis h\u00e4sti nii merd ennast kui selle \u00e4\u00e4res elava rannarahva igap\u00e4evaelu. T\u00f6\u00f6tades 1960ndatel nii maailmameredel seilanud kalalaeval kui kodusel L\u00e4\u00e4nemerel, kujutas ta kalurite t\u00f6\u00f6 telgitagust elu otse ja varjamata, samas j\u00e4ttes sellesse mereeluga kokkuk\u00e4ivat poeesiat.<\/p>\n<p>Sarnaselt Eesti Kunstimuuseumi kogusse kuuluva \u201cTraaliga\u201d (1967-1968), n\u00e4eme ka \u201cKalurites\u201d Aaviku oivalist figuurik\u00e4sitlust, oskust tabada s\u00fcnergiat inimese ja mere r\u00fctmides &#8211; loodus ja mees k\u00e4sik\u00e4es. M\u00f6llavatest lainetest v\u00f5rku v\u00e4lja tirivates kalurites on eepilist j\u00f5udu ja vankumatut energiat &#8211; nende kummardunud figuurid annavad edasi meeste vilumust ja keskendumist k\u00e4es olevale \u00fclesandele.<\/p>\n<p>Selle vahetu ja karge stseeni m\u00f5ju v\u00f5imendavad sinakas-hallide meretoonide taustal esile t\u00f5usev paat ning laineharjade valgelt m\u00f6llav vaht. Aavik on suutnud v\u00e4ltida liigset sentimentaalsust, eelistades ausat ja maaliliselt j\u00f5ulist k\u00e4sitlust, mis t\u00f5stab igap\u00e4evase kalap\u00fc\u00fcgi v\u00e4ge t\u00e4is kunstiliseks kujundiks.<\/p>\n<p style=\"text-align: right;\">Tekst: Katre Palm<\/p>\n<p>[\/vc_column_text][\/vc_column][\/vc_row]<\/p>\n<\/div>","protected":false},"excerpt":{"rendered":"<p>[vc_row][vc_column][vc_column_text css=&#8221;&#8221; woodmart_inline=&#8221;no&#8221; text_larger=&#8221;no&#8221;] \u00d5li kartongil. 1963. All vasakul: P. A. 63 \u201cSiin ja praegu kutsun ma vee algelementi, l\u00f5pmatute<\/p>\n","protected":false},"featured_media":38739,"template":"","meta":{"_acf_changed":false},"product_brand":[],"product_cat":[435],"product_tag":[],"class_list":{"0":"post-40927","1":"product","2":"type-product","3":"status-publish","4":"has-post-thumbnail","6":"product_cat-kevadoksjon-2026","7":"auction-is-open","9":"first","10":"instock","11":"shipping-taxable","12":"purchasable","13":"product-type-auction"},"acf":[],"_links":{"self":[{"href":"https:\/\/alleegalerii.ee\/en\/wp-json\/wp\/v2\/product\/40927","targetHints":{"allow":["GET"]}}],"collection":[{"href":"https:\/\/alleegalerii.ee\/en\/wp-json\/wp\/v2\/product"}],"about":[{"href":"https:\/\/alleegalerii.ee\/en\/wp-json\/wp\/v2\/types\/product"}],"wp:featuredmedia":[{"embeddable":true,"href":"https:\/\/alleegalerii.ee\/en\/wp-json\/wp\/v2\/media\/38739"}],"wp:attachment":[{"href":"https:\/\/alleegalerii.ee\/en\/wp-json\/wp\/v2\/media?parent=40927"}],"wp:term":[{"taxonomy":"product_brand","embeddable":true,"href":"https:\/\/alleegalerii.ee\/en\/wp-json\/wp\/v2\/product_brand?post=40927"},{"taxonomy":"product_cat","embeddable":true,"href":"https:\/\/alleegalerii.ee\/en\/wp-json\/wp\/v2\/product_cat?post=40927"},{"taxonomy":"product_tag","embeddable":true,"href":"https:\/\/alleegalerii.ee\/en\/wp-json\/wp\/v2\/product_tag?post=40927"}],"curies":[{"name":"wp","href":"https:\/\/api.w.org\/{rel}","templated":true}]}}