{"id":40925,"date":"2026-04-15T13:59:25","date_gmt":"2026-04-15T10:59:25","guid":{"rendered":"https:\/\/alleegalerii.ee\/?post_type=product&#038;p=40925"},"modified":"2026-04-16T16:41:45","modified_gmt":"2026-04-16T13:41:45","slug":"206-malle-leis-horisondid-iii","status":"publish","type":"product","link":"https:\/\/alleegalerii.ee\/en\/shop\/206-malle-leis-horisondid-iii\/","title":{"rendered":"206. Malle Leis \u201cHorizons III\u201d"},"content":{"rendered":"<div class=\"wpb-content-wrapper\"><p>[vc_row][vc_column][vc_column_text css=&#8221;&#8221; woodmart_inline=&#8221;no&#8221; text_larger=&#8221;no&#8221;]<\/p>\n<h5>Serigraafia paberil. 2000.<br \/>\nAll paremal: Horisondid III AP I M. Leis 2000<\/h5>\n<p style=\"text-align: right;\">\u201cTee \u00e4\u00e4rest korjasin tundmatuid taimi,<br \/>\nmis l\u00f5hnasid nagu m\u00f5te.<br \/>\nKeetsin neist teed.\u201d<\/p>\n<p style=\"text-align: right;\">Katkend Doris Kareva luuletusest \u201cSiirderiitus\u201d<\/p>\n<p>Malle Leisi\u00a0 (1940-2017) loomingus muutuvad loodusvormid iseseisvateks kujunditeks, mis v\u00f5tavad kunstniku jaoks v\u00e4ga isikliku, sooja ja inimliku kuju. 2000. aastal Kunstihoone galeriis toimunud n\u00e4itusel \u201eHorisondid ja h\u00e4\u00e4led\u201c, kus osales ka k\u00e4esolev teos, saatis Leisi loomingut heliinstallatsioon, mille oli kokku s\u00e4ttinud kunstniku abikaasa Villu J\u00f5geva. Suvine putukate sumin sobis h\u00e4sti ilmestama Leisi vabast ja metsikust loodusest inspireeritud teoseid, mille m\u00e4rks\u00f5nadeks olid vabadus ning minna laskmine. Omamoodi h\u00fcvastij\u00e4tt oli see ka kunstniku pikale serigraafiate perioodile, mis antud n\u00e4itusega siiditr\u00fckile l\u00f5puakordi tegi.<\/p>\n<p>\u201eHorisondid III\u201c p\u00f5hineb kontrastil musta pinna ja valgete taimemotiivide vahel. Niitpeenelt kujutatud k\u00f5rrelised moodustavad tumeda \u00f6\u00f6 taustal tiheda, r\u00fctmilise struktuuri, mida ergastava aktsendina elavdavad punased maasikad, millele Leis samuti kannab kuuvalguse jaheda loori. Taamal m\u00e4rkame aga kunstnikule omast aiamotiivi, mida ta kasutas nii oma Tallinna koduaknast avanevatel vaadetel kui V\u00f5rumaast inspireeritud teostel.<\/p>\n<p style=\"text-align: right;\">Tekst: Katre Palm<\/p>\n<p>[\/vc_column_text][\/vc_column][\/vc_row]<\/p>\n<\/div>","protected":false},"excerpt":{"rendered":"<p>[vc_row][vc_column][vc_column_text css=&#8221;&#8221; woodmart_inline=&#8221;no&#8221; text_larger=&#8221;no&#8221;] Serigraafia paberil. 2000. All paremal: Horisondid III AP I M. Leis 2000 \u201cTee \u00e4\u00e4rest korjasin tundmatuid<\/p>\n","protected":false},"featured_media":38764,"template":"","meta":{"_acf_changed":false},"product_brand":[],"product_cat":[435],"product_tag":[],"class_list":{"0":"post-40925","1":"product","2":"type-product","3":"status-publish","4":"has-post-thumbnail","6":"product_cat-kevadoksjon-2026","7":"auction-is-open","9":"first","10":"instock","11":"shipping-taxable","12":"purchasable","13":"product-type-auction"},"acf":[],"_links":{"self":[{"href":"https:\/\/alleegalerii.ee\/en\/wp-json\/wp\/v2\/product\/40925","targetHints":{"allow":["GET"]}}],"collection":[{"href":"https:\/\/alleegalerii.ee\/en\/wp-json\/wp\/v2\/product"}],"about":[{"href":"https:\/\/alleegalerii.ee\/en\/wp-json\/wp\/v2\/types\/product"}],"wp:featuredmedia":[{"embeddable":true,"href":"https:\/\/alleegalerii.ee\/en\/wp-json\/wp\/v2\/media\/38764"}],"wp:attachment":[{"href":"https:\/\/alleegalerii.ee\/en\/wp-json\/wp\/v2\/media?parent=40925"}],"wp:term":[{"taxonomy":"product_brand","embeddable":true,"href":"https:\/\/alleegalerii.ee\/en\/wp-json\/wp\/v2\/product_brand?post=40925"},{"taxonomy":"product_cat","embeddable":true,"href":"https:\/\/alleegalerii.ee\/en\/wp-json\/wp\/v2\/product_cat?post=40925"},{"taxonomy":"product_tag","embeddable":true,"href":"https:\/\/alleegalerii.ee\/en\/wp-json\/wp\/v2\/product_tag?post=40925"}],"curies":[{"name":"wp","href":"https:\/\/api.w.org\/{rel}","templated":true}]}}