{"id":40921,"date":"2026-04-15T10:07:14","date_gmt":"2026-04-15T07:07:14","guid":{"rendered":"https:\/\/alleegalerii.ee\/?post_type=product&#038;p=40921"},"modified":"2026-04-16T15:23:39","modified_gmt":"2026-04-16T12:23:39","slug":"112-varmo-pirk-abstraktsioon","status":"publish","type":"product","link":"https:\/\/alleegalerii.ee\/en\/shop\/112-varmo-pirk-abstraktsioon\/","title":{"rendered":"112. Varmo Pirk \u201cAbstraction\u201d"},"content":{"rendered":"<div class=\"wpb-content-wrapper\"><p>[vc_row][vc_column][vc_column_text css=&#8221;&#8221; woodmart_inline=&#8221;no&#8221; text_larger=&#8221;no&#8221;]<\/p>\n<h5>\u00d5li kartongil. 1959.<br \/>\nAll vasakul: Varmo Pirk 959<br \/>\nP\u00f6\u00f6rdel: Varmo Pirk 1959 &#8220;Abstraktsioon&#8221;<\/h5>\n<p>1950. aastate l\u00f5pp t\u00e4histab Varmo Pirgi (1913-1980) t\u00f6\u00f6des perioodi, mil abstraktsioon muutub \u00fcha teadlikumaks kompositsiooniliseks valikuks. See oli aeg, mil eesti maal oli juba vabanenud kanoniseeritud kunstik\u00e4sitlusest ning Moskvas n\u00e4idatud USA abstraktse kunsti ja pallasliku maalikooli rehabiliteerimise k\u00f5rval katsetati agaralt ka muudes v\u00e4ljendusviisides.<\/p>\n<p>Pirgi kaunis, klassikaliselt tasakaalustatud abstraktne kompositsioon reedab heas m\u00f5ttes kolorismi hindavat Pallase kooli. D\u00fcnaamiline maalipind tuletab meelde tohutu kiirusega keerlevat tantsupidu sadade paaridega, ent seos ameerika abstraktse ekspressionismiga on ikkagi tugev.<\/p>\n<p style=\"text-align: right;\">Tekst: Harry Liivrand<\/p>\n<p>[\/vc_column_text][\/vc_column][\/vc_row]<\/p>\n<\/div>","protected":false},"excerpt":{"rendered":"<p>[vc_row][vc_column][vc_column_text css=&#8221;&#8221; woodmart_inline=&#8221;no&#8221; text_larger=&#8221;no&#8221;] \u00d5li kartongil. 1959. All vasakul: Varmo Pirk 959 P\u00f6\u00f6rdel: Varmo Pirk 1959 &#8220;Abstraktsioon&#8221; 1950. aastate l\u00f5pp<\/p>\n","protected":false},"featured_media":39570,"template":"","meta":{"_acf_changed":false},"product_brand":[],"product_cat":[435],"product_tag":[],"class_list":{"0":"post-40921","1":"product","2":"type-product","3":"status-publish","4":"has-post-thumbnail","6":"product_cat-kevadoksjon-2026","7":"auction-is-open","9":"first","10":"instock","11":"shipping-taxable","12":"purchasable","13":"product-type-auction"},"acf":[],"_links":{"self":[{"href":"https:\/\/alleegalerii.ee\/en\/wp-json\/wp\/v2\/product\/40921","targetHints":{"allow":["GET"]}}],"collection":[{"href":"https:\/\/alleegalerii.ee\/en\/wp-json\/wp\/v2\/product"}],"about":[{"href":"https:\/\/alleegalerii.ee\/en\/wp-json\/wp\/v2\/types\/product"}],"wp:featuredmedia":[{"embeddable":true,"href":"https:\/\/alleegalerii.ee\/en\/wp-json\/wp\/v2\/media\/39570"}],"wp:attachment":[{"href":"https:\/\/alleegalerii.ee\/en\/wp-json\/wp\/v2\/media?parent=40921"}],"wp:term":[{"taxonomy":"product_brand","embeddable":true,"href":"https:\/\/alleegalerii.ee\/en\/wp-json\/wp\/v2\/product_brand?post=40921"},{"taxonomy":"product_cat","embeddable":true,"href":"https:\/\/alleegalerii.ee\/en\/wp-json\/wp\/v2\/product_cat?post=40921"},{"taxonomy":"product_tag","embeddable":true,"href":"https:\/\/alleegalerii.ee\/en\/wp-json\/wp\/v2\/product_tag?post=40921"}],"curies":[{"name":"wp","href":"https:\/\/api.w.org\/{rel}","templated":true}]}}