{"id":40917,"date":"2026-04-15T13:00:27","date_gmt":"2026-04-15T10:00:27","guid":{"rendered":"https:\/\/alleegalerii.ee\/?post_type=product&#038;p=40917"},"modified":"2026-04-16T15:32:09","modified_gmt":"2026-04-16T12:32:09","slug":"131-nikolai-kormasov-mootorrataste-voidusoit","status":"publish","type":"product","link":"https:\/\/alleegalerii.ee\/en\/shop\/131-nikolai-kormasov-mootorrataste-voidusoit\/","title":{"rendered":"131. Nikolai Korma\u0161ov \u201cMotorcycle Race\u201d"},"content":{"rendered":"<div class=\"wpb-content-wrapper\"><p>[vc_row][vc_column][vc_column_text css=&#8221;&#8221; woodmart_inline=&#8221;no&#8221; text_larger=&#8221;no&#8221;]<\/p>\n<h5>\u00d5li kartongil. 1959-60.<br \/>\nP\u00f6\u00f6rdel: Korma\u0161ov &#8220;\u041c\u043e\u0442\u043e\u0433\u043e\u043d\u043a\u0438&#8221; 1:2 (1959-60)<\/h5>\n<p>1950ndate l\u00f5pul elas Nikolai Korma\u0161ov (1929-2012) perega Kosel ja mootorrataste v\u00f5idus\u00f5it Kloostrimetsa ringrajal oli nende jaoks pea igap\u00e4evane suvine vaatem\u00e4ng. V\u00f5istlused meelitasid ligi rohkearvulise publiku. Tuldi jalgratastega ning jala, veedeti p\u00e4ev m\u00e4ndide all liivikutel, sportlastele kaasa elades.<\/p>\n<p>Korma\u0161ovi jaoks pakkusid looduses sagiv rahvahulk ja kiirelt kihutavad mootorratturid p\u00f5nevat maaliainest. Valides atmosf\u00e4\u00e4rile vastava ekspressiivse kujutluslaadi, viib ta vaataja otse melu keskele. Tihedalt lugusid t\u00e4is stseeni jaotab kunstnik sektoritesse, nii et tekib mitu erinevat jutustusliini, millest ehk intiimseim on v\u00e4ike motos\u00f5ber, kes esiplaanil ema s\u00fcles andunult s\u00f5itu j\u00e4lgib. Mine tea, ehk on ta modelliks kasutanud iseenda poega ja abikaasat?<\/p>\n<p style=\"text-align: right;\">Tekst: Mai Levin, Katre Palm<\/p>\n<p>[\/vc_column_text][\/vc_column][\/vc_row]<\/p>\n<\/div>","protected":false},"excerpt":{"rendered":"<p>[vc_row][vc_column][vc_column_text css=&#8221;&#8221; woodmart_inline=&#8221;no&#8221; text_larger=&#8221;no&#8221;] \u00d5li kartongil. 1959-60. P\u00f6\u00f6rdel: Korma\u0161ov &#8220;\u041c\u043e\u0442\u043e\u0433\u043e\u043d\u043a\u0438&#8221; 1:2 (1959-60) 1950ndate l\u00f5pul elas Nikolai Korma\u0161ov (1929-2012) perega Kosel<\/p>\n","protected":false},"featured_media":39154,"template":"","meta":{"_acf_changed":false},"product_brand":[],"product_cat":[435],"product_tag":[],"class_list":{"0":"post-40917","1":"product","2":"type-product","3":"status-publish","4":"has-post-thumbnail","6":"product_cat-kevadoksjon-2026","7":"auction-is-open","8":"current-user-is-not-highest-bidder","10":"first","11":"instock","12":"shipping-taxable","13":"purchasable","14":"product-type-auction"},"acf":[],"_links":{"self":[{"href":"https:\/\/alleegalerii.ee\/en\/wp-json\/wp\/v2\/product\/40917","targetHints":{"allow":["GET"]}}],"collection":[{"href":"https:\/\/alleegalerii.ee\/en\/wp-json\/wp\/v2\/product"}],"about":[{"href":"https:\/\/alleegalerii.ee\/en\/wp-json\/wp\/v2\/types\/product"}],"wp:featuredmedia":[{"embeddable":true,"href":"https:\/\/alleegalerii.ee\/en\/wp-json\/wp\/v2\/media\/39154"}],"wp:attachment":[{"href":"https:\/\/alleegalerii.ee\/en\/wp-json\/wp\/v2\/media?parent=40917"}],"wp:term":[{"taxonomy":"product_brand","embeddable":true,"href":"https:\/\/alleegalerii.ee\/en\/wp-json\/wp\/v2\/product_brand?post=40917"},{"taxonomy":"product_cat","embeddable":true,"href":"https:\/\/alleegalerii.ee\/en\/wp-json\/wp\/v2\/product_cat?post=40917"},{"taxonomy":"product_tag","embeddable":true,"href":"https:\/\/alleegalerii.ee\/en\/wp-json\/wp\/v2\/product_tag?post=40917"}],"curies":[{"name":"wp","href":"https:\/\/api.w.org\/{rel}","templated":true}]}}