{"id":40916,"date":"2026-04-15T14:00:15","date_gmt":"2026-04-15T11:00:15","guid":{"rendered":"https:\/\/alleegalerii.ee\/?post_type=product&#038;p=40916"},"modified":"2026-04-16T16:43:24","modified_gmt":"2026-04-16T13:43:24","slug":"209-eevart-arrak-rock-n-roll","status":"publish","type":"product","link":"https:\/\/alleegalerii.ee\/en\/shop\/209-eevart-arrak-rock-n-roll\/","title":{"rendered":"209. Eevart Arrak \"Rock 'n' Roll\""},"content":{"rendered":"<div class=\"wpb-content-wrapper\"><p>[vc_row][vc_column][vc_column_text css=&#8221;&#8221; woodmart_inline=&#8221;no&#8221; text_larger=&#8221;no&#8221;]<\/p>\n<h5>\u00d5li l\u00f5uendil. 1975.<br \/>\nAll vasakul: EArrak 75<\/h5>\n<p><span style=\"font-weight: 400;\">Volbri\u00f6\u00f6d on eesti kunstis maalitud v\u00e4he, ent oli selle t\u00e4histamine ju ka n\u00f5ukogude ajal keelatud. Seda enam on hindamisv\u00e4\u00e4rt noortekultuuri taustale paigutuv Eevart Arraku (1936-2014) vastava temaatikaga maal, mis pealegi sisaldab olulist s\u00f5numi kodeerijat &#8211; keelum\u00e4rki.<\/span><\/p>\n<p><span style=\"font-weight: 400;\">Stiliseeritud, tasapinnalised figuraalkompositsioonid moodustavad Arraku loomingus kandva osa ning nendes kajab olmelisel tasandil alati vastu ajastu n\u00e4gu. Ka see maal on \u00e4ratuntav kui m\u00e4lestus 1970ndatest, mil kanti alt laiu p\u00fckse, platvormkingi, maksikleite ja noormehed pikki juukseid. Rock\u00b4n\u00b4roll kui noorte muusikasuund on sellega kongeniaalses seoses nagu ka vastavad tantsuliigutused.\u00a0<\/span><\/p>\n<p><span style=\"font-weight: 400;\">Arrak asetab Tartu tudengite volbri\u00f6\u00f6 tantsupeo linnat\u00e4navale kui toona lubamatule peokohale, protestina n\u00f5ukogude keeldude vastu. Kuid maali teine m\u00f5tteline intriig seisneb\u00a0 tantsijate keskele sattunud alasti naisfiguuris. Poeetilise nooruse s\u00fcmbolina t\u00f5lgendatav naisakt on Eesti kunstis harva kohatav ning teeb maali kontseptuaalselt v\u00e4ga eriliseks.\u00a0<\/span><\/p>\n<p style=\"text-align: right;\"><span style=\"font-weight: 400;\">Tekst: Harry Liivrand<\/span><\/p>\n<p>[\/vc_column_text][\/vc_column][\/vc_row]<\/p>\n<\/div>","protected":false},"excerpt":{"rendered":"<p>[vc_row][vc_column][vc_column_text css=&#8221;&#8221; woodmart_inline=&#8221;no&#8221; text_larger=&#8221;no&#8221;] \u00d5li l\u00f5uendil. 1975. All vasakul: EArrak 75 Volbri\u00f6\u00f6d on eesti kunstis maalitud v\u00e4he, ent oli selle<\/p>\n","protected":false},"featured_media":38712,"template":"","meta":{"_acf_changed":false},"product_brand":[],"product_cat":[435],"product_tag":[],"class_list":{"0":"post-40916","1":"product","2":"type-product","3":"status-publish","4":"has-post-thumbnail","6":"product_cat-kevadoksjon-2026","7":"auction-is-open","9":"first","10":"instock","11":"shipping-taxable","12":"purchasable","13":"product-type-auction"},"acf":[],"_links":{"self":[{"href":"https:\/\/alleegalerii.ee\/en\/wp-json\/wp\/v2\/product\/40916","targetHints":{"allow":["GET"]}}],"collection":[{"href":"https:\/\/alleegalerii.ee\/en\/wp-json\/wp\/v2\/product"}],"about":[{"href":"https:\/\/alleegalerii.ee\/en\/wp-json\/wp\/v2\/types\/product"}],"wp:featuredmedia":[{"embeddable":true,"href":"https:\/\/alleegalerii.ee\/en\/wp-json\/wp\/v2\/media\/38712"}],"wp:attachment":[{"href":"https:\/\/alleegalerii.ee\/en\/wp-json\/wp\/v2\/media?parent=40916"}],"wp:term":[{"taxonomy":"product_brand","embeddable":true,"href":"https:\/\/alleegalerii.ee\/en\/wp-json\/wp\/v2\/product_brand?post=40916"},{"taxonomy":"product_cat","embeddable":true,"href":"https:\/\/alleegalerii.ee\/en\/wp-json\/wp\/v2\/product_cat?post=40916"},{"taxonomy":"product_tag","embeddable":true,"href":"https:\/\/alleegalerii.ee\/en\/wp-json\/wp\/v2\/product_tag?post=40916"}],"curies":[{"name":"wp","href":"https:\/\/api.w.org\/{rel}","templated":true}]}}