{"id":40912,"date":"2026-04-15T12:55:28","date_gmt":"2026-04-15T09:55:28","guid":{"rendered":"https:\/\/alleegalerii.ee\/?post_type=product&#038;p=40912"},"modified":"2026-04-16T15:29:24","modified_gmt":"2026-04-16T12:29:24","slug":"124-rita-raave-voib-olla","status":"publish","type":"product","link":"https:\/\/alleegalerii.ee\/en\/shop\/124-rita-raave-voib-olla\/","title":{"rendered":"124. Rita Raave \"Maybe\""},"content":{"rendered":"<div class=\"wpb-content-wrapper\"><p>[vc_row][vc_column][vc_column_text css=&#8221;&#8221; woodmart_inline=&#8221;no&#8221; text_larger=&#8221;no&#8221;]<\/p>\n<h5>\u00d5li masoniidil. 2010.<br \/>\nAll paremal: Rita Raave<br \/>\nP\u00f6\u00f6rdel sildil: RITA RAAVE V\u00d5IB-OLLA \u00d5LI 2010<\/h5>\n<p>Rita Raave (s 1951) pole ainus tuntud kultuuritegelane, kes ka kunstimuusale k\u00e4e andnud (m\u00f5elgem n\u00e4iteks n\u00e4itleja Hendrik Toompere v\u00f5i laulja Siiri Sisaski maalidele). \u00dches elukaaslase Enn P\u00f5ldroosiga on nad esinenud ka \u00fchisn\u00e4itustel (n\u00e4iteks \u201cKevadekuulutus\u201d P\u00e4rnu uue kunsti muuseumis).<\/p>\n<p>Peaaegu monokroomse koloriidiga maalil tegeleb Raave peamiselt abstraktse kompositsiooni lahendamisega, vaimseteks eeskujudeks Jaan Elken ja Enn P\u00f5ldroos. Vertikaalsete v\u00e4rvilaamade r\u00fctm annab teosele d\u00fcnaamilise ilme, pilt tervikuna meenutab aga fantastilist maastikku a la Max Ernst, mille esiplaanil kiirustavad kuhugi neli figuuri, sulandudes samas vahetult maali \u00fcldtonaalsusse.<\/p>\n<p style=\"text-align: right;\">Tekst: Harry Liivrand<\/p>\n<p>[\/vc_column_text][\/vc_column][\/vc_row]<\/p>\n<\/div>","protected":false},"excerpt":{"rendered":"<p>[vc_row][vc_column][vc_column_text css=&#8221;&#8221; woodmart_inline=&#8221;no&#8221; text_larger=&#8221;no&#8221;] \u00d5li masoniidil. 2010. All paremal: Rita Raave P\u00f6\u00f6rdel sildil: RITA RAAVE V\u00d5IB-OLLA \u00d5LI 2010 Rita Raave<\/p>\n","protected":false},"featured_media":39098,"template":"","meta":{"_acf_changed":false},"product_brand":[],"product_cat":[435],"product_tag":[],"class_list":{"0":"post-40912","1":"product","2":"type-product","3":"status-publish","4":"has-post-thumbnail","6":"product_cat-kevadoksjon-2026","7":"auction-is-open","9":"first","10":"instock","11":"shipping-taxable","12":"purchasable","13":"product-type-auction"},"acf":[],"_links":{"self":[{"href":"https:\/\/alleegalerii.ee\/en\/wp-json\/wp\/v2\/product\/40912","targetHints":{"allow":["GET"]}}],"collection":[{"href":"https:\/\/alleegalerii.ee\/en\/wp-json\/wp\/v2\/product"}],"about":[{"href":"https:\/\/alleegalerii.ee\/en\/wp-json\/wp\/v2\/types\/product"}],"wp:featuredmedia":[{"embeddable":true,"href":"https:\/\/alleegalerii.ee\/en\/wp-json\/wp\/v2\/media\/39098"}],"wp:attachment":[{"href":"https:\/\/alleegalerii.ee\/en\/wp-json\/wp\/v2\/media?parent=40912"}],"wp:term":[{"taxonomy":"product_brand","embeddable":true,"href":"https:\/\/alleegalerii.ee\/en\/wp-json\/wp\/v2\/product_brand?post=40912"},{"taxonomy":"product_cat","embeddable":true,"href":"https:\/\/alleegalerii.ee\/en\/wp-json\/wp\/v2\/product_cat?post=40912"},{"taxonomy":"product_tag","embeddable":true,"href":"https:\/\/alleegalerii.ee\/en\/wp-json\/wp\/v2\/product_tag?post=40912"}],"curies":[{"name":"wp","href":"https:\/\/api.w.org\/{rel}","templated":true}]}}