{"id":40910,"date":"2026-04-15T12:57:27","date_gmt":"2026-04-15T09:57:27","guid":{"rendered":"https:\/\/alleegalerii.ee\/?post_type=product&#038;p=40910"},"modified":"2026-04-16T15:29:58","modified_gmt":"2026-04-16T12:29:58","slug":"126-sirje-protsin-lohestunud","status":"publish","type":"product","link":"https:\/\/alleegalerii.ee\/en\/shop\/126-sirje-protsin-lohestunud\/","title":{"rendered":"126. Sirje Protsin \"Divided\u201d"},"content":{"rendered":"<div class=\"wpb-content-wrapper\"><p>[vc_row][vc_column][vc_column_text css=&#8221;&#8221; woodmart_inline=&#8221;no&#8221; text_larger=&#8221;no&#8221;]<\/p>\n<h5>\u00d5li l\u00f5uendil. 1989.<br \/>\nAll paremal: S. Protsin 89<br \/>\nP\u00f6\u00f6rdel: SIRJE PROTSIN L\u00d5HESTUNUD 89 M: 156&#215;150<\/h5>\n<p>Tartu kunstiellu 1980. aastatel sisenenud Sirje Petersen (s 1959) pani ennast sama k\u00fcmnendi l\u00f5puks maksma oman\u00e4olise l\u00fc\u00fcrilise abstraktsionistina, kelle suureformaadilistes t\u00f6\u00f6des oli siiski tunnetatav s\u00e4ilinud side reaalse motiivi, n\u00e4iteks naisefiguuri v\u00f5i lillega.<\/p>\n<p>Ka maalilt \u201cL\u00f5hestunud\u201d m\u00e4rkab hiigel\u00f5it meenutavat j\u00f5ulist punakaspruuni kujundit, viies paralleeli otsimiseni USA \u00fche esimese m\u00f5juka feministliku maalija Georgia O\u00b4Keefe\u00b4i loominguga. Et punaseid toone seostatakse ikka naiselikkuse ja sensuaalsusega, on v\u00f5imalik s\u00fcmboolselt t\u00f5lgendada seda t\u00f6\u00f6d ka selles valguses.<\/p>\n<p style=\"text-align: right\">Tekst: Harry Liivrand<\/p>\n<p>[\/vc_column_text][\/vc_column][\/vc_row]<\/p>\n<\/div>","protected":false},"excerpt":{"rendered":"<p>[vc_row][vc_column][vc_column_text css=&#8221;&#8221; woodmart_inline=&#8221;no&#8221; text_larger=&#8221;no&#8221;] \u00d5li l\u00f5uendil. 1989. All paremal: S. Protsin 89 P\u00f6\u00f6rdel: SIRJE PROTSIN L\u00d5HESTUNUD 89 M: 156&#215;150 Tartu<\/p>\n","protected":false},"featured_media":38555,"template":"","meta":{"_acf_changed":false},"product_brand":[],"product_cat":[435],"product_tag":[],"class_list":{"0":"post-40910","1":"product","2":"type-product","3":"status-publish","4":"has-post-thumbnail","6":"product_cat-kevadoksjon-2026","7":"auction-is-open","9":"first","10":"instock","11":"shipping-taxable","12":"purchasable","13":"product-type-auction"},"acf":[],"_links":{"self":[{"href":"https:\/\/alleegalerii.ee\/en\/wp-json\/wp\/v2\/product\/40910","targetHints":{"allow":["GET"]}}],"collection":[{"href":"https:\/\/alleegalerii.ee\/en\/wp-json\/wp\/v2\/product"}],"about":[{"href":"https:\/\/alleegalerii.ee\/en\/wp-json\/wp\/v2\/types\/product"}],"wp:featuredmedia":[{"embeddable":true,"href":"https:\/\/alleegalerii.ee\/en\/wp-json\/wp\/v2\/media\/38555"}],"wp:attachment":[{"href":"https:\/\/alleegalerii.ee\/en\/wp-json\/wp\/v2\/media?parent=40910"}],"wp:term":[{"taxonomy":"product_brand","embeddable":true,"href":"https:\/\/alleegalerii.ee\/en\/wp-json\/wp\/v2\/product_brand?post=40910"},{"taxonomy":"product_cat","embeddable":true,"href":"https:\/\/alleegalerii.ee\/en\/wp-json\/wp\/v2\/product_cat?post=40910"},{"taxonomy":"product_tag","embeddable":true,"href":"https:\/\/alleegalerii.ee\/en\/wp-json\/wp\/v2\/product_tag?post=40910"}],"curies":[{"name":"wp","href":"https:\/\/api.w.org\/{rel}","templated":true}]}}