{"id":40909,"date":"2026-04-15T13:31:37","date_gmt":"2026-04-15T10:31:37","guid":{"rendered":"https:\/\/alleegalerii.ee\/?post_type=product&#038;p=40909"},"modified":"2026-04-16T16:33:56","modified_gmt":"2026-04-16T13:33:56","slug":"186-kalju-nagel-vaade-tartu-olletehasele","status":"publish","type":"product","link":"https:\/\/alleegalerii.ee\/en\/shop\/186-kalju-nagel-vaade-tartu-olletehasele\/","title":{"rendered":"186. Kalju Nagel \u201cView of the Tartu Brewery\u201d"},"content":{"rendered":"<div class=\"wpb-content-wrapper\"><p>[vc_row][vc_column][vc_column_text css=&#8221;&#8221; woodmart_inline=&#8221;no&#8221; text_larger=&#8221;no&#8221;]<\/p>\n<h5>\u00d5li kartongil. 1960ndad<br \/>\nAll paremal: Kalju Nagel<\/h5>\n<p>L\u00f5una-Eesti patriooti Kalju Nagelit (1918-2005) tunneme eelk\u00f5ige tema id\u00fclliliste maastike ja linnavaadete poolest. Ka teos \u201eTartu \u00f5lletehas\u201c kujutab linna, ent Nagel p\u00f5imib siin p\u00f5nevalt kokku t\u00f6\u00f6stusliku arhitektuuri ja rohelise linnakeskkonna.<\/p>\n<p>Kunstnik ei otsi taga dokumentaalset t\u00e4psust, vaid annab edasi meeleolu ning j\u00e4tab vaatajale\u00a0 m\u00f5istatuse, kas meie ees on soe \u00f5htuvalgus v\u00f5i hoopis varahommikune hetk, mil \u00fcmbritsev maailm alles vaikselt \u00e4rkab?<\/p>\n<p style=\"text-align: right;\">Tekst: Katre Palm<\/p>\n<p>[\/vc_column_text][\/vc_column][\/vc_row]<\/p>\n<\/div>","protected":false},"excerpt":{"rendered":"<p>[vc_row][vc_column][vc_column_text css=&#8221;&#8221; woodmart_inline=&#8221;no&#8221; text_larger=&#8221;no&#8221;] \u00d5li kartongil. 1960ndad All paremal: Kalju Nagel L\u00f5una-Eesti patriooti Kalju Nagelit (1918-2005) tunneme eelk\u00f5ige tema id\u00fclliliste<\/p>\n","protected":false},"featured_media":40192,"template":"","meta":{"_acf_changed":false},"product_brand":[],"product_cat":[435],"product_tag":[],"class_list":{"0":"post-40909","1":"product","2":"type-product","3":"status-publish","4":"has-post-thumbnail","6":"product_cat-kevadoksjon-2026","7":"auction-is-open","9":"first","10":"instock","11":"shipping-taxable","12":"purchasable","13":"product-type-auction"},"acf":[],"_links":{"self":[{"href":"https:\/\/alleegalerii.ee\/en\/wp-json\/wp\/v2\/product\/40909","targetHints":{"allow":["GET"]}}],"collection":[{"href":"https:\/\/alleegalerii.ee\/en\/wp-json\/wp\/v2\/product"}],"about":[{"href":"https:\/\/alleegalerii.ee\/en\/wp-json\/wp\/v2\/types\/product"}],"wp:featuredmedia":[{"embeddable":true,"href":"https:\/\/alleegalerii.ee\/en\/wp-json\/wp\/v2\/media\/40192"}],"wp:attachment":[{"href":"https:\/\/alleegalerii.ee\/en\/wp-json\/wp\/v2\/media?parent=40909"}],"wp:term":[{"taxonomy":"product_brand","embeddable":true,"href":"https:\/\/alleegalerii.ee\/en\/wp-json\/wp\/v2\/product_brand?post=40909"},{"taxonomy":"product_cat","embeddable":true,"href":"https:\/\/alleegalerii.ee\/en\/wp-json\/wp\/v2\/product_cat?post=40909"},{"taxonomy":"product_tag","embeddable":true,"href":"https:\/\/alleegalerii.ee\/en\/wp-json\/wp\/v2\/product_tag?post=40909"}],"curies":[{"name":"wp","href":"https:\/\/api.w.org\/{rel}","templated":true}]}}