{"id":40908,"date":"2026-04-15T10:05:44","date_gmt":"2026-04-15T07:05:44","guid":{"rendered":"https:\/\/alleegalerii.ee\/?post_type=product&#038;p=40908"},"modified":"2026-04-16T15:21:44","modified_gmt":"2026-04-16T12:21:44","slug":"110-herald-eelma-lootspillitants","status":"publish","type":"product","link":"https:\/\/alleegalerii.ee\/en\/shop\/110-herald-eelma-lootspillitants\/","title":{"rendered":"110. Herald Eelma \u201cAccordion Dance\u201d"},"content":{"rendered":"<div class=\"wpb-content-wrapper\"><p>[vc_row][vc_column][vc_column_text css=&#8221;&#8221; woodmart_inline=&#8221;no&#8221; text_larger=&#8221;no&#8221;]<\/p>\n<h5>Litograafia paberil. 1982.<br \/>\nAll vasakul: &#8220;L\u00f5\u00f5tspillitants&#8221; lito<br \/>\nAll paremal: 29\/60 HEelma 82.<\/h5>\n<p>Eesti litograafia suurmeister, juba ammu elava klassiku staatuses Herald Eelma (s 1934) uuendas litotehnikas graafikat eriti alates 1970. aastatest, kui hakkas kompositsioonis \u00fchendama loomutruult kujutatud detaile kunstikavatsuslikult poolelij\u00e4etud osadega.<\/p>\n<p>Tema 1980. aastate s\u00fcmbolistlik graafika piltlikustab originaalselt eestlaslikkust ja tema komberuumi. Mastaapne &#8220;L\u00f5\u00f5tspillitants&#8221; on selle parimaid n\u00e4iteid, \u00fchendades folkloristlikku ja modernset. Moodsate rihmikute, platvormkingade ja teksap\u00fckstega seltskond tantsib l\u00f5\u00f5tspilli j\u00e4rgi, sealjuures m\u00f5jub pill kompositsiooniliselt nagu kaitsev suur vihmavari, mille alla mahub varju mitu inimest ehk kollektiiv. Virtuoosne joonet\u00f6\u00f6, detailide peen kujutamine, v\u00f5imsa mitmet\u00e4hendusliku kujundi konstrueerimise oskus ja visuaalne selgus k\u00f5ik kokku moodustavad erakordse kunstilise \u00fcldistuse.<\/p>\n<p>\u201cL\u00f5\u00f5tspillitants\u201d kuulub ka Eesti Kunstimuuseumi kollektsiooni.<\/p>\n<p style=\"text-align: right;\">Tekst: Harry Liivrand<\/p>\n<p>[\/vc_column_text][\/vc_column][\/vc_row]<\/p>\n<\/div>","protected":false},"excerpt":{"rendered":"<p>[vc_row][vc_column][vc_column_text css=&#8221;&#8221; woodmart_inline=&#8221;no&#8221; text_larger=&#8221;no&#8221;] Litograafia paberil. 1982. All vasakul: &#8220;L\u00f5\u00f5tspillitants&#8221; lito All paremal: 29\/60 HEelma 82. Eesti litograafia suurmeister, juba<\/p>\n","protected":false},"featured_media":40146,"template":"","meta":{"_acf_changed":false},"product_brand":[],"product_cat":[435],"product_tag":[],"class_list":{"0":"post-40908","1":"product","2":"type-product","3":"status-publish","4":"has-post-thumbnail","6":"product_cat-kevadoksjon-2026","7":"auction-is-open","9":"first","10":"instock","11":"shipping-taxable","12":"purchasable","13":"product-type-auction"},"acf":[],"_links":{"self":[{"href":"https:\/\/alleegalerii.ee\/en\/wp-json\/wp\/v2\/product\/40908","targetHints":{"allow":["GET"]}}],"collection":[{"href":"https:\/\/alleegalerii.ee\/en\/wp-json\/wp\/v2\/product"}],"about":[{"href":"https:\/\/alleegalerii.ee\/en\/wp-json\/wp\/v2\/types\/product"}],"wp:featuredmedia":[{"embeddable":true,"href":"https:\/\/alleegalerii.ee\/en\/wp-json\/wp\/v2\/media\/40146"}],"wp:attachment":[{"href":"https:\/\/alleegalerii.ee\/en\/wp-json\/wp\/v2\/media?parent=40908"}],"wp:term":[{"taxonomy":"product_brand","embeddable":true,"href":"https:\/\/alleegalerii.ee\/en\/wp-json\/wp\/v2\/product_brand?post=40908"},{"taxonomy":"product_cat","embeddable":true,"href":"https:\/\/alleegalerii.ee\/en\/wp-json\/wp\/v2\/product_cat?post=40908"},{"taxonomy":"product_tag","embeddable":true,"href":"https:\/\/alleegalerii.ee\/en\/wp-json\/wp\/v2\/product_tag?post=40908"}],"curies":[{"name":"wp","href":"https:\/\/api.w.org\/{rel}","templated":true}]}}