{"id":40907,"date":"2026-04-15T13:22:39","date_gmt":"2026-04-15T10:22:39","guid":{"rendered":"https:\/\/alleegalerii.ee\/?post_type=product&#038;p=40907"},"modified":"2026-04-16T16:04:50","modified_gmt":"2026-04-16T13:04:50","slug":"161-vive-tolli-tormipuha","status":"publish","type":"product","link":"https:\/\/alleegalerii.ee\/en\/shop\/161-vive-tolli-tormipuha\/","title":{"rendered":"161. Vive Tolli \u201cStorm Festival\u201d"},"content":{"rendered":"<div class=\"wpb-content-wrapper\"><p>[vc_row][vc_column][vc_column_text css=&#8221;&#8221; woodmart_inline=&#8221;no&#8221; text_larger=&#8221;no&#8221;]<\/p>\n<h5>S\u00f6\u00f6vitus paberil. 1965.<br \/>\nAll vasakul: 18\/25 &#8220;Tormip\u00fcha&#8221; (s\u00f6\u00f6vitus)<br \/>\nAll paremal: VTolli 65<\/h5>\n<p style=\"text-align: right;\">\u201cMeie maa kohta on \u00f6eldud Tuulemaa, sest t\u00f5epoolest, nii paljud tuuled,<br \/>\nnii paljud vallutuskired on sellest v\u00e4ikesest maalapist \u00fcle k\u00e4inud\u201d<\/p>\n<p style=\"text-align: right;\">Lennart Meri<\/p>\n<p>Vive Tolli (1928-2020), \u00fcks eesti graafika suuri uuendajaid alates 1950. aastate teisest poolest, demonstreerib teosel \u201cTormip\u00fcha\u201d assotsiatiivse pildi loomise v\u00f5imekust. Ilma merel m\u00f6llavaid tuulekeeriseid n\u00e4itamata paneb ta vaatajad seda hetkega uskuma.<\/p>\n<p>Seitse ilmekat figuuri seisavad n\u00f5utult rannal ja ootavad tormi rahunemist, et taas merele minna. Nad on eestlaslikult t\u00fc\u00fcpilised vaikivad inimesed, kes pigem m\u00f5tlevad omi m\u00f5tteid kui &#8220;raiskavad aega vestlusele&#8221;. V\u00e4ljenduslik vormik\u00e4sitlus (figuurid, milles v\u00f5ime m\u00e4rgata sarnasusi n\u00e4iteks Eerik Haameriga) koos joonel baseeruva kujundlikkusega (taustal paiknevad kalav\u00f5rgud) muudab t\u00f6\u00f6 poeetiliseks ja kargeks ning k\u00fctab fantaasiat.<\/p>\n<p style=\"text-align: right;\">Tekst: Harry Liivrand, Katre Palm<\/p>\n<p>[\/vc_column_text][\/vc_column][\/vc_row]<\/p>\n<\/div>","protected":false},"excerpt":{"rendered":"<p>[vc_row][vc_column][vc_column_text css=&#8221;&#8221; woodmart_inline=&#8221;no&#8221; text_larger=&#8221;no&#8221;] S\u00f6\u00f6vitus paberil. 1965. All vasakul: 18\/25 &#8220;Tormip\u00fcha&#8221; (s\u00f6\u00f6vitus) All paremal: VTolli 65 \u201cMeie maa kohta on<\/p>\n","protected":false},"featured_media":40070,"template":"","meta":{"_acf_changed":false},"product_brand":[],"product_cat":[435],"product_tag":[],"class_list":{"0":"post-40907","1":"product","2":"type-product","3":"status-publish","4":"has-post-thumbnail","6":"product_cat-kevadoksjon-2026","7":"auction-is-open","8":"current-user-is-not-highest-bidder","10":"first","11":"instock","12":"shipping-taxable","13":"purchasable","14":"product-type-auction"},"acf":[],"_links":{"self":[{"href":"https:\/\/alleegalerii.ee\/en\/wp-json\/wp\/v2\/product\/40907","targetHints":{"allow":["GET"]}}],"collection":[{"href":"https:\/\/alleegalerii.ee\/en\/wp-json\/wp\/v2\/product"}],"about":[{"href":"https:\/\/alleegalerii.ee\/en\/wp-json\/wp\/v2\/types\/product"}],"wp:featuredmedia":[{"embeddable":true,"href":"https:\/\/alleegalerii.ee\/en\/wp-json\/wp\/v2\/media\/40070"}],"wp:attachment":[{"href":"https:\/\/alleegalerii.ee\/en\/wp-json\/wp\/v2\/media?parent=40907"}],"wp:term":[{"taxonomy":"product_brand","embeddable":true,"href":"https:\/\/alleegalerii.ee\/en\/wp-json\/wp\/v2\/product_brand?post=40907"},{"taxonomy":"product_cat","embeddable":true,"href":"https:\/\/alleegalerii.ee\/en\/wp-json\/wp\/v2\/product_cat?post=40907"},{"taxonomy":"product_tag","embeddable":true,"href":"https:\/\/alleegalerii.ee\/en\/wp-json\/wp\/v2\/product_tag?post=40907"}],"curies":[{"name":"wp","href":"https:\/\/api.w.org\/{rel}","templated":true}]}}