{"id":40906,"date":"2026-04-15T13:31:21","date_gmt":"2026-04-15T10:31:21","guid":{"rendered":"https:\/\/alleegalerii.ee\/?post_type=product&#038;p=40906"},"modified":"2026-04-16T16:33:26","modified_gmt":"2026-04-16T13:33:26","slug":"185-kalju-nagel-alatskivi-kalevipoja-sang","status":"publish","type":"product","link":"https:\/\/alleegalerii.ee\/en\/shop\/185-kalju-nagel-alatskivi-kalevipoja-sang\/","title":{"rendered":"185. Kalju Nagel \u201cAlatskivi \u2013 Kalevipoeg\u2019s Lair\u201d"},"content":{"rendered":"<div class=\"wpb-content-wrapper\"><p>[vc_row][vc_column][vc_column_text css=&#8221;&#8221; woodmart_inline=&#8221;no&#8221; text_larger=&#8221;no&#8221;]<\/p>\n<h5>\u00d5li l\u00f5uendil. 1970-1971.<br \/>\nAll vasakul: Kalju Nagel 70<br \/>\nP\u00f6\u00f6rdel alusraamil: Alatskivi Kalevipoja s\u00e4ng 1970-1971 KNagel 65 x 92<\/h5>\n<p>Kalju Nagel (1918-2005) oli Harri Puderselli k\u00f5rval teine oluline j\u00e4relpallasliku maalikoolkonna esindaja, kelle meelismotiivid p\u00e4rinesid kodustelt kuppelmaastikelt. Kunstnikku v\u00f5lusid liigendatud reljeefiga k\u00f5rgustikud ja huvitava konfiguratsiooniga voored, mis olid tema impressionistlikule stiilile ideaalselt sobivateks modellideks.<\/p>\n<p>Rahvasuus tuntud Kalevipoja s\u00e4ng Alatskivil, J\u00f5gevamaal on valminud Nageli loomingu \u00fchel hinnatumal ajaj\u00e4rgul. Topograafilise t\u00e4psuse ja impressionistliku maalilisusega loodud maal paelub tervikliku, rohelisele allutatud v\u00e4rvilahenduse ja hilissuvise \u00f5htuse meeleolu j\u00e4\u00e4dvustamisega, sisaldades \u00fcheaegselt nii romantikat kui meeli\u00fclendavat melanhooliat.<\/p>\n<p style=\"text-align: right;\">Tekst: Harry Liivrand<\/p>\n<p>[\/vc_column_text][\/vc_column][\/vc_row]<\/p>\n<\/div>","protected":false},"excerpt":{"rendered":"<p>[vc_row][vc_column][vc_column_text css=&#8221;&#8221; woodmart_inline=&#8221;no&#8221; text_larger=&#8221;no&#8221;] \u00d5li l\u00f5uendil. 1970-1971. All vasakul: Kalju Nagel 70 P\u00f6\u00f6rdel alusraamil: Alatskivi Kalevipoja s\u00e4ng 1970-1971 KNagel 65<\/p>\n","protected":false},"featured_media":39465,"template":"","meta":{"_acf_changed":false},"product_brand":[],"product_cat":[435],"product_tag":[],"class_list":{"0":"post-40906","1":"product","2":"type-product","3":"status-publish","4":"has-post-thumbnail","6":"product_cat-kevadoksjon-2026","7":"auction-is-open","9":"first","10":"instock","11":"shipping-taxable","12":"purchasable","13":"product-type-auction"},"acf":[],"_links":{"self":[{"href":"https:\/\/alleegalerii.ee\/en\/wp-json\/wp\/v2\/product\/40906","targetHints":{"allow":["GET"]}}],"collection":[{"href":"https:\/\/alleegalerii.ee\/en\/wp-json\/wp\/v2\/product"}],"about":[{"href":"https:\/\/alleegalerii.ee\/en\/wp-json\/wp\/v2\/types\/product"}],"wp:featuredmedia":[{"embeddable":true,"href":"https:\/\/alleegalerii.ee\/en\/wp-json\/wp\/v2\/media\/39465"}],"wp:attachment":[{"href":"https:\/\/alleegalerii.ee\/en\/wp-json\/wp\/v2\/media?parent=40906"}],"wp:term":[{"taxonomy":"product_brand","embeddable":true,"href":"https:\/\/alleegalerii.ee\/en\/wp-json\/wp\/v2\/product_brand?post=40906"},{"taxonomy":"product_cat","embeddable":true,"href":"https:\/\/alleegalerii.ee\/en\/wp-json\/wp\/v2\/product_cat?post=40906"},{"taxonomy":"product_tag","embeddable":true,"href":"https:\/\/alleegalerii.ee\/en\/wp-json\/wp\/v2\/product_tag?post=40906"}],"curies":[{"name":"wp","href":"https:\/\/api.w.org\/{rel}","templated":true}]}}