{"id":40904,"date":"2026-04-15T14:02:52","date_gmt":"2026-04-15T11:02:52","guid":{"rendered":"https:\/\/alleegalerii.ee\/?post_type=product&#038;p=40904"},"modified":"2026-04-16T16:51:07","modified_gmt":"2026-04-16T13:51:07","slug":"216-aleksander-promet-lembit","status":"publish","type":"product","link":"https:\/\/alleegalerii.ee\/en\/shop\/216-aleksander-promet-lembit\/","title":{"rendered":"216. Aleksander Promet \"Lembit\""},"content":{"rendered":"<div class=\"wpb-content-wrapper\"><p>[vc_row][vc_column][vc_column_text css=&#8221;&#8221; woodmart_inline=&#8221;no&#8221; text_larger=&#8221;no&#8221;]<\/p>\n<h5>Akvarell paberil. 1930.<br \/>\nAll paremal: A. Promet 1930.<br \/>\nK\u00fcljel vasakul: LEMBIT<\/h5>\n<p>Stieglitzi kunstikooli Peterburis 1904. aastal l\u00f5petanud Aleksander Promet (1879-1938) oli \u00fcks varasemaid rahvusromantismi esindajaid 20. sajandi kunstis. Ta taotles oma t\u00f6\u00f6des rahvaluulele l\u00e4hedast lihtsust, samas on neis tuntav s\u00fcmbolismi p\u00e4rand.<\/p>\n<p>Prometi lemmiktehnikaks olid pastell ja akvarell ning just viimases on valminud ka k\u00e4esolev teos, mis kujutab v\u00f5imast kangelaskuju puule toetumas ning ohvritule leeki silmitsemas. Oma olulisematest t\u00f6\u00f6dest tegi Promet mitu versiooni ja nii on ka k\u00e4esoleval teosel samast aastast p\u00e4rinev paarik Eesti Kunstimuuseumi kollektsioonis.<\/p>\n<p style=\"text-align: right;\">Tekst: Mai Levin<\/p>\n<p>[\/vc_column_text][\/vc_column][\/vc_row]<\/p>\n<\/div>","protected":false},"excerpt":{"rendered":"<p>[vc_row][vc_column][vc_column_text css=&#8221;&#8221; woodmart_inline=&#8221;no&#8221; text_larger=&#8221;no&#8221;] Akvarell paberil. 1930. All paremal: A. Promet 1930. K\u00fcljel vasakul: LEMBIT Stieglitzi kunstikooli Peterburis 1904. aastal<\/p>\n","protected":false},"featured_media":40092,"template":"","meta":{"_acf_changed":false},"product_brand":[],"product_cat":[435],"product_tag":[],"class_list":{"0":"post-40904","1":"product","2":"type-product","3":"status-publish","4":"has-post-thumbnail","6":"product_cat-kevadoksjon-2026","7":"auction-is-open","9":"first","10":"instock","11":"shipping-taxable","12":"purchasable","13":"product-type-auction"},"acf":[],"_links":{"self":[{"href":"https:\/\/alleegalerii.ee\/en\/wp-json\/wp\/v2\/product\/40904","targetHints":{"allow":["GET"]}}],"collection":[{"href":"https:\/\/alleegalerii.ee\/en\/wp-json\/wp\/v2\/product"}],"about":[{"href":"https:\/\/alleegalerii.ee\/en\/wp-json\/wp\/v2\/types\/product"}],"wp:featuredmedia":[{"embeddable":true,"href":"https:\/\/alleegalerii.ee\/en\/wp-json\/wp\/v2\/media\/40092"}],"wp:attachment":[{"href":"https:\/\/alleegalerii.ee\/en\/wp-json\/wp\/v2\/media?parent=40904"}],"wp:term":[{"taxonomy":"product_brand","embeddable":true,"href":"https:\/\/alleegalerii.ee\/en\/wp-json\/wp\/v2\/product_brand?post=40904"},{"taxonomy":"product_cat","embeddable":true,"href":"https:\/\/alleegalerii.ee\/en\/wp-json\/wp\/v2\/product_cat?post=40904"},{"taxonomy":"product_tag","embeddable":true,"href":"https:\/\/alleegalerii.ee\/en\/wp-json\/wp\/v2\/product_tag?post=40904"}],"curies":[{"name":"wp","href":"https:\/\/api.w.org\/{rel}","templated":true}]}}