{"id":40903,"date":"2026-04-15T13:14:34","date_gmt":"2026-04-15T10:14:34","guid":{"rendered":"https:\/\/alleegalerii.ee\/?post_type=product&#038;p=40903"},"modified":"2026-04-16T15:58:23","modified_gmt":"2026-04-16T12:58:23","slug":"154-malle-leis-kompositsioon-redistega","status":"publish","type":"product","link":"https:\/\/alleegalerii.ee\/en\/shop\/154-malle-leis-kompositsioon-redistega\/","title":{"rendered":"154. Malle Leis \u201cComposition with Radishes\u201d"},"content":{"rendered":"<div class=\"wpb-content-wrapper\"><p>[vc_row][vc_column][vc_column_text css=&#8221;&#8221; woodmart_inline=&#8221;no&#8221; text_larger=&#8221;no&#8221;]<\/p>\n<h5>\u00d5li l\u00f5uendil. 1988-2003.<br \/>\nAll vasakul: LEIS 88-2003<br \/>\nP\u00f6\u00f6rdel alusraamil: KOMPOSITSIOON REDISTEGA 100&#215;100 \u00f5li, l\u00f5uend 1988-2003 LEIS MALLE TALLINN ESTONIA<\/h5>\n<p>Eesti maalikunsti \u00fche eredama ja j\u00e4rjekindlama koloristi Malle Leisi (1940-2017) k\u00e4e all s\u00fcndisid argised aiasaadused ja lilled uuele elule. L\u00e4bi nende sisemise v\u00f5imestuse ja r\u00f5hutatult intensiivsete v\u00e4rvide t\u00f5stis Leis need monumentaalseks ja peaaegu sakraalseks s\u00fcmboliks.<\/p>\n<p>Leis ehitab maali &#8220;Kompositsioon redistega&#8221; \u00fcles as\u00fcmmeetriale, andes igale viljale v\u00f5imaluse s\u00fcsimustal taustal individuaalsena s\u00e4rada. Tema jutustused saavad alguse defineerimata ruumist, kust k\u00e4esoleval teosel justkui kaaluta olekus h\u00f5ljudes kerkivad esile erkpunased redistekimbud, lopsakad rohelised sibulavarred ja viinamarjakobarad. Puhastele ja mahlakatele toonidele rajatud koloriit ning meisterlikult plastiline vormik\u00e4sitlus toob esile iga lehe, marja ja juure puhta ilu. S\u00fcrreaalset h\u00f5ngu lisavad maalile aga diagonaalselt \u00fcle l\u00f5uendi jalutavad sipelgad ja salap\u00e4rane geomeetriline punane joon kompositsiooni allosas (Leisi klassika). Ning kas ka teie k\u00fcsite, kust langeb valgus? See ju ei tule kuskilt mujalt, kui viljadest endist. Meie ees on silmapaistev n\u00e4ide Leisi oskusest muuta tavap\u00e4rane nat\u00fc\u00fcrmort intellektuaalseks ja visuaalselt lummavaks tervikuks.<\/p>\n<p style=\"text-align: right;\">Tekst: Katre Palm<\/p>\n<p>[\/vc_column_text][\/vc_column][\/vc_row]<\/p>\n<\/div>","protected":false},"excerpt":{"rendered":"<p>[vc_row][vc_column][vc_column_text css=&#8221;&#8221; woodmart_inline=&#8221;no&#8221; text_larger=&#8221;no&#8221;] \u00d5li l\u00f5uendil. 1988-2003. All vasakul: LEIS 88-2003 P\u00f6\u00f6rdel alusraamil: KOMPOSITSIOON REDISTEGA 100&#215;100 \u00f5li, l\u00f5uend 1988-2003 LEIS<\/p>\n","protected":false},"featured_media":38513,"template":"","meta":{"_acf_changed":false},"product_brand":[],"product_cat":[435],"product_tag":[],"class_list":{"0":"post-40903","1":"product","2":"type-product","3":"status-publish","4":"has-post-thumbnail","6":"product_cat-kevadoksjon-2026","7":"auction-is-open","9":"first","10":"instock","11":"shipping-taxable","12":"purchasable","13":"product-type-auction"},"acf":[],"_links":{"self":[{"href":"https:\/\/alleegalerii.ee\/en\/wp-json\/wp\/v2\/product\/40903","targetHints":{"allow":["GET"]}}],"collection":[{"href":"https:\/\/alleegalerii.ee\/en\/wp-json\/wp\/v2\/product"}],"about":[{"href":"https:\/\/alleegalerii.ee\/en\/wp-json\/wp\/v2\/types\/product"}],"wp:featuredmedia":[{"embeddable":true,"href":"https:\/\/alleegalerii.ee\/en\/wp-json\/wp\/v2\/media\/38513"}],"wp:attachment":[{"href":"https:\/\/alleegalerii.ee\/en\/wp-json\/wp\/v2\/media?parent=40903"}],"wp:term":[{"taxonomy":"product_brand","embeddable":true,"href":"https:\/\/alleegalerii.ee\/en\/wp-json\/wp\/v2\/product_brand?post=40903"},{"taxonomy":"product_cat","embeddable":true,"href":"https:\/\/alleegalerii.ee\/en\/wp-json\/wp\/v2\/product_cat?post=40903"},{"taxonomy":"product_tag","embeddable":true,"href":"https:\/\/alleegalerii.ee\/en\/wp-json\/wp\/v2\/product_tag?post=40903"}],"curies":[{"name":"wp","href":"https:\/\/api.w.org\/{rel}","templated":true}]}}