{"id":40898,"date":"2026-04-15T09:52:07","date_gmt":"2026-04-15T06:52:07","guid":{"rendered":"https:\/\/alleegalerii.ee\/?post_type=product&#038;p=40898"},"modified":"2026-04-16T14:24:00","modified_gmt":"2026-04-16T11:24:00","slug":"102-peeter-pere-harjutusi-lilledega","status":"publish","type":"product","link":"https:\/\/alleegalerii.ee\/en\/shop\/102-peeter-pere-harjutusi-lilledega\/","title":{"rendered":"102. Peeter Pere \u201cExercises with Flowers\u201d"},"content":{"rendered":"<div class=\"wpb-content-wrapper\"><p>[vc_row][vc_column][vc_column_text css=&#8221;&#8221; woodmart_inline=&#8221;no&#8221; text_larger=&#8221;no&#8221;]<\/p>\n<h5>\u00d5li l\u00f5uendil. 1992.<br \/>\nAll paremal: Pere<br \/>\nP\u00f6\u00f6rdel: HARJUTUSI LILLEDEGA 1992 Pere<\/h5>\n<p>1980-1990ndate eesti neoekspressionismi juhtfiguur Peeter Pere (s 1957) on mitmek\u00fclgne autor. Tema loomingulisest pagasist leiame nii maalikunsti, installatsioonid kui hooned, mida ta arhitektina loonud on.<\/p>\n<p>Pere kunstilisse k\u00f5rgaega kuuluv maal on v\u00f5rreldes tema varasemate figuratiivsete kompositsioonidega erandlik, seda eelk\u00f5ige oma pretensioonituses. Peaaegu toonmaalist l\u00e4htuvale teosele maalib kunstnik vaid \u00fche lille\u00f5ie, ent annab sellele t\u00e4ieliku autonoomsuse kanda v\u00f5rratult kogu l\u00f5uendit. Vaid \u00f5ie servadesse ning varrele vajutab ta pintsliga pruunikad ja punakad aktsendid, lisades nii teosele korraga nii dramaatilisust kui ruumilisust. \u00dclemisse serva maalib ta punase m\u00e4rgi, mis lisab kollaa\u017eiliku elemendi ning viitab &#8220;harjutuse&#8221; protsessile.<\/p>\n<p>Ent Pere ei piirdu v\u00e4rviga, vaid uurib maali pinda kui f\u00fc\u00fcsilist keha, muutes klassikalised motiivid \u2013 nagu lill \u2013 kontseptuaalseteks ja materjalip\u00f5histeks harjutusteks. \u00dchtlasi j\u00e4tab ta \u00f5hku maaliruumi enda.\u00a0 V\u00f5i siiski &#8211; ehk peitis m\u00e4ssajameelega Pere efektse \u00f5iekrooni taha hoopis 1990ndate algusele iseloomuliku punkrokilikult krobelise seina, peegeldades nii toonast eesti kunsti uuenemisvaimu, kus klassikalised teemad valati uude, radikaalsesse vormi.<\/p>\n<p style=\"text-align: right;\">Tekst: Harry Liivrand, Katre Palm<\/p>\n<p>\u00a0[\/vc_column_text][\/vc_column][\/vc_row]<\/p>\n<\/div>","protected":false},"excerpt":{"rendered":"<p>[vc_row][vc_column][vc_column_text css=&#8221;&#8221; woodmart_inline=&#8221;no&#8221; text_larger=&#8221;no&#8221;] \u00d5li l\u00f5uendil. 1992. All paremal: Pere P\u00f6\u00f6rdel: HARJUTUSI LILLEDEGA 1992 Pere 1980-1990ndate eesti neoekspressionismi juhtfiguur Peeter<\/p>\n","protected":false},"featured_media":38873,"template":"","meta":{"_acf_changed":false},"product_brand":[],"product_cat":[435],"product_tag":[],"class_list":{"0":"post-40898","1":"product","2":"type-product","3":"status-publish","4":"has-post-thumbnail","6":"product_cat-kevadoksjon-2026","7":"auction-is-open","9":"first","10":"instock","11":"shipping-taxable","12":"purchasable","13":"product-type-auction"},"acf":[],"_links":{"self":[{"href":"https:\/\/alleegalerii.ee\/en\/wp-json\/wp\/v2\/product\/40898","targetHints":{"allow":["GET"]}}],"collection":[{"href":"https:\/\/alleegalerii.ee\/en\/wp-json\/wp\/v2\/product"}],"about":[{"href":"https:\/\/alleegalerii.ee\/en\/wp-json\/wp\/v2\/types\/product"}],"wp:featuredmedia":[{"embeddable":true,"href":"https:\/\/alleegalerii.ee\/en\/wp-json\/wp\/v2\/media\/38873"}],"wp:attachment":[{"href":"https:\/\/alleegalerii.ee\/en\/wp-json\/wp\/v2\/media?parent=40898"}],"wp:term":[{"taxonomy":"product_brand","embeddable":true,"href":"https:\/\/alleegalerii.ee\/en\/wp-json\/wp\/v2\/product_brand?post=40898"},{"taxonomy":"product_cat","embeddable":true,"href":"https:\/\/alleegalerii.ee\/en\/wp-json\/wp\/v2\/product_cat?post=40898"},{"taxonomy":"product_tag","embeddable":true,"href":"https:\/\/alleegalerii.ee\/en\/wp-json\/wp\/v2\/product_tag?post=40898"}],"curies":[{"name":"wp","href":"https:\/\/api.w.org\/{rel}","templated":true}]}}