{"id":40897,"date":"2026-04-15T12:59:55","date_gmt":"2026-04-15T09:59:55","guid":{"rendered":"https:\/\/alleegalerii.ee\/?post_type=product&#038;p=40897"},"modified":"2026-04-16T15:31:27","modified_gmt":"2026-04-16T12:31:27","slug":"129-mare-vint-vana-aed","status":"publish","type":"product","link":"https:\/\/alleegalerii.ee\/en\/shop\/129-mare-vint-vana-aed\/","title":{"rendered":"129. Mare Vint \u201cOld Garden\u201d"},"content":{"rendered":"<div class=\"wpb-content-wrapper\"><p>[vc_row][vc_column][vc_column_text css=&#8221;&#8221; woodmart_inline=&#8221;no&#8221; text_larger=&#8221;no&#8221;]<\/p>\n<h5>V\u00e4rviline litograafia paberil. 1993.<br \/>\nAll vasakul: &#8220;Vana aed&#8221; kolor. lito 16\/40<br \/>\nAll paremal: M. Vint &#8217;93<\/h5>\n<p>Tundlike ideaalmaastike poolest tuntud Mare Vint (1942-2020) on Eesti graafika \u00fcks silmapaistvamaid loojaid, kelle teostele annab nende meditatiivuse k\u00f5ige \u00fcleliigse eemaldamine &#8211; tundlikud kompositsioonid on taandatud vaid vajalikule. \u00dchtlasi v\u00f5imaldab see kunstnikul p\u00fchendada allesj\u00e4\u00e4vale j\u00e4\u00e4gitu t\u00e4helepanu &#8211; \u201carmastusega servast servani, \u00e4\u00e4rest \u00e4\u00e4reni\u201d nagu on seda \u00f6elnud Martti Soosaar.<\/p>\n<p>Mare Vindi teosed ei kirjelda konkreetseid paiku, vaid pigem vaimseid seisundeid, kus inimene leiab rahu ja vaikuse, aja iseendale. Ka \u201cVana aed\u201d m\u00f5jub justkui unen\u00e4gu ideaalsest rahuoaasist, kuhu Vint suunab vaataja p\u00fc\u00fcdlused ka hetkel, mil ta hommikul silmad avab. Litograafiatehnikas teosele on Vint v\u00e4rvipliiatsi pehme puudutusega andnud ainukordse ilme. Aluspinna puhtale valgusele asetab ta t\u00e4pselt paika timmitud ja omavahel harmoneeruvad toonid: pastelsed rohelised, \u00f5rnad sinakad ja soojad ookritoonid. \u00dcks, mille j\u00e4rgi Mare Vindi vormi alati \u00e4ra tunneb, on punkttehnika, mis annab taimestikule pehme, peaaegu vibreeriva faktuuri. See k\u00f5ik on ju elus!<\/p>\n<p style=\"text-align: right;\">Tekst: Katre Palm<\/p>\n<p>[\/vc_column_text][\/vc_column][\/vc_row]<\/p>\n<\/div>","protected":false},"excerpt":{"rendered":"<p>[vc_row][vc_column][vc_column_text css=&#8221;&#8221; woodmart_inline=&#8221;no&#8221; text_larger=&#8221;no&#8221;] V\u00e4rviline litograafia paberil. 1993. All vasakul: &#8220;Vana aed&#8221; kolor. lito 16\/40 All paremal: M. Vint &#8217;93<\/p>\n","protected":false},"featured_media":40169,"template":"","meta":{"_acf_changed":false},"product_brand":[],"product_cat":[435],"product_tag":[],"class_list":{"0":"post-40897","1":"product","2":"type-product","3":"status-publish","4":"has-post-thumbnail","6":"product_cat-kevadoksjon-2026","7":"auction-is-open","8":"current-user-is-not-highest-bidder","10":"first","11":"instock","12":"shipping-taxable","13":"purchasable","14":"product-type-auction"},"acf":[],"_links":{"self":[{"href":"https:\/\/alleegalerii.ee\/en\/wp-json\/wp\/v2\/product\/40897","targetHints":{"allow":["GET"]}}],"collection":[{"href":"https:\/\/alleegalerii.ee\/en\/wp-json\/wp\/v2\/product"}],"about":[{"href":"https:\/\/alleegalerii.ee\/en\/wp-json\/wp\/v2\/types\/product"}],"wp:featuredmedia":[{"embeddable":true,"href":"https:\/\/alleegalerii.ee\/en\/wp-json\/wp\/v2\/media\/40169"}],"wp:attachment":[{"href":"https:\/\/alleegalerii.ee\/en\/wp-json\/wp\/v2\/media?parent=40897"}],"wp:term":[{"taxonomy":"product_brand","embeddable":true,"href":"https:\/\/alleegalerii.ee\/en\/wp-json\/wp\/v2\/product_brand?post=40897"},{"taxonomy":"product_cat","embeddable":true,"href":"https:\/\/alleegalerii.ee\/en\/wp-json\/wp\/v2\/product_cat?post=40897"},{"taxonomy":"product_tag","embeddable":true,"href":"https:\/\/alleegalerii.ee\/en\/wp-json\/wp\/v2\/product_tag?post=40897"}],"curies":[{"name":"wp","href":"https:\/\/api.w.org\/{rel}","templated":true}]}}