{"id":40896,"date":"2026-04-15T14:00:49","date_gmt":"2026-04-15T11:00:49","guid":{"rendered":"https:\/\/alleegalerii.ee\/?post_type=product&#038;p=40896"},"modified":"2026-04-16T16:44:12","modified_gmt":"2026-04-16T13:44:12","slug":"211-lepo-mikko-talvine-hommik","status":"publish","type":"product","link":"https:\/\/alleegalerii.ee\/en\/shop\/211-lepo-mikko-talvine-hommik\/","title":{"rendered":"211. Lepo Mikko \u201cWinter Morning\u201d"},"content":{"rendered":"<div class=\"wpb-content-wrapper\"><p>[vc_row][vc_column][vc_column_text css=&#8221;&#8221; woodmart_inline=&#8221;no&#8221; text_larger=&#8221;no&#8221;]<\/p>\n<h5>\u00d5li l\u00f5uendil. 1963.<br \/>\nAll vasakul: MIKKO 63.<br \/>\nP\u00f6\u00f6rdel alusraamil: MIKKO &#8220;TALVINE HOMMIK&#8221; 1963.<\/h5>\n<p>Mulgimaalt Tuhalaanest p\u00e4rit ja 1939. aastal Pallase koos Elmar Kitse ja Endel K\u00f5ksiga l\u00f5petanud Lepo Mikko (1911-1978) teosed kuuluvad eesti kunstiklassika raudvarasse. Siinjuures moodustavad figuraalkompositsioonid tema loomingu hinnatuima osa.<\/p>\n<p>\u201cTalvine hommik\u201d on iseloomulik Mikko 1960. aastate algupoole loomingule, mil kunstniku geometriseeriv vormi\u00fcldistus m\u00f5jus pannoolikult. 1962. aastal s\u00fcndiski suur dekoratiivne pannoo \u201eL\u00f5ikuspidu\u201c (Tartu Kunstimuuseum). T\u00f6\u00f6 muudab eriliseks geometriseeritud hobuste motiivi kasutamine, mida me Mikko loomingus just sageli ei kohta.<\/p>\n<p>Esiplaanil kujutatud meestegrupiga maalile \u201eTalvine hommik\u201c on l\u00e4hedased Eesti Kunstimuuseumile kuuluvad teosed \u201eLume eel\u201c (1962) ja \u201eMaa ootab\u201c (1964), mis n\u00e4itab tema k\u00f5rgenenud huvi teema vastu tol perioodil. On omamoodi huvitav j\u00e4lgida motiivide v\u00f5i mustrite kordusi eri \u017eanrides. Nimelt meenutab \u00fche figuuri malelauamustriline vest ruudustikku kitarri s\u00f5rmlaual Mikko \u201eNat\u00fc\u00fcrmordis elektrikitarriga\u201c(1960, Tartu Kunstimuuseum). T\u00e4helepanu v\u00e4\u00e4rib ka Eestile nii omane saan, millele laotatud rahvusmustris tekk.<\/p>\n<p style=\"text-align: right;\">Tekst: Mai Levin<\/p>\n<p>[\/vc_column_text][\/vc_column][\/vc_row]<\/p>\n<\/div>","protected":false},"excerpt":{"rendered":"<p>[vc_row][vc_column][vc_column_text css=&#8221;&#8221; woodmart_inline=&#8221;no&#8221; text_larger=&#8221;no&#8221;] \u00d5li l\u00f5uendil. 1963. All vasakul: MIKKO 63. P\u00f6\u00f6rdel alusraamil: MIKKO &#8220;TALVINE HOMMIK&#8221; 1963. Mulgimaalt Tuhalaanest p\u00e4rit<\/p>\n","protected":false},"featured_media":38418,"template":"","meta":{"_acf_changed":false},"product_brand":[],"product_cat":[435],"product_tag":[],"class_list":{"0":"post-40896","1":"product","2":"type-product","3":"status-publish","4":"has-post-thumbnail","6":"product_cat-kevadoksjon-2026","7":"auction-is-open","9":"first","10":"instock","11":"shipping-taxable","12":"purchasable","13":"product-type-auction"},"acf":[],"_links":{"self":[{"href":"https:\/\/alleegalerii.ee\/en\/wp-json\/wp\/v2\/product\/40896","targetHints":{"allow":["GET"]}}],"collection":[{"href":"https:\/\/alleegalerii.ee\/en\/wp-json\/wp\/v2\/product"}],"about":[{"href":"https:\/\/alleegalerii.ee\/en\/wp-json\/wp\/v2\/types\/product"}],"wp:featuredmedia":[{"embeddable":true,"href":"https:\/\/alleegalerii.ee\/en\/wp-json\/wp\/v2\/media\/38418"}],"wp:attachment":[{"href":"https:\/\/alleegalerii.ee\/en\/wp-json\/wp\/v2\/media?parent=40896"}],"wp:term":[{"taxonomy":"product_brand","embeddable":true,"href":"https:\/\/alleegalerii.ee\/en\/wp-json\/wp\/v2\/product_brand?post=40896"},{"taxonomy":"product_cat","embeddable":true,"href":"https:\/\/alleegalerii.ee\/en\/wp-json\/wp\/v2\/product_cat?post=40896"},{"taxonomy":"product_tag","embeddable":true,"href":"https:\/\/alleegalerii.ee\/en\/wp-json\/wp\/v2\/product_tag?post=40896"}],"curies":[{"name":"wp","href":"https:\/\/api.w.org\/{rel}","templated":true}]}}