{"id":40895,"date":"2026-04-15T14:02:12","date_gmt":"2026-04-15T11:02:12","guid":{"rendered":"https:\/\/alleegalerii.ee\/?post_type=product&#038;p=40895"},"modified":"2026-04-16T16:45:12","modified_gmt":"2026-04-16T13:45:12","slug":"214-anatoli-kaigorodov-lohnavad-daaliad","status":"publish","type":"product","link":"https:\/\/alleegalerii.ee\/en\/shop\/214-anatoli-kaigorodov-lohnavad-daaliad\/","title":{"rendered":"214. Anatoli Kaigorodov \u201cFragrant Dahlias\u201d"},"content":{"rendered":"<div class=\"wpb-content-wrapper\"><p>[vc_row][vc_column][vc_column_text css=&#8221;&#8221; woodmart_inline=&#8221;no&#8221; text_larger=&#8221;no&#8221;]<\/p>\n<h5>\u00d5li l\u00f5uendil. 1936.<br \/>\nAll paremal: A. Kaigorodoff 36.<\/h5>\n<p>1920. aastate algul Eestisse elama asunud Anatoli Kaigorodovist (Kaigorodoff, 1878-1945) sai kirglik siinse kultuuri austaja. Juba Tallinnasse saabudes oli ta nimekas maalija, kes t\u00e4iendanud end p\u00e4rast Stieglitzi kunstikooli ja Kunstide Akadeemiat Pariisis ning esinenud enne I maailmas\u00f5da n\u00e4itustel M\u00fcnchenis ja Berliinis.<\/p>\n<p>Eelk\u00f5ige tunneme kunstnikku impressionistlike maastike ja linnavaadete maalijana ning tema loomingust leiame lillemaale v\u00e4ga harva, mist\u00f5ttu on k\u00e4esolev, juugendliku dekoratiivsusega teos oluliseks lisanduseks Kaigorodovi loomep\u00e4randisse. Kompositsioonis daaliatega on m\u00e4rgata meistri lopsakat pintslit\u00f6\u00f6d \u2013 ta ei takerdu udupeentesse detailidesse, vaid lisab mahlakust s\u00fcgavate v\u00e4rvitoonide ning pintslist endast l\u00f5uendile tekkivate joontega. Luksusliku hiina vaasi mustrit peegeldab ta edasi laual, mis justkui sulab \u00fclej\u00e4\u00e4nud, tihedalt l\u00e4bimaalitud taustaga kokku. Sellega kirjutab teos \u201cL\u00f5hnavad daaliad\u201d suurte t\u00e4htedega Kaigorodovi v\u00f5imete pagasisse ka tubase lillemaali \u017eanri.<\/p>\n<p style=\"text-align: right;\">Tekst: Mai Levin, Katre Palm<\/p>\n<p>[\/vc_column_text][\/vc_column][\/vc_row]<\/p>\n<\/div>","protected":false},"excerpt":{"rendered":"<p>[vc_row][vc_column][vc_column_text css=&#8221;&#8221; woodmart_inline=&#8221;no&#8221; text_larger=&#8221;no&#8221;] \u00d5li l\u00f5uendil. 1936. All paremal: A. Kaigorodoff 36. 1920. aastate algul Eestisse elama asunud Anatoli Kaigorodovist<\/p>\n","protected":false},"featured_media":38306,"template":"","meta":{"_acf_changed":false},"product_brand":[],"product_cat":[435],"product_tag":[],"class_list":{"0":"post-40895","1":"product","2":"type-product","3":"status-publish","4":"has-post-thumbnail","6":"product_cat-kevadoksjon-2026","7":"auction-is-open","9":"first","10":"instock","11":"shipping-taxable","12":"purchasable","13":"product-type-auction"},"acf":[],"_links":{"self":[{"href":"https:\/\/alleegalerii.ee\/en\/wp-json\/wp\/v2\/product\/40895","targetHints":{"allow":["GET"]}}],"collection":[{"href":"https:\/\/alleegalerii.ee\/en\/wp-json\/wp\/v2\/product"}],"about":[{"href":"https:\/\/alleegalerii.ee\/en\/wp-json\/wp\/v2\/types\/product"}],"wp:featuredmedia":[{"embeddable":true,"href":"https:\/\/alleegalerii.ee\/en\/wp-json\/wp\/v2\/media\/38306"}],"wp:attachment":[{"href":"https:\/\/alleegalerii.ee\/en\/wp-json\/wp\/v2\/media?parent=40895"}],"wp:term":[{"taxonomy":"product_brand","embeddable":true,"href":"https:\/\/alleegalerii.ee\/en\/wp-json\/wp\/v2\/product_brand?post=40895"},{"taxonomy":"product_cat","embeddable":true,"href":"https:\/\/alleegalerii.ee\/en\/wp-json\/wp\/v2\/product_cat?post=40895"},{"taxonomy":"product_tag","embeddable":true,"href":"https:\/\/alleegalerii.ee\/en\/wp-json\/wp\/v2\/product_tag?post=40895"}],"curies":[{"name":"wp","href":"https:\/\/api.w.org\/{rel}","templated":true}]}}