{"id":40894,"date":"2026-04-15T14:02:30","date_gmt":"2026-04-15T11:02:30","guid":{"rendered":"https:\/\/alleegalerii.ee\/?post_type=product&#038;p=40894"},"modified":"2026-04-16T16:45:34","modified_gmt":"2026-04-16T13:45:34","slug":"215-juhan-muks-pojengid","status":"publish","type":"product","link":"https:\/\/alleegalerii.ee\/en\/shop\/215-juhan-muks-pojengid\/","title":{"rendered":"215. Juhan Muks \u201cPeonies\u201d"},"content":{"rendered":"<div class=\"wpb-content-wrapper\"><p>[vc_row][vc_column][vc_column_text css=&#8221;&#8221; woodmart_inline=&#8221;no&#8221; text_larger=&#8221;no&#8221;]<\/p>\n<h5>\u00d5li l\u00f5uendil. 1930ndad<br \/>\nAll paremal: Muks<\/h5>\n<p><span style=\"font-weight: 400;\">Juhan Muks (1899-1983) maalis lilli l\u00e4bi elu ning sageli neid ei dateerinud, ent k\u00e4esoleva maali jahe vormiselgus ja lillede kujutamisviis lubab paigutada teose perioodi enne tema Pariisi minekut 1933. aastal. V\u00f5rreldav teos asub n\u00e4iteks Viljandi Muuseumis (\u201eLilled (Pojengid)\u201c, 1931).\u00a0<\/span><\/p>\n<p><span style=\"font-weight: 400;\">Meie ees oleval maalil s\u00e4tib Muks \u00f5ied tumerohelisse savikannu nii loomulikus asendis, et j\u00e4\u00e4b mulje justkui oleks need iseenesest perfektsesse kompositsiooni vajunud. Siin pole pingutatult \u00fchepikkuseks l\u00f5igatud varsi, vaid pojengid on esitletud t\u00e4pselt sellisena nagu loodus on neid loonud. Kunstnik tabab t\u00e4pselt v\u00e4rskete \u00f5ite t\u00e4idlaselt mahlakad v\u00e4rvitoonid &#8211; karmiinpunase, kreemjasvalge ja puuderroosa, millest viimasesse segab h\u00f5rku maasikavahtu. On n\u00e4ha, et kunstnik naudib loomise protsessi t\u00e4iel rinnal.<\/span><\/p>\n<p style=\"text-align: right;\">Tekst: Mai Levin, Katre Palm<\/p>\n<p>[\/vc_column_text][\/vc_column][\/vc_row]<\/p>\n<\/div>","protected":false},"excerpt":{"rendered":"<p>[vc_row][vc_column][vc_column_text css=&#8221;&#8221; woodmart_inline=&#8221;no&#8221; text_larger=&#8221;no&#8221;] \u00d5li l\u00f5uendil. 1930ndad All paremal: Muks Juhan Muks (1899-1983) maalis lilli l\u00e4bi elu ning sageli neid<\/p>\n","protected":false},"featured_media":40139,"template":"","meta":{"_acf_changed":false},"product_brand":[],"product_cat":[435],"product_tag":[],"class_list":{"0":"post-40894","1":"product","2":"type-product","3":"status-publish","4":"has-post-thumbnail","6":"product_cat-kevadoksjon-2026","7":"auction-is-open","9":"first","10":"instock","11":"shipping-taxable","12":"purchasable","13":"product-type-auction"},"acf":[],"_links":{"self":[{"href":"https:\/\/alleegalerii.ee\/en\/wp-json\/wp\/v2\/product\/40894","targetHints":{"allow":["GET"]}}],"collection":[{"href":"https:\/\/alleegalerii.ee\/en\/wp-json\/wp\/v2\/product"}],"about":[{"href":"https:\/\/alleegalerii.ee\/en\/wp-json\/wp\/v2\/types\/product"}],"wp:featuredmedia":[{"embeddable":true,"href":"https:\/\/alleegalerii.ee\/en\/wp-json\/wp\/v2\/media\/40139"}],"wp:attachment":[{"href":"https:\/\/alleegalerii.ee\/en\/wp-json\/wp\/v2\/media?parent=40894"}],"wp:term":[{"taxonomy":"product_brand","embeddable":true,"href":"https:\/\/alleegalerii.ee\/en\/wp-json\/wp\/v2\/product_brand?post=40894"},{"taxonomy":"product_cat","embeddable":true,"href":"https:\/\/alleegalerii.ee\/en\/wp-json\/wp\/v2\/product_cat?post=40894"},{"taxonomy":"product_tag","embeddable":true,"href":"https:\/\/alleegalerii.ee\/en\/wp-json\/wp\/v2\/product_tag?post=40894"}],"curies":[{"name":"wp","href":"https:\/\/api.w.org\/{rel}","templated":true}]}}