{"id":40891,"date":"2026-04-15T13:28:08","date_gmt":"2026-04-15T10:28:08","guid":{"rendered":"https:\/\/alleegalerii.ee\/?post_type=product&#038;p=40891"},"modified":"2026-04-16T16:09:53","modified_gmt":"2026-04-16T13:09:53","slug":"174-varmo-pirk-pohjarannik","status":"publish","type":"product","link":"https:\/\/alleegalerii.ee\/en\/shop\/174-varmo-pirk-pohjarannik\/","title":{"rendered":"174. Varmo Pirk \u201cNorthern Coast\u201d"},"content":{"rendered":"<div class=\"wpb-content-wrapper\"><p>[vc_row][vc_column][vc_column_text css=&#8221;&#8221; woodmart_inline=&#8221;no&#8221; text_larger=&#8221;no&#8221;]<\/p>\n<h5>Akvarell paberil. 1966.<br \/>\nAll vasakul: Varmo Pirk 1966<\/h5>\n<p>Villem Ormissoni, Aleksander Vardi ning mitme teise suurmeistri k\u00e4e all kunstihariduse saanud Varmo Pirgi (1913-1980) loomingus t\u00e4histasid 1960ndad (j\u00e4tkus ka 1970ndatel) stiliseerimise ja vormide \u00fcldistamise suunda, kus realistlik motiiv muutus \u00fcha enam s\u00fcmboolseks maastikuks.<\/p>\n<p>K\u00e4esolev akvarell toob vaatajani dramaatilise P\u00f5hja-Eesti rannikuvaate, kus massiivne kalju t\u00f5useb esile monumentaalse, peaaegu arhitektoonilise kujundina. Pirk liigendab paekivi tahuseid vorme kiht-kihi haaval, jutustades kivist kui ajas settinud struktuurist. Kalju serval seisev tilluke figuur lisab kompositsioonile aga m\u00f5\u00f5tkava ja eksistentsiaalse m\u00f5\u00f5tme \u2013 inimene looduse \u00fclevuse ja avaruse keskel.<\/p>\n<p>Erilist t\u00e4helepanu v\u00e4\u00e4rib teosel taevas. Rohekad, sinakad ja kollakad toonid keerlevad laotuses justkui tuule ja valguse liikumist j\u00e4lgides. Akvarellile omane l\u00e4bikumavus annab sellele atmosf\u00e4\u00e4rile \u00f5hulisuse, mis aitab v\u00f5imendada hetke, mil valgus, \u00f5hk ja kivim moodustavad \u00fchtse dramaatilise terviku.<\/p>\n<p style=\"text-align: right;\">Tekst: Katre Palm<\/p>\n<p>[\/vc_column_text][\/vc_column][\/vc_row]<\/p>\n<\/div>","protected":false},"excerpt":{"rendered":"<p>[vc_row][vc_column][vc_column_text css=&#8221;&#8221; woodmart_inline=&#8221;no&#8221; text_larger=&#8221;no&#8221;] Akvarell paberil. 1966. All vasakul: Varmo Pirk 1966 Villem Ormissoni, Aleksander Vardi ning mitme teise suurmeistri<\/p>\n","protected":false},"featured_media":39118,"template":"","meta":{"_acf_changed":false},"product_brand":[],"product_cat":[435],"product_tag":[],"class_list":{"0":"post-40891","1":"product","2":"type-product","3":"status-publish","4":"has-post-thumbnail","6":"product_cat-kevadoksjon-2026","7":"auction-is-open","9":"first","10":"instock","11":"shipping-taxable","12":"purchasable","13":"product-type-auction"},"acf":[],"_links":{"self":[{"href":"https:\/\/alleegalerii.ee\/en\/wp-json\/wp\/v2\/product\/40891","targetHints":{"allow":["GET"]}}],"collection":[{"href":"https:\/\/alleegalerii.ee\/en\/wp-json\/wp\/v2\/product"}],"about":[{"href":"https:\/\/alleegalerii.ee\/en\/wp-json\/wp\/v2\/types\/product"}],"wp:featuredmedia":[{"embeddable":true,"href":"https:\/\/alleegalerii.ee\/en\/wp-json\/wp\/v2\/media\/39118"}],"wp:attachment":[{"href":"https:\/\/alleegalerii.ee\/en\/wp-json\/wp\/v2\/media?parent=40891"}],"wp:term":[{"taxonomy":"product_brand","embeddable":true,"href":"https:\/\/alleegalerii.ee\/en\/wp-json\/wp\/v2\/product_brand?post=40891"},{"taxonomy":"product_cat","embeddable":true,"href":"https:\/\/alleegalerii.ee\/en\/wp-json\/wp\/v2\/product_cat?post=40891"},{"taxonomy":"product_tag","embeddable":true,"href":"https:\/\/alleegalerii.ee\/en\/wp-json\/wp\/v2\/product_tag?post=40891"}],"curies":[{"name":"wp","href":"https:\/\/api.w.org\/{rel}","templated":true}]}}