{"id":40888,"date":"2026-04-15T13:55:48","date_gmt":"2026-04-15T10:55:48","guid":{"rendered":"https:\/\/alleegalerii.ee\/?post_type=product&#038;p=40888"},"modified":"2026-04-16T16:38:04","modified_gmt":"2026-04-16T13:38:04","slug":"196-ants-murakin-suvilas","status":"publish","type":"product","link":"https:\/\/alleegalerii.ee\/en\/shop\/196-ants-murakin-suvilas\/","title":{"rendered":"196. Ants Murakin \u201cAt the Summer House\u201d"},"content":{"rendered":"<div class=\"wpb-content-wrapper\"><p>[vc_row][vc_column][vc_column_text css=&#8221;&#8221; woodmart_inline=&#8221;no&#8221; text_larger=&#8221;no&#8221;]<\/p>\n<h5>\u00d5li masoniidil.1960ndad.<br \/>\nAll paremal: AMurakin<br \/>\nP\u00f6\u00f6rdel: Vid sommarstugan<\/h5>\n<p>1944. aastast Rootsi elama asunud Ants Murakin j\u00e4i kuni elu l\u00f5puni eesti patrioodiks, kes ka v\u00e4lismaal olles hoidis au sees eesti keelt ja selle \u00f5petamist. P\u00e4rast s\u00f5da elas ta Norrk\u00f6pingis, mille l\u00e4hedal L\u00e4\u00e4nemeres asusid kohalike jaoks id\u00fcllilise puhkuseelu s\u00fcnon\u00fc\u00fcmiks saanud supelrandu t\u00e4is saared.<\/p>\n<p>Just \u00fchel neist kaljusaartest asus ka k\u00e4esolev suvilavaade. Kunstniku t\u00e4helepanu on siin eelk\u00f5ige p\u00f6\u00f6ratud valitseva tunde edasi andmisele l\u00e4bi sooja suvep\u00e4eva valguse ja koloriidi. Puuv\u00f5rades m\u00e4nglevad p\u00e4ikesekiired ning sinise veepinna sillerdus viitavad pealel\u00f5unasele v\u00f5i \u00f5htusele ajale, mil suplejad v\u00e4sinuna \u00f5htus\u00f6\u00f6giks koju naasevad. Nostalgiliseks muudab teose pilk, mille Murakin suunab m\u00f6\u00f6da rohelist n\u00f5lva alla veepiirini, kus asub valge pink ja sild &#8211; maali keskne rahupunkt.<\/p>\n<p style=\"text-align: right;\">Tekst: Katre Palm, Mai Levin<\/p>\n<p>[\/vc_column_text][\/vc_column][\/vc_row]<\/p>\n<\/div>","protected":false},"excerpt":{"rendered":"<p>[vc_row][vc_column][vc_column_text css=&#8221;&#8221; woodmart_inline=&#8221;no&#8221; text_larger=&#8221;no&#8221;] \u00d5li masoniidil.1960ndad. All paremal: AMurakin P\u00f6\u00f6rdel: Vid sommarstugan 1944. aastast Rootsi elama asunud Ants Murakin j\u00e4i<\/p>\n","protected":false},"featured_media":39309,"template":"","meta":{"_acf_changed":false},"product_brand":[],"product_cat":[435],"product_tag":[],"class_list":{"0":"post-40888","1":"product","2":"type-product","3":"status-publish","4":"has-post-thumbnail","6":"product_cat-kevadoksjon-2026","7":"auction-is-open","9":"first","10":"instock","11":"shipping-taxable","12":"purchasable","13":"product-type-auction"},"acf":[],"_links":{"self":[{"href":"https:\/\/alleegalerii.ee\/en\/wp-json\/wp\/v2\/product\/40888","targetHints":{"allow":["GET"]}}],"collection":[{"href":"https:\/\/alleegalerii.ee\/en\/wp-json\/wp\/v2\/product"}],"about":[{"href":"https:\/\/alleegalerii.ee\/en\/wp-json\/wp\/v2\/types\/product"}],"wp:featuredmedia":[{"embeddable":true,"href":"https:\/\/alleegalerii.ee\/en\/wp-json\/wp\/v2\/media\/39309"}],"wp:attachment":[{"href":"https:\/\/alleegalerii.ee\/en\/wp-json\/wp\/v2\/media?parent=40888"}],"wp:term":[{"taxonomy":"product_brand","embeddable":true,"href":"https:\/\/alleegalerii.ee\/en\/wp-json\/wp\/v2\/product_brand?post=40888"},{"taxonomy":"product_cat","embeddable":true,"href":"https:\/\/alleegalerii.ee\/en\/wp-json\/wp\/v2\/product_cat?post=40888"},{"taxonomy":"product_tag","embeddable":true,"href":"https:\/\/alleegalerii.ee\/en\/wp-json\/wp\/v2\/product_tag?post=40888"}],"curies":[{"name":"wp","href":"https:\/\/api.w.org\/{rel}","templated":true}]}}