{"id":40887,"date":"2026-04-15T13:03:26","date_gmt":"2026-04-15T10:03:26","guid":{"rendered":"https:\/\/alleegalerii.ee\/?post_type=product&#038;p=40887"},"modified":"2026-04-16T15:35:07","modified_gmt":"2026-04-16T12:35:07","slug":"139-erich-pehap-daam-helesinisel","status":"publish","type":"product","link":"https:\/\/alleegalerii.ee\/en\/shop\/139-erich-pehap-daam-helesinisel\/","title":{"rendered":"139. Erich Pehap \u201cLady in Light Blue\u201d"},"content":{"rendered":"<div class=\"wpb-content-wrapper\"><p>[vc_row][vc_column][vc_column_text css=&#8221;&#8221; woodmart_inline=&#8221;no&#8221; text_larger=&#8221;no&#8221;]<\/p>\n<h5>\u00d5li kartongil. 1950ndad.<br \/>\nAll paremal: Eric Pehap<\/h5>\n<p>Erich Pehapi (1912-1981) figuratiivsed maalid on omaette p\u00f5nev kunstiline r\u00e4nnak, sest klassikalise figuurik\u00e4sitluse asemel taandab ta keha suuremateks v\u00e4rvipindadeks. Nii muutuvad tema teosed t\u00e4iesti erinevaks v\u00e4ga l\u00e4hedalt v\u00f5i v\u00e4ga kaugelt vaadates.<\/p>\n<p>\u201cDaam helesinisel\u201d baseerub punasel, helesinisel ja pehmel oran\u017eil, mille Pehap on jaganud selgelt eristatavatesse sektoritesse. Kunstnikule omaselt on erilise t\u00e4helepanu all valgus, mis jagab kauni modelli n\u00e4o kaheks pooleks &#8211; n\u00e4htavaks ning varjatuks, lisades teosele t\u00e4iesti uued alltekstid.<\/p>\n<p style=\"text-align: right;\">Tekst: Katre Palm<\/p>\n<p>[\/vc_column_text][\/vc_column][\/vc_row]<\/p>\n<\/div>","protected":false},"excerpt":{"rendered":"<p>[vc_row][vc_column][vc_column_text css=&#8221;&#8221; woodmart_inline=&#8221;no&#8221; text_larger=&#8221;no&#8221;] \u00d5li kartongil. 1950ndad. All paremal: Eric Pehap Erich Pehapi (1912-1981) figuratiivsed maalid on omaette p\u00f5nev kunstiline<\/p>\n","protected":false},"featured_media":39332,"template":"","meta":{"_acf_changed":false},"product_brand":[],"product_cat":[435],"product_tag":[],"class_list":{"0":"post-40887","1":"product","2":"type-product","3":"status-publish","4":"has-post-thumbnail","6":"product_cat-kevadoksjon-2026","7":"auction-is-open","9":"first","10":"instock","11":"shipping-taxable","12":"purchasable","13":"product-type-auction"},"acf":[],"_links":{"self":[{"href":"https:\/\/alleegalerii.ee\/en\/wp-json\/wp\/v2\/product\/40887","targetHints":{"allow":["GET"]}}],"collection":[{"href":"https:\/\/alleegalerii.ee\/en\/wp-json\/wp\/v2\/product"}],"about":[{"href":"https:\/\/alleegalerii.ee\/en\/wp-json\/wp\/v2\/types\/product"}],"wp:featuredmedia":[{"embeddable":true,"href":"https:\/\/alleegalerii.ee\/en\/wp-json\/wp\/v2\/media\/39332"}],"wp:attachment":[{"href":"https:\/\/alleegalerii.ee\/en\/wp-json\/wp\/v2\/media?parent=40887"}],"wp:term":[{"taxonomy":"product_brand","embeddable":true,"href":"https:\/\/alleegalerii.ee\/en\/wp-json\/wp\/v2\/product_brand?post=40887"},{"taxonomy":"product_cat","embeddable":true,"href":"https:\/\/alleegalerii.ee\/en\/wp-json\/wp\/v2\/product_cat?post=40887"},{"taxonomy":"product_tag","embeddable":true,"href":"https:\/\/alleegalerii.ee\/en\/wp-json\/wp\/v2\/product_tag?post=40887"}],"curies":[{"name":"wp","href":"https:\/\/api.w.org\/{rel}","templated":true}]}}