{"id":40884,"date":"2026-04-15T13:27:01","date_gmt":"2026-04-15T10:27:01","guid":{"rendered":"https:\/\/alleegalerii.ee\/?post_type=product&#038;p=40884"},"modified":"2026-04-16T16:08:19","modified_gmt":"2026-04-16T13:08:19","slug":"170-richard-uutmaa-rannamannid","status":"publish","type":"product","link":"https:\/\/alleegalerii.ee\/en\/shop\/170-richard-uutmaa-rannamannid\/","title":{"rendered":"170. Richard Uutmaa \u201cCoastal Pines\u201d"},"content":{"rendered":"<div class=\"wpb-content-wrapper\"><p>[vc_row][vc_column][vc_column_text css=&#8221;&#8221; woodmart_inline=&#8221;no&#8221; text_larger=&#8221;no&#8221;]<\/p>\n<h5>\u00d5li l\u00f5uendil. 1963.<br \/>\nAll paremal: R. Uutmaa, 1963 a.<br \/>\nP\u00f6\u00f6rdel alusraamil: R. Uutmaa &#8220;Rannam\u00e4nnid&#8221; 1963 a<\/h5>\n<p style=\"text-align: right;\"><i>\u201cLiiv laulab luidetel.<\/i><i><br \/>\n<\/i><i>Lainete kanda j\u00e4\u00e4b<\/i><i><br \/>\n<\/i><i>helkivaid p\u00e4ikeseteri.<\/i><i><br \/>\n<\/i><i>Nii koduselt kokku on juhtunud randa<\/i><i><br \/>\n<\/i><i>mets &#8211; madalad m\u00e4nnid ja meri.\u201d<\/i><\/p>\n<p style=\"text-align: right;\">Katkend Arno Vihalemma luuletusest \u201cLiiv laulab luidetel\u201d<\/p>\n<p>Marinist Richard Uutmaa (1905-1977) jaoks oli iga rand ainukordne. Ka sama rand, kuhu ta v\u00f5is k\u00fcmneid kordi sattuda, avas igal korral ennast talle uue nurga alt. Oma m\u00e4lestustes on ta lausa imestanud, kuidas ta oma r\u00e4nnakutel nii v\u00e4he inimesi rannas jalutamas n\u00e4gi &#8211; tema jaoks peitus igas kivis, igas laines ja nende kohal laiuvas taevas l\u00f5putu seiklus. Ka tema rannavaated ei taotle mitte niiv\u00f5rd topograafilist t\u00e4psust, vaid kogemust \u2013 tunnet, mida see konkreetne paik ja hetk endas kannab.<\/p>\n<p>Teosele \u201eRannam\u00e4nnid\u201c l\u00e4heneb Uutmaa kui v\u00f5imsale teatrietendusele, kus esiplaanil olevad, tugevate tuulte poolt vormitud m\u00e4nnid m\u00e4ngivad korraga nii kulisside kui peategelase rolli. Kaldu t\u00fcved ja laiali vajuvad oksad loovad d\u00fcnaamilise liikumise, mis suunab pilgu horisondi poole &#8211; merele. Ja just seal m\u00e4rkame t\u00fc\u00fcnel merel helkivaid p\u00e4ikeseteri, mida imetles ka Uutmaa kolleeg, maalikunstnik ja luuletaja Arno Vihalemm \u00fclaltoodud v\u00e4rsiridades.<\/p>\n<p style=\"text-align: right;\">Tekst: Katre Palm<\/p>\n<p>[\/vc_column_text][\/vc_column][\/vc_row]<\/p>\n<\/div>","protected":false},"excerpt":{"rendered":"<p>[vc_row][vc_column][vc_column_text css=&#8221;&#8221; woodmart_inline=&#8221;no&#8221; text_larger=&#8221;no&#8221;] \u00d5li l\u00f5uendil. 1963. All paremal: R. Uutmaa, 1963 a. P\u00f6\u00f6rdel alusraamil: R. Uutmaa &#8220;Rannam\u00e4nnid&#8221; 1963 a<\/p>\n","protected":false},"featured_media":38676,"template":"","meta":{"_acf_changed":false},"product_brand":[],"product_cat":[435],"product_tag":[],"class_list":{"0":"post-40884","1":"product","2":"type-product","3":"status-publish","4":"has-post-thumbnail","6":"product_cat-kevadoksjon-2026","7":"auction-is-open","8":"current-user-is-not-highest-bidder","10":"first","11":"instock","12":"shipping-taxable","13":"purchasable","14":"product-type-auction"},"acf":[],"_links":{"self":[{"href":"https:\/\/alleegalerii.ee\/en\/wp-json\/wp\/v2\/product\/40884","targetHints":{"allow":["GET"]}}],"collection":[{"href":"https:\/\/alleegalerii.ee\/en\/wp-json\/wp\/v2\/product"}],"about":[{"href":"https:\/\/alleegalerii.ee\/en\/wp-json\/wp\/v2\/types\/product"}],"wp:featuredmedia":[{"embeddable":true,"href":"https:\/\/alleegalerii.ee\/en\/wp-json\/wp\/v2\/media\/38676"}],"wp:attachment":[{"href":"https:\/\/alleegalerii.ee\/en\/wp-json\/wp\/v2\/media?parent=40884"}],"wp:term":[{"taxonomy":"product_brand","embeddable":true,"href":"https:\/\/alleegalerii.ee\/en\/wp-json\/wp\/v2\/product_brand?post=40884"},{"taxonomy":"product_cat","embeddable":true,"href":"https:\/\/alleegalerii.ee\/en\/wp-json\/wp\/v2\/product_cat?post=40884"},{"taxonomy":"product_tag","embeddable":true,"href":"https:\/\/alleegalerii.ee\/en\/wp-json\/wp\/v2\/product_tag?post=40884"}],"curies":[{"name":"wp","href":"https:\/\/api.w.org\/{rel}","templated":true}]}}