{"id":40881,"date":"2026-04-15T13:25:49","date_gmt":"2026-04-15T10:25:49","guid":{"rendered":"https:\/\/alleegalerii.ee\/?post_type=product&#038;p=40881"},"modified":"2026-04-16T16:07:37","modified_gmt":"2026-04-16T13:07:37","slug":"168-valerian-loik-puhavaimu","status":"publish","type":"product","link":"https:\/\/alleegalerii.ee\/en\/shop\/168-valerian-loik-puhavaimu\/","title":{"rendered":"168. Valerian Loik \"P\u00fchavaimu\""},"content":{"rendered":"<div class=\"wpb-content-wrapper\"><p>[vc_row][vc_column][vc_column_text css=&#8221;&#8221; woodmart_inline=&#8221;no&#8221; text_larger=&#8221;no&#8221;]<\/p>\n<h5>\u00d5li l\u00f5uendil. 1930ndate l\u00f5pp\/ 1940ndate algus.<br \/>\nAll vasakul: Loik<\/h5>\n<p>Pallaslase Valerian Loigu (1904-1986) realistlikus loomingus on nii linnavaadet, v\u00f5imsaid figuraalkompositsioone, nat\u00fc\u00fcrmorte kui portreid, ent ajaloolisi interj\u00f6\u00f6re pole ta palju maalinud.<\/p>\n<p>Tallinna kauneima ja rikkalikuma interj\u00f6\u00f6riga P\u00fchavaimu kirik on pakkunud Loigule kui koloristile h\u00e4id v\u00f5imalusi oma oskusi demonstreerida. Tal on silma nii detailide (kantsel, maalid, v\u00e4\u00e4rid) kui \u00fcldmulje j\u00e4\u00e4dvustamiseks, et tuua v\u00e4lja kiriku sisemus kui asi iseeneses ja kui t\u00e4nuv\u00e4\u00e4rne objekt maalijale.\u00a0 Peale s\u00f5da ajal oli kunstis risti kujutamine kirikute puhul \u00fcldjuhul keelatud, mist\u00f5ttu ei saanud Loik teost hiljem n\u00e4itustel eksponeerida.<\/p>\n<p>Teos j\u00f5uab oksjonile kunstniku p\u00e4randkogust.<\/p>\n<p style=\"text-align: right;\">Tekst: Harry Liivrand<\/p>\n<p>[\/vc_column_text][\/vc_column][\/vc_row]<\/p>\n<\/div>","protected":false},"excerpt":{"rendered":"<p>[vc_row][vc_column][vc_column_text css=&#8221;&#8221; woodmart_inline=&#8221;no&#8221; text_larger=&#8221;no&#8221;] \u00d5li l\u00f5uendil. 1930ndate l\u00f5pp\/ 1940ndate algus. All vasakul: Loik Pallaslase Valerian Loigu (1904-1986) realistlikus loomingus on<\/p>\n","protected":false},"featured_media":40313,"template":"","meta":{"_acf_changed":false},"product_brand":[],"product_cat":[435],"product_tag":[],"class_list":{"0":"post-40881","1":"product","2":"type-product","3":"status-publish","4":"has-post-thumbnail","6":"product_cat-kevadoksjon-2026","7":"auction-is-open","9":"first","10":"instock","11":"shipping-taxable","12":"purchasable","13":"product-type-auction"},"acf":[],"_links":{"self":[{"href":"https:\/\/alleegalerii.ee\/en\/wp-json\/wp\/v2\/product\/40881","targetHints":{"allow":["GET"]}}],"collection":[{"href":"https:\/\/alleegalerii.ee\/en\/wp-json\/wp\/v2\/product"}],"about":[{"href":"https:\/\/alleegalerii.ee\/en\/wp-json\/wp\/v2\/types\/product"}],"wp:featuredmedia":[{"embeddable":true,"href":"https:\/\/alleegalerii.ee\/en\/wp-json\/wp\/v2\/media\/40313"}],"wp:attachment":[{"href":"https:\/\/alleegalerii.ee\/en\/wp-json\/wp\/v2\/media?parent=40881"}],"wp:term":[{"taxonomy":"product_brand","embeddable":true,"href":"https:\/\/alleegalerii.ee\/en\/wp-json\/wp\/v2\/product_brand?post=40881"},{"taxonomy":"product_cat","embeddable":true,"href":"https:\/\/alleegalerii.ee\/en\/wp-json\/wp\/v2\/product_cat?post=40881"},{"taxonomy":"product_tag","embeddable":true,"href":"https:\/\/alleegalerii.ee\/en\/wp-json\/wp\/v2\/product_tag?post=40881"}],"curies":[{"name":"wp","href":"https:\/\/api.w.org\/{rel}","templated":true}]}}