{"id":40880,"date":"2026-04-15T13:06:18","date_gmt":"2026-04-15T10:06:18","guid":{"rendered":"https:\/\/alleegalerii.ee\/?post_type=product&#038;p=40880"},"modified":"2026-04-16T15:45:54","modified_gmt":"2026-04-16T12:45:54","slug":"146-eduard-wiiralt-naerev-kaamel-kaameli-pea","status":"publish","type":"product","link":"https:\/\/alleegalerii.ee\/en\/shop\/146-eduard-wiiralt-naerev-kaamel-kaameli-pea\/","title":{"rendered":"146. Eduard Wiiralt \u201cLaughing Camel (Camel\u2019s Head)\u201d"},"content":{"rendered":"<div class=\"wpb-content-wrapper\"><p>[vc_row][vc_column][vc_column_text css=&#8221;&#8221; woodmart_inline=&#8221;no&#8221; text_larger=&#8221;no&#8221;]<\/p>\n<h5>Pehmelakk paberil. 1938.<br \/>\nAll vasakul plaadil: E. WIIRALT MARRAKECH 11 IX 1938<br \/>\nAll paremal: E. Wiiralt<br \/>\nP\u00f6\u00f6rdel: 25 Nov. 1946<\/h5>\n<p>1938. aastal juulist 1939. aasta veebruarini Marrakechis viibides huvitus Eduard Wiiralt (1898-1954) kaameleist peaaegu samapalju kui araablastest ja berberitest. Need suursugused loomad elasid ta kodusel sisses\u00f5iduteel ning seet\u00f5ttu oli tal v\u00f5imalus nende tegemisi s\u00fcvenenult ja pikema aja jooksul j\u00e4lgida &#8211; just samamoodi oli ta ju k\u00e4itunud ka Pariisi loomaaaias, mil sealseid kaslasi joonistamas k\u00e4is.<\/p>\n<p>K\u00e4esoleva teose aluseks olevat joonistust alustas ta 1938. aastal ning l\u00f5petas Pariisis 1939. Kunstnik on oma grav\u00fc\u00fcride dateerimisel sageli l\u00e4htunud teose idee tekkimise hetkest v\u00f5i aluseks olnud joonistuse daatumist. On h\u00e4mmastav, kui hingestatult annab ta l\u00e4bi pikkade ripsmete alt paistva niiske silma edasi kaameli s\u00fcgavama olemuse. Ent on ju silm, kui hinge peegel olnud l\u00e4bi loomingu tema \u00fcks olulisemaid v\u00e4ljendusvahendeid (m\u00f5elgem kasv\u00f5i kogu maailma lootust endal kandva \u201cVirve\u201d silmadele). Sama t\u00f6\u00f6d t\u00f6\u00f6d arendas Wiiralt 1950. aastal edasi segatehnikas \u201eKaameli peaks\u201c \u00f6ise maastiku foonil.<\/p>\n<p>Teose alusjoonistus ja pehmelaki t\u00f5mmis kuuluvad ka Eesti Kunstimuuseumi kollektsiooni.<\/p>\n<p style=\"text-align: right;\">Tekst: Mai Levin, Katre Palm<\/p>\n<p>[\/vc_column_text][\/vc_column][\/vc_row]<\/p>\n<\/div>","protected":false},"excerpt":{"rendered":"<p>[vc_row][vc_column][vc_column_text css=&#8221;&#8221; woodmart_inline=&#8221;no&#8221; text_larger=&#8221;no&#8221;] Pehmelakk paberil. 1938. All vasakul plaadil: E. WIIRALT MARRAKECH 11 IX 1938 All paremal: E. Wiiralt<\/p>\n","protected":false},"featured_media":39909,"template":"","meta":{"_acf_changed":false},"product_brand":[],"product_cat":[435],"product_tag":[],"class_list":{"0":"post-40880","1":"product","2":"type-product","3":"status-publish","4":"has-post-thumbnail","6":"product_cat-kevadoksjon-2026","7":"auction-is-open","9":"first","10":"instock","11":"shipping-taxable","12":"purchasable","13":"product-type-auction"},"acf":[],"_links":{"self":[{"href":"https:\/\/alleegalerii.ee\/en\/wp-json\/wp\/v2\/product\/40880","targetHints":{"allow":["GET"]}}],"collection":[{"href":"https:\/\/alleegalerii.ee\/en\/wp-json\/wp\/v2\/product"}],"about":[{"href":"https:\/\/alleegalerii.ee\/en\/wp-json\/wp\/v2\/types\/product"}],"wp:featuredmedia":[{"embeddable":true,"href":"https:\/\/alleegalerii.ee\/en\/wp-json\/wp\/v2\/media\/39909"}],"wp:attachment":[{"href":"https:\/\/alleegalerii.ee\/en\/wp-json\/wp\/v2\/media?parent=40880"}],"wp:term":[{"taxonomy":"product_brand","embeddable":true,"href":"https:\/\/alleegalerii.ee\/en\/wp-json\/wp\/v2\/product_brand?post=40880"},{"taxonomy":"product_cat","embeddable":true,"href":"https:\/\/alleegalerii.ee\/en\/wp-json\/wp\/v2\/product_cat?post=40880"},{"taxonomy":"product_tag","embeddable":true,"href":"https:\/\/alleegalerii.ee\/en\/wp-json\/wp\/v2\/product_tag?post=40880"}],"curies":[{"name":"wp","href":"https:\/\/api.w.org\/{rel}","templated":true}]}}