{"id":40879,"date":"2026-04-15T09:46:12","date_gmt":"2026-04-15T06:46:12","guid":{"rendered":"https:\/\/alleegalerii.ee\/?post_type=product&#038;p=40879"},"modified":"2026-04-16T14:16:49","modified_gmt":"2026-04-16T11:16:49","slug":"eduard-wiiralt-kaameli-pea","status":"publish","type":"product","link":"https:\/\/alleegalerii.ee\/en\/shop\/eduard-wiiralt-kaameli-pea\/","title":{"rendered":"98. Eduard Wiiralt \u201cCamel\u2019s Head\u201d"},"content":{"rendered":"<div class=\"wpb-content-wrapper\"><p>[vc_row][vc_column][vc_column_text css=&#8221;&#8221; woodmart_inline=&#8221;no&#8221; text_larger=&#8221;no&#8221;]<\/p>\n<h5>Segatehnika paberil. 1938\/1950.<br \/>\nAll vasakul plaadil: E. WIIRALT MARRAKECH 11 IX 1938<br \/>\nAll paremal: E. Wiiralt<br \/>\nP\u00f6\u00f6rdel: I 3\/4 2 III 1950<\/h5>\n<p>1938. aastal reisis Eduard Wiiralt (1898-1954) Marokosse, mil kaamelid, p\u00f5hjamaalase jaoks nii eksootilised ja v\u00e4\u00e4rikad loomad kohe tema t\u00e4helepanu p\u00e4lvisid. Reisil tehtud joonistuste j\u00e4rgi valmisid j\u00e4rgmisel aastal Pariisis graafilised lehed, kuid nagu Wiiraltile tihti kombeks, siis armastas ta enda teoste valmimisaastaks m\u00e4rkida pigem idee s\u00fcndimise kui selle l\u00f5pliku vormistamise aasta.<\/p>\n<p>Kaamelid v\u00f5lusid kunstnikku veel pikalt peale reisi ja nii tegi ta 1950. aasta veebruaris \u00fcmbert\u00f6\u00f6tluse 1938. aasta \u201cNaerva kaameli\u201d teosest. Uuele teosele oli lisatud \u00f6ine maastik koos lumiste Atlase m\u00e4gede ning t\u00e4histaevaga.<\/p>\n<p>Teos kuulub ka Eesti Kunstimuuseumi kollektsiooni.<\/p>\n<p style=\"text-align: right;\">Tekst: Katre Palm<\/p>\n<p>[\/vc_column_text][\/vc_column][\/vc_row]<\/p>\n<\/div>","protected":false},"excerpt":{"rendered":"<p>[vc_row][vc_column][vc_column_text css=&#8221;&#8221; woodmart_inline=&#8221;no&#8221; text_larger=&#8221;no&#8221;] Segatehnika paberil. 1938\/1950. All vasakul plaadil: E. WIIRALT MARRAKECH 11 IX 1938 All paremal: E. Wiiralt<\/p>\n","protected":false},"featured_media":39920,"template":"","meta":{"_acf_changed":false},"product_brand":[],"product_cat":[435],"product_tag":[],"class_list":{"0":"post-40879","1":"product","2":"type-product","3":"status-publish","4":"has-post-thumbnail","6":"product_cat-kevadoksjon-2026","7":"auction-is-open","9":"first","10":"instock","11":"shipping-taxable","12":"purchasable","13":"product-type-auction"},"acf":[],"_links":{"self":[{"href":"https:\/\/alleegalerii.ee\/en\/wp-json\/wp\/v2\/product\/40879","targetHints":{"allow":["GET"]}}],"collection":[{"href":"https:\/\/alleegalerii.ee\/en\/wp-json\/wp\/v2\/product"}],"about":[{"href":"https:\/\/alleegalerii.ee\/en\/wp-json\/wp\/v2\/types\/product"}],"wp:featuredmedia":[{"embeddable":true,"href":"https:\/\/alleegalerii.ee\/en\/wp-json\/wp\/v2\/media\/39920"}],"wp:attachment":[{"href":"https:\/\/alleegalerii.ee\/en\/wp-json\/wp\/v2\/media?parent=40879"}],"wp:term":[{"taxonomy":"product_brand","embeddable":true,"href":"https:\/\/alleegalerii.ee\/en\/wp-json\/wp\/v2\/product_brand?post=40879"},{"taxonomy":"product_cat","embeddable":true,"href":"https:\/\/alleegalerii.ee\/en\/wp-json\/wp\/v2\/product_cat?post=40879"},{"taxonomy":"product_tag","embeddable":true,"href":"https:\/\/alleegalerii.ee\/en\/wp-json\/wp\/v2\/product_tag?post=40879"}],"curies":[{"name":"wp","href":"https:\/\/api.w.org\/{rel}","templated":true}]}}