{"id":40876,"date":"2026-04-15T13:31:07","date_gmt":"2026-04-15T10:31:07","guid":{"rendered":"https:\/\/alleegalerii.ee\/?post_type=product&#038;p=40876"},"modified":"2026-04-16T16:32:38","modified_gmt":"2026-04-16T13:32:38","slug":"184-nikolai-kormasov-niitmata-ou","status":"publish","type":"product","link":"https:\/\/alleegalerii.ee\/en\/shop\/184-nikolai-kormasov-niitmata-ou\/","title":{"rendered":"184. Nikolai Korma\u0161ov \u201cUnmown Yard\u201d"},"content":{"rendered":"<div class=\"wpb-content-wrapper\"><p>[vc_row][vc_column][vc_column_text css=&#8221;&#8221; woodmart_inline=&#8221;no&#8221; text_larger=&#8221;no&#8221;]<\/p>\n<h5>\u00d5li l\u00f5uendil. 1984.<br \/>\nAll paremal: \u041d\u041a\u043e\u0440\u043c 84.<br \/>\nP\u00f6\u00f6rdel: \u041d\u0435\u0432\u044b\u043a\u043e\u0448\u0435\u043d\u044b\u0438 \u0434\u0432\u043e\u0440 40&#215;41. 1984. x. \u043f\u043e\u043b\u0438\u0432<\/h5>\n<p>Nikolai Korma\u0161ovi (1929-2012) teoseid vaadates on kerge tekkima s\u00fcdantsoojendav \u00e4ratundmisr\u00f5\u00f5m k\u00f5igil, kes lapsep\u00f5lves maal elanud v\u00f5i seal aega veetnud. K\u00f5rge niitmata hein, millest immitseb peadp\u00f6\u00f6ritavalt magusat suvel\u00f5hna ning mida ei kujutaks ettegi kuuma p\u00e4ikese k\u00e4es peesitavate rohutirtsude lauluta, on see, mille Korma\u0161ov oma pintsli ja sooja v\u00e4rvipaletiga otse meie ette toob. Kunstnikku t\u00f5mbas metsikult kasvav hein vaat et tugevaminigi kui hoolikalt p\u00fcgatud muru, selleteemalisi teoseid leiame mitmeid (\u201cNiitmata \u00f5u\u201d, 1977, Narva muuseum;\u00a0 \u201c\u00d5u v\u00f5ililledega\u201d, 1979, perekonna kogus).<\/p>\n<p>Tema saladus on vaoshoitud lihtsate loodusmotiivide \u00fchendamine s\u00fcgavalt isikliku maalitunnetusega, kus argine omandab vaikse, peaaegu meditatiivse m\u00f5\u00f5tme. L\u00e4bi helge ja \u00f5hulise v\u00e4rvik\u00e4sitluse annab ta edasi suvise valguse \u00f5rna virvendust. Ei ole t\u00e4htis, kas v\u00e4lja on maalitud kasteheina juuspeen \u00f5isik v\u00f5i teelehe \u00fcmarad lehed &#8211; Korma\u0161ovi t\u00f6\u00f6des on r\u00f5hk meeleolulisel \u00fcldistusel \u2013 hetkel, mis on korraga nii konkreetne kui ajatu.<\/p>\n<p style=\"text-align: right;\">Tekst: Katre Palm<\/p>\n<p>[\/vc_column_text][\/vc_column][\/vc_row]<\/p>\n<\/div>","protected":false},"excerpt":{"rendered":"<p>[vc_row][vc_column][vc_column_text css=&#8221;&#8221; woodmart_inline=&#8221;no&#8221; text_larger=&#8221;no&#8221;] \u00d5li l\u00f5uendil. 1984. All paremal: \u041d\u041a\u043e\u0440\u043c 84. P\u00f6\u00f6rdel: \u041d\u0435\u0432\u044b\u043a\u043e\u0448\u0435\u043d\u044b\u0438 \u0434\u0432\u043e\u0440 40&#215;41. 1984. x. \u043f\u043e\u043b\u0438\u0432 Nikolai Korma\u0161ovi<\/p>\n","protected":false},"featured_media":39725,"template":"","meta":{"_acf_changed":false},"product_brand":[],"product_cat":[435],"product_tag":[],"class_list":{"0":"post-40876","1":"product","2":"type-product","3":"status-publish","4":"has-post-thumbnail","6":"product_cat-kevadoksjon-2026","7":"auction-is-open","9":"first","10":"instock","11":"shipping-taxable","12":"purchasable","13":"product-type-auction"},"acf":[],"_links":{"self":[{"href":"https:\/\/alleegalerii.ee\/en\/wp-json\/wp\/v2\/product\/40876","targetHints":{"allow":["GET"]}}],"collection":[{"href":"https:\/\/alleegalerii.ee\/en\/wp-json\/wp\/v2\/product"}],"about":[{"href":"https:\/\/alleegalerii.ee\/en\/wp-json\/wp\/v2\/types\/product"}],"wp:featuredmedia":[{"embeddable":true,"href":"https:\/\/alleegalerii.ee\/en\/wp-json\/wp\/v2\/media\/39725"}],"wp:attachment":[{"href":"https:\/\/alleegalerii.ee\/en\/wp-json\/wp\/v2\/media?parent=40876"}],"wp:term":[{"taxonomy":"product_brand","embeddable":true,"href":"https:\/\/alleegalerii.ee\/en\/wp-json\/wp\/v2\/product_brand?post=40876"},{"taxonomy":"product_cat","embeddable":true,"href":"https:\/\/alleegalerii.ee\/en\/wp-json\/wp\/v2\/product_cat?post=40876"},{"taxonomy":"product_tag","embeddable":true,"href":"https:\/\/alleegalerii.ee\/en\/wp-json\/wp\/v2\/product_tag?post=40876"}],"curies":[{"name":"wp","href":"https:\/\/api.w.org\/{rel}","templated":true}]}}