{"id":40872,"date":"2026-04-15T13:54:54","date_gmt":"2026-04-15T10:54:54","guid":{"rendered":"https:\/\/alleegalerii.ee\/?post_type=product&#038;p=40872"},"modified":"2026-04-15T22:47:48","modified_gmt":"2026-04-15T19:47:48","slug":"192-liisi-ord-vaikne-maastik-valgus","status":"publish","type":"product","link":"https:\/\/alleegalerii.ee\/en\/shop\/192-liisi-ord-vaikne-maastik-valgus\/","title":{"rendered":"192. Liisi \u00d6rd \u201cQuiet Landscape. Light\u201d"},"content":{"rendered":"<div class=\"wpb-content-wrapper\"><p>[vc_row][vc_column][vc_column_text css=&#8221;&#8221; woodmart_inline=&#8221;no&#8221; text_larger=&#8221;no&#8221;]<\/p>\n<h5>\u00d5li l\u00f5uendil. 2025.<br \/>\nAll paremal: L\u00d6 25<br \/>\nP\u00f6\u00f6rdel: LIISI \u00d6RD &#8220;VAIKNE MAASTIK. VALGUS&#8221; 2025 \u00d5LI L\u00d5UENDIL<\/h5>\n<p>Liisi \u00d6rdi (s 1984) maale vaadates astume kui t\u00e4iesti uude maailma &#8211; valguse, maagia ning s\u00fcgavalt isikliku looduskogemuse ruumi. Tema valgusmaastikud ei ole kunagi pelgalt hetkelise vaatepildi edasiandjad, vaid meditatiivsed r\u00e4nnakud meie endi s\u00fcgavaimatesse hingesoppidesse.<\/p>\n<p>\u201eVaikne maastik. Valgus\u201c kujutab metsastseeni, kus valgus murdub l\u00e4bi puude ning j\u00f5uab meieni vaikselt ja hiilimisi\u2026 Vaatajal j\u00e4\u00e4b vaid maha istuda, j\u00e4lgida ja oodata. Kuniks taamalt algav soe p\u00e4ikeseenergia j\u00f5uab l\u00e4bi s\u00fcgava metsarohelise t\u00e4ielikult kohale, meie teadvusesse, m\u00f5tetesse ning s\u00e4tib end sinna p\u00fcsivalt sisse.<\/p>\n<p style=\"text-align: right\">Tekst: Katre Palm<\/p>\n<p>[\/vc_column_text][\/vc_column][\/vc_row]<\/p>\n<\/div>","protected":false},"excerpt":{"rendered":"<p>[vc_row][vc_column][vc_column_text css=&#8221;&#8221; woodmart_inline=&#8221;no&#8221; text_larger=&#8221;no&#8221;] \u00d5li l\u00f5uendil. 2025. All paremal: L\u00d6 25 P\u00f6\u00f6rdel: LIISI \u00d6RD &#8220;VAIKNE MAASTIK. VALGUS&#8221; 2025 \u00d5LI L\u00d5UENDIL<\/p>\n","protected":false},"featured_media":38600,"template":"","meta":{"_acf_changed":false},"product_brand":[],"product_cat":[435],"product_tag":[],"class_list":{"0":"post-40872","1":"product","2":"type-product","3":"status-publish","4":"has-post-thumbnail","6":"product_cat-kevadoksjon-2026","7":"auction-is-open","8":"current-user-is-not-highest-bidder","10":"first","11":"instock","12":"shipping-taxable","13":"purchasable","14":"product-type-auction"},"acf":[],"_links":{"self":[{"href":"https:\/\/alleegalerii.ee\/en\/wp-json\/wp\/v2\/product\/40872","targetHints":{"allow":["GET"]}}],"collection":[{"href":"https:\/\/alleegalerii.ee\/en\/wp-json\/wp\/v2\/product"}],"about":[{"href":"https:\/\/alleegalerii.ee\/en\/wp-json\/wp\/v2\/types\/product"}],"wp:featuredmedia":[{"embeddable":true,"href":"https:\/\/alleegalerii.ee\/en\/wp-json\/wp\/v2\/media\/38600"}],"wp:attachment":[{"href":"https:\/\/alleegalerii.ee\/en\/wp-json\/wp\/v2\/media?parent=40872"}],"wp:term":[{"taxonomy":"product_brand","embeddable":true,"href":"https:\/\/alleegalerii.ee\/en\/wp-json\/wp\/v2\/product_brand?post=40872"},{"taxonomy":"product_cat","embeddable":true,"href":"https:\/\/alleegalerii.ee\/en\/wp-json\/wp\/v2\/product_cat?post=40872"},{"taxonomy":"product_tag","embeddable":true,"href":"https:\/\/alleegalerii.ee\/en\/wp-json\/wp\/v2\/product_tag?post=40872"}],"curies":[{"name":"wp","href":"https:\/\/api.w.org\/{rel}","templated":true}]}}