{"id":40871,"date":"2026-04-15T13:29:56","date_gmt":"2026-04-15T10:29:56","guid":{"rendered":"https:\/\/alleegalerii.ee\/?post_type=product&#038;p=40871"},"modified":"2026-04-16T16:26:35","modified_gmt":"2026-04-16T13:26:35","slug":"180-priit-pajos-kivid","status":"publish","type":"product","link":"https:\/\/alleegalerii.ee\/en\/shop\/180-priit-pajos-kivid\/","title":{"rendered":"180. Priit Pajos \"Stones\""},"content":{"rendered":"<div class=\"wpb-content-wrapper\"><p>[vc_row][vc_column][vc_column_text css=&#8221;&#8221; woodmart_inline=&#8221;no&#8221; text_larger=&#8221;no&#8221;]<\/p>\n<h5>\u00d5li l\u00f5uendil. 2010.<br \/>\nAll paremal: Pajos &#8217;10<\/h5>\n<p>Tartu \u00fclikooli maaliosakonna 1998. aastal l\u00f5petanud Priit Pajosest (s 1971) kujunes Tartus formeerunud r\u00fchmituse \u201cKursi koolkond\u201d olulisemaid liikmeid, kes s\u00fcrrealismist innustatuna on p\u00fchendunud peamiselt allegoorilisele figuurimaalile.<\/p>\n<p>Maal \u201cKivid\u201d r\u00e4\u00e4gibki nii otseses kui \u00fclekantud t\u00e4henduses kivist, laiemas m\u00f5ttes loodusest ja selle seosest inimesega. N\u00e4eme maalil kividega \u00fcle k\u00fclvatud p\u00f5ldu ja \u00fcht saladuslikult h\u00f5\u00f5guvat kivi k\u00e4te vahele suruvat meest &#8211; tema n\u00e4ole peegelduvast valgusest v\u00f5ib arvata, et mees on leidnud t\u00f5e. S\u00fcmboliseerides loodusest tarkuse ammutamist ning eestlase sidet sellega, loob Pajos proportsioone moonutades ka mehest endast omamoodi kivi kujundi &#8211; tugeva ja kangekaelse &#8211; just sellise, nagu \u00fcks p\u00f5hjamaa mees olema peab.<\/p>\n<p style=\"text-align: right;\">Tekst: Harry Liivrand, Katre Palm<\/p>\n<p>[\/vc_column_text][\/vc_column][\/vc_row]<\/p>\n<\/div>","protected":false},"excerpt":{"rendered":"<p>[vc_row][vc_column][vc_column_text css=&#8221;&#8221; woodmart_inline=&#8221;no&#8221; text_larger=&#8221;no&#8221;] \u00d5li l\u00f5uendil. 2010. All paremal: Pajos &#8217;10 Tartu \u00fclikooli maaliosakonna 1998. aastal l\u00f5petanud Priit Pajosest (s<\/p>\n","protected":false},"featured_media":38789,"template":"","meta":{"_acf_changed":false},"product_brand":[],"product_cat":[435],"product_tag":[],"class_list":{"0":"post-40871","1":"product","2":"type-product","3":"status-publish","4":"has-post-thumbnail","6":"product_cat-kevadoksjon-2026","7":"auction-is-open","9":"first","10":"instock","11":"shipping-taxable","12":"purchasable","13":"product-type-auction"},"acf":[],"_links":{"self":[{"href":"https:\/\/alleegalerii.ee\/en\/wp-json\/wp\/v2\/product\/40871","targetHints":{"allow":["GET"]}}],"collection":[{"href":"https:\/\/alleegalerii.ee\/en\/wp-json\/wp\/v2\/product"}],"about":[{"href":"https:\/\/alleegalerii.ee\/en\/wp-json\/wp\/v2\/types\/product"}],"wp:featuredmedia":[{"embeddable":true,"href":"https:\/\/alleegalerii.ee\/en\/wp-json\/wp\/v2\/media\/38789"}],"wp:attachment":[{"href":"https:\/\/alleegalerii.ee\/en\/wp-json\/wp\/v2\/media?parent=40871"}],"wp:term":[{"taxonomy":"product_brand","embeddable":true,"href":"https:\/\/alleegalerii.ee\/en\/wp-json\/wp\/v2\/product_brand?post=40871"},{"taxonomy":"product_cat","embeddable":true,"href":"https:\/\/alleegalerii.ee\/en\/wp-json\/wp\/v2\/product_cat?post=40871"},{"taxonomy":"product_tag","embeddable":true,"href":"https:\/\/alleegalerii.ee\/en\/wp-json\/wp\/v2\/product_tag?post=40871"}],"curies":[{"name":"wp","href":"https:\/\/api.w.org\/{rel}","templated":true}]}}