{"id":40869,"date":"2026-04-15T14:01:32","date_gmt":"2026-04-15T11:01:32","guid":{"rendered":"https:\/\/alleegalerii.ee\/?post_type=product&#038;p=40869"},"modified":"2026-04-16T16:44:33","modified_gmt":"2026-04-16T13:44:33","slug":"212-toomas-vint-sugisesed-kased","status":"publish","type":"product","link":"https:\/\/alleegalerii.ee\/en\/shop\/212-toomas-vint-sugisesed-kased\/","title":{"rendered":"212. Toomas Vint \u201cAutumn Birches\u201d"},"content":{"rendered":"<div class=\"wpb-content-wrapper\"><p>[vc_row][vc_column][vc_column_text css=&#8221;&#8221; woodmart_inline=&#8221;no&#8221; text_larger=&#8221;no&#8221;]<\/p>\n<h5>\u00d5li l\u00f5uendil.1974.<br \/>\nAll paremal: TV. 74<br \/>\nP\u00f6\u00f6rdel: \u0412\u0438\u043d\u0442 \u041e\u0441\u0435\u043d\u043d\u0438\u0435 \u0431\u0435\u0440\u0435\u0437\u044b<\/h5>\n<p>1975. aastal toimus Jaapanis, nii Tokyos kui Hiroshimas N\u00f5ukogude kaasaegse kunsti n\u00e4itus, kuhu Eestit valiti esindama Toomas Vint (s 1944). Just sellelt n\u00e4ituselt osteti \u00e4ra ka \u201cS\u00fcgisesed kased\u201d, mis peale poolt sajandit maailmar\u00e4nnakuid on l\u00f5puks j\u00f5udnud Jaapanist tagasi kodumaale.<\/p>\n<p>Vindi varast loomeperioodi iseloomustavad inimfiguuride ja tehisobjektideta maastikumaalid, mis stilistiliselt paiknevad naivismi ja realismi piirimail. Ent ruumiliselt m\u00e4ngib Vint huvitavalt nii kahem\u00f5\u00f5tmelisuse (uduhallis koloriidis v\u00e4li) kui kolmem\u00f5\u00f5tmelisusega (p\u00f6\u00f6rakem t\u00e4helepanu muru ilmestavatele varjudele). Isegi taeva suudab ta maalida justkui paigalseisvana &#8211; on tunne nagu n\u00e4eksime enda ees stoppkaadrit v\u00f5i seiskunud multifilmi.<\/p>\n<p style=\"text-align: right;\">Tekst: Harry Liivrand<\/p>\n<p>[\/vc_column_text][\/vc_column][\/vc_row]<\/p>\n<\/div>","protected":false},"excerpt":{"rendered":"<p>[vc_row][vc_column][vc_column_text css=&#8221;&#8221; woodmart_inline=&#8221;no&#8221; text_larger=&#8221;no&#8221;] \u00d5li l\u00f5uendil.1974. All paremal: TV. 74 P\u00f6\u00f6rdel: \u0412\u0438\u043d\u0442 \u041e\u0441\u0435\u043d\u043d\u0438\u0435 \u0431\u0435\u0440\u0435\u0437\u044b 1975. aastal toimus Jaapanis, nii Tokyos<\/p>\n","protected":false},"featured_media":39350,"template":"","meta":{"_acf_changed":false},"product_brand":[],"product_cat":[435],"product_tag":[],"class_list":{"0":"post-40869","1":"product","2":"type-product","3":"status-publish","4":"has-post-thumbnail","6":"product_cat-kevadoksjon-2026","7":"auction-is-open","9":"first","10":"instock","11":"shipping-taxable","12":"purchasable","13":"product-type-auction"},"acf":[],"_links":{"self":[{"href":"https:\/\/alleegalerii.ee\/en\/wp-json\/wp\/v2\/product\/40869","targetHints":{"allow":["GET"]}}],"collection":[{"href":"https:\/\/alleegalerii.ee\/en\/wp-json\/wp\/v2\/product"}],"about":[{"href":"https:\/\/alleegalerii.ee\/en\/wp-json\/wp\/v2\/types\/product"}],"wp:featuredmedia":[{"embeddable":true,"href":"https:\/\/alleegalerii.ee\/en\/wp-json\/wp\/v2\/media\/39350"}],"wp:attachment":[{"href":"https:\/\/alleegalerii.ee\/en\/wp-json\/wp\/v2\/media?parent=40869"}],"wp:term":[{"taxonomy":"product_brand","embeddable":true,"href":"https:\/\/alleegalerii.ee\/en\/wp-json\/wp\/v2\/product_brand?post=40869"},{"taxonomy":"product_cat","embeddable":true,"href":"https:\/\/alleegalerii.ee\/en\/wp-json\/wp\/v2\/product_cat?post=40869"},{"taxonomy":"product_tag","embeddable":true,"href":"https:\/\/alleegalerii.ee\/en\/wp-json\/wp\/v2\/product_tag?post=40869"}],"curies":[{"name":"wp","href":"https:\/\/api.w.org\/{rel}","templated":true}]}}