{"id":40866,"date":"2026-04-15T14:01:05","date_gmt":"2026-04-15T11:01:05","guid":{"rendered":"https:\/\/alleegalerii.ee\/?post_type=product&#038;p=40866"},"modified":"2026-04-16T17:00:15","modified_gmt":"2026-04-16T14:00:15","slug":"224-enn-poldroos-keksumang","status":"publish","type":"product","link":"https:\/\/alleegalerii.ee\/en\/shop\/224-enn-poldroos-keksumang\/","title":{"rendered":"224. Enn P\u00f5ldroos \u201cHopscotch\u201d"},"content":{"rendered":"<div class=\"wpb-content-wrapper\"><p>[vc_row][vc_column][vc_column_text css=&#8221;&#8221; woodmart_inline=&#8221;no&#8221; text_larger=&#8221;no&#8221;]<\/p>\n<h5>\u00d5li masoniidil. 1996.<br \/>\nAll paremal: Enn P\u00f5ldroos 1996<br \/>\nP\u00f6\u00f6rdel sildil: ENN P\u00d5LDROOS KEKSUM\u00c4NG 1996. \u00f5li.<\/h5>\n<p>Enn P\u00f5ldroosi (1933-2025) suureformaadiline maal \u201cKeksum\u00e4ng\u201d on autorile iseloomuliku iroonilise s\u00f5numiga teos &#8211; elu on m\u00e4ng, aga igal m\u00e4ngul on omad reeglid. Kaks t\u00e4iskasvanud lipsustatud ja \u00fclikonnas meest keksu m\u00e4ngimas on juba iseenesest kummaline vaatepilt, kuid P\u00f5ldroos keerab satiirilise vindi \u00fcle nende keha- ja n\u00e4opartiisid lahutades. Triibulised lipsud, portfellid ja kaabud viitaksid justkui \u00fches kindlas ametkonnas t\u00f6\u00f6tamisele, ent loomulikult on tegemist m\u00f5istujutuga, millega iga\u00fcks v\u00f5ib siduda k\u00f5ige erinevamaid t\u00e4hendusi.<\/p>\n<p>K\u00e4esolev teos oli eksponeeritud 2024-2025. aastal Kumus toimunud Enn P\u00f5ldroosi n\u00e4itusel \u201cKinnism\u00f5tete muuseum\u201d ning 2025-2026. aastal Allee galeriis toimunud n\u00e4itusel \u201cMees ja naine &#8211; p\u00e4rleid erakogudest\u201d. Samuti on teos reprodutseeritud eelmainitud Kumu n\u00e4itusega kaasnenud kataloogis lk 105.<\/p>\n<p style=\"text-align: right;\">Tekst: Harry Liivrand<\/p>\n<p>[\/vc_column_text][\/vc_column][\/vc_row]<\/p>\n<\/div>","protected":false},"excerpt":{"rendered":"<p>[vc_row][vc_column][vc_column_text css=&#8221;&#8221; woodmart_inline=&#8221;no&#8221; text_larger=&#8221;no&#8221;] \u00d5li masoniidil. 1996. All paremal: Enn P\u00f5ldroos 1996 P\u00f6\u00f6rdel sildil: ENN P\u00d5LDROOS KEKSUM\u00c4NG 1996. \u00f5li. Enn<\/p>\n","protected":false},"featured_media":38392,"template":"","meta":{"_acf_changed":false},"product_brand":[],"product_cat":[435],"product_tag":[],"class_list":{"0":"post-40866","1":"product","2":"type-product","3":"status-publish","4":"has-post-thumbnail","6":"product_cat-kevadoksjon-2026","7":"auction-is-open","9":"first","10":"instock","11":"shipping-taxable","12":"purchasable","13":"product-type-auction"},"acf":[],"_links":{"self":[{"href":"https:\/\/alleegalerii.ee\/en\/wp-json\/wp\/v2\/product\/40866","targetHints":{"allow":["GET"]}}],"collection":[{"href":"https:\/\/alleegalerii.ee\/en\/wp-json\/wp\/v2\/product"}],"about":[{"href":"https:\/\/alleegalerii.ee\/en\/wp-json\/wp\/v2\/types\/product"}],"wp:featuredmedia":[{"embeddable":true,"href":"https:\/\/alleegalerii.ee\/en\/wp-json\/wp\/v2\/media\/38392"}],"wp:attachment":[{"href":"https:\/\/alleegalerii.ee\/en\/wp-json\/wp\/v2\/media?parent=40866"}],"wp:term":[{"taxonomy":"product_brand","embeddable":true,"href":"https:\/\/alleegalerii.ee\/en\/wp-json\/wp\/v2\/product_brand?post=40866"},{"taxonomy":"product_cat","embeddable":true,"href":"https:\/\/alleegalerii.ee\/en\/wp-json\/wp\/v2\/product_cat?post=40866"},{"taxonomy":"product_tag","embeddable":true,"href":"https:\/\/alleegalerii.ee\/en\/wp-json\/wp\/v2\/product_tag?post=40866"}],"curies":[{"name":"wp","href":"https:\/\/api.w.org\/{rel}","templated":true}]}}