{"id":40865,"date":"2026-04-15T13:59:55","date_gmt":"2026-04-15T10:59:55","guid":{"rendered":"https:\/\/alleegalerii.ee\/?post_type=product&#038;p=40865"},"modified":"2026-04-17T13:48:17","modified_gmt":"2026-04-17T10:48:17","slug":"208-eevart-arrak-vaikus","status":"publish","type":"product","link":"https:\/\/alleegalerii.ee\/en\/shop\/208-eevart-arrak-vaikus\/","title":{"rendered":"208. Eevart Arrak \u201cSilence\u201d"},"content":{"rendered":"<div class=\"wpb-content-wrapper\"><p>[vc_row][vc_column][vc_column_text css=&#8221;&#8221; woodmart_inline=&#8221;no&#8221; text_larger=&#8221;no&#8221;]<\/p>\n<h5>\u00d5li papil . 1977.<br \/>\nAll paremal: Eevart Arrak 77.<br \/>\nP\u00f6\u00f6rdel: EEVART ARRAK =VAIKUS= \u00d5LI, PAPP, 81&#215;90 1977.A.<\/h5>\n<p style=\"text-align: right;\"><i>\u201cKuulata: \u00fcle k\u00f5ige s\u00f5nak\u00f5lina k\u00f5lab<\/i><i><br \/>\n<\/i><i>vaikuse s\u00fcgavam viis, tulvil m\u00f5istmise rahu.\u201d<\/i><\/p>\n<p style=\"text-align: right;\">Katkend Doris Kareva luuletusest \u201cT\u00e4nuga Sokratesele\u201d<\/p>\n<p>Eevart Arraku (1936-2014) loomingu \u00fche p\u00f5nevaima osa moodustavad tema s\u00fcmbolistlikud t\u00f6\u00f6d, mis kutsuvad vaataja lisaks f\u00fc\u00fcsilisele ka vaimsesse ruumi.<\/p>\n<p>\u201cVaikus\u201d jutustab loo m\u00f5tete puhastamise ning iseendaga olemise t\u00e4htsusest, maailma m\u00fcrafoonist v\u00e4lja astumisest. Kasutades modellina oma poega, maalib ta tema pea kohale geomeetrilistest kujunditest unen\u00e4olise maailma viidates m\u00f5tetele, nende rohkusele ja samas kindlasse ruumi \u00e4ra paigutamise vajadusele. Nii loob Arrak tugeva kontrasti keha ja vaimu, materiaalse ja abstraktse vahel. Kasutades maal\u00e4hedast pruuni ja kevadiselt \u00e4rkava metsa \u00f5rna rohelist, lisab ta teosele omakorda allteksti ka looduse vaimu tervendavast j\u00f5ust.<\/p>\n<p style=\"text-align: right;\">Tekst: Katre Palm<\/p>\n<p>[\/vc_column_text][\/vc_column][\/vc_row]<\/p>\n<\/div>","protected":false},"excerpt":{"rendered":"<p>[vc_row][vc_column][vc_column_text css=&#8221;&#8221; woodmart_inline=&#8221;no&#8221; text_larger=&#8221;no&#8221;] \u00d5li papil . 1977. All paremal: Eevart Arrak 77. P\u00f6\u00f6rdel: EEVART ARRAK =VAIKUS= \u00d5LI, PAPP, 81&#215;90<\/p>\n","protected":false},"featured_media":38987,"template":"","meta":{"_acf_changed":false},"product_brand":[],"product_cat":[435],"product_tag":[],"class_list":{"0":"post-40865","1":"product","2":"type-product","3":"status-publish","4":"has-post-thumbnail","6":"product_cat-kevadoksjon-2026","7":"auction-is-open","9":"first","10":"instock","11":"shipping-taxable","12":"purchasable","13":"product-type-auction"},"acf":[],"_links":{"self":[{"href":"https:\/\/alleegalerii.ee\/en\/wp-json\/wp\/v2\/product\/40865","targetHints":{"allow":["GET"]}}],"collection":[{"href":"https:\/\/alleegalerii.ee\/en\/wp-json\/wp\/v2\/product"}],"about":[{"href":"https:\/\/alleegalerii.ee\/en\/wp-json\/wp\/v2\/types\/product"}],"wp:featuredmedia":[{"embeddable":true,"href":"https:\/\/alleegalerii.ee\/en\/wp-json\/wp\/v2\/media\/38987"}],"wp:attachment":[{"href":"https:\/\/alleegalerii.ee\/en\/wp-json\/wp\/v2\/media?parent=40865"}],"wp:term":[{"taxonomy":"product_brand","embeddable":true,"href":"https:\/\/alleegalerii.ee\/en\/wp-json\/wp\/v2\/product_brand?post=40865"},{"taxonomy":"product_cat","embeddable":true,"href":"https:\/\/alleegalerii.ee\/en\/wp-json\/wp\/v2\/product_cat?post=40865"},{"taxonomy":"product_tag","embeddable":true,"href":"https:\/\/alleegalerii.ee\/en\/wp-json\/wp\/v2\/product_tag?post=40865"}],"curies":[{"name":"wp","href":"https:\/\/api.w.org\/{rel}","templated":true}]}}