{"id":40864,"date":"2026-04-15T13:05:38","date_gmt":"2026-04-15T10:05:38","guid":{"rendered":"https:\/\/alleegalerii.ee\/?post_type=product&#038;p=40864"},"modified":"2026-04-16T15:45:12","modified_gmt":"2026-04-16T12:45:12","slug":"144-peeter-mudist-valgusesadu","status":"publish","type":"product","link":"https:\/\/alleegalerii.ee\/en\/shop\/144-peeter-mudist-valgusesadu\/","title":{"rendered":"144. Peeter Mudist \u201cShower of Light\u201d"},"content":{"rendered":"<div class=\"wpb-content-wrapper\"><p>[vc_row][vc_column][vc_column_text css=&#8221;&#8221; woodmart_inline=&#8221;no&#8221; text_larger=&#8221;no&#8221;]<\/p>\n<h5>\u00d5li l\u00f5uendil. 1980ndad.<br \/>\nAll keskel: P. Mudist<\/h5>\n<p>Peeter Mudisti (1942-2013) loomingut on pea v\u00f5imatu eesti kunstis kellegi teise omaga v\u00f5rrelda &#8211; tema silmad ja s\u00fcda oskasid n\u00e4ha ning m\u00f5elda hoopis teistes kategooriates. Mudist maalis pigem poeesiat kui k\u00e4ega katsutavat reaalsust, tema t\u00f6\u00f6des kohtusid eksistentsiaalne m\u00f5tisklus ning isikup\u00e4rane figuurik\u00e4sitlus.<\/p>\n<p>Nii paneb Mudist valguse uduvihmana alla sadama, head m\u00f5tted, usu ja lootuse meile l\u00e4bi loodusn\u00e4htuste omaks saama. Modelliks kunstniku elukaaslane Katrin, loob ta temast haldjaliku, ent tugeva naise s\u00fcmbolkuju, kes koos teda valvava linnuga muutub osaks loodusest. Tema olek viitab sisemisele keskendumisele v\u00f5i vaiksele enesevaatlusele, andes Mudistile v\u00f5imaluse sulandada naise f\u00fc\u00fcsis ja vaimsus \u00fcheks tervikuks.<\/p>\n<p>Mudist saavutab l\u00e4bipaistvuse ja \u00f5rnuse l\u00e4bi heleroosade, kahvatukollaste ja hallikate toonide, mis moodustavad pehme, justkui udu meenutava koloriidi. Teadlikult j\u00e4tab ta osa vorme l\u00f5petamata, lubades v\u00e4rvil ja pinnal ise atmosf\u00e4\u00e4ri kujundada &#8211; see on Mudist <i>par excellence<\/i>.<\/p>\n<p style=\"text-align: right;\">Tekst: Katre Palm<\/p>\n<p>[\/vc_column_text][\/vc_column][\/vc_row]<\/p>\n<\/div>","protected":false},"excerpt":{"rendered":"<p>[vc_row][vc_column][vc_column_text css=&#8221;&#8221; woodmart_inline=&#8221;no&#8221; text_larger=&#8221;no&#8221;] \u00d5li l\u00f5uendil. 1980ndad. All keskel: P. Mudist Peeter Mudisti (1942-2013) loomingut on pea v\u00f5imatu eesti kunstis<\/p>\n","protected":false},"featured_media":38578,"template":"","meta":{"_acf_changed":false},"product_brand":[],"product_cat":[435],"product_tag":[],"class_list":{"0":"post-40864","1":"product","2":"type-product","3":"status-publish","4":"has-post-thumbnail","6":"product_cat-kevadoksjon-2026","7":"auction-is-open","9":"first","10":"instock","11":"shipping-taxable","12":"purchasable","13":"product-type-auction"},"acf":[],"_links":{"self":[{"href":"https:\/\/alleegalerii.ee\/en\/wp-json\/wp\/v2\/product\/40864","targetHints":{"allow":["GET"]}}],"collection":[{"href":"https:\/\/alleegalerii.ee\/en\/wp-json\/wp\/v2\/product"}],"about":[{"href":"https:\/\/alleegalerii.ee\/en\/wp-json\/wp\/v2\/types\/product"}],"wp:featuredmedia":[{"embeddable":true,"href":"https:\/\/alleegalerii.ee\/en\/wp-json\/wp\/v2\/media\/38578"}],"wp:attachment":[{"href":"https:\/\/alleegalerii.ee\/en\/wp-json\/wp\/v2\/media?parent=40864"}],"wp:term":[{"taxonomy":"product_brand","embeddable":true,"href":"https:\/\/alleegalerii.ee\/en\/wp-json\/wp\/v2\/product_brand?post=40864"},{"taxonomy":"product_cat","embeddable":true,"href":"https:\/\/alleegalerii.ee\/en\/wp-json\/wp\/v2\/product_cat?post=40864"},{"taxonomy":"product_tag","embeddable":true,"href":"https:\/\/alleegalerii.ee\/en\/wp-json\/wp\/v2\/product_tag?post=40864"}],"curies":[{"name":"wp","href":"https:\/\/api.w.org\/{rel}","templated":true}]}}