{"id":40863,"date":"2026-04-15T13:38:05","date_gmt":"2026-04-15T10:38:05","guid":{"rendered":"https:\/\/alleegalerii.ee\/?post_type=product&#038;p=40863"},"modified":"2026-04-16T17:03:27","modified_gmt":"2026-04-16T14:03:27","slug":"234-malle-leis-sandra-ja-chateau-de-tarascon","status":"publish","type":"product","link":"https:\/\/alleegalerii.ee\/en\/shop\/234-malle-leis-sandra-ja-chateau-de-tarascon\/","title":{"rendered":"234. Malle Leis \"Sandra ja Ch\u00e2teau de Tarascon\""},"content":{"rendered":"<div class=\"wpb-content-wrapper\"><p>[vc_row][vc_column][vc_column_text css=&#8221;&#8221; woodmart_inline=&#8221;no&#8221; text_larger=&#8221;no&#8221;]<\/p>\n<h5>\u00d5li l\u00f5uendil. 1983.<br \/>\nAll vasakul: LEIS 83<br \/>\nP\u00f6\u00f6rdel alusraamil: SANDRA JA Ch\u00e2teau de Tarasco Malle LEIS 150&#215;150 1983.a.<br \/>\nP\u00f6\u00f6rdel kleepsul: 15 LEIS, Malle. Sandra und Ch\u00e2teau de Tarasco. 1983.<\/h5>\n<p>Malle Leisi (1940-2017) \u00fcks ikoonilisemaid teoseid tema \u201cPunaste hobuste\u201d (1972-74) ja \u201cJalgratturite\u201d (1972) k\u00f5rval on \u201cSandra ja Ch\u00e2teau de Tarascon\u201d, mille\u00a0 keskse s\u00fc\u017eeejoone moodustavad esmapilgul kunstniku toona 7-aastane t\u00fctar \u00fcmbritsetuna kevadlillede ja \u00f6\u00f6kulliga (eeskujuks Leisi hea s\u00f5bra, skulptor \u00dclo \u00d5una poolt valmistatud \u00f6\u00f6kulli topis), taamal talvine vaade kunstniku abikaasa Villu J\u00f5geva kodutalule V\u00f5rumaal. Ent monumentaalse teose t\u00f5eline pu\u00e4nt peitub v\u00e4ikeses \u00fcmaras vormis, millesse kunstnik kui v\u00f5lukuuli peidab \u00fche tema suurima unistuse ja selle purunemise \u00fche korraga.<\/p>\n<p>Leisi ja tema abikaasa Villu J\u00f5geva\u00a0 suureks unistuseks oli k\u00fclastada Prantsusmaad ja Itaaliat, sest just seal loodeti l\u00f5puks n\u00e4ha ammu eeskujuks olnud vararenessansi, s\u00fcrrealismi suurkujude t\u00f6id, r\u00e4\u00e4kimata kaasaegsest popkunstist. Olid nad ju t\u00fctregi nime tuletanud just Itaalia meistrist Sandro Botticellist. Elevusega k\u00e4idi lugemas Kunstihoone seinale riputatud teateid \u00fcleliidulise kunstnike turismigrupi koosseisu p\u00e4\u00e4semise konkurssidest m\u00f5ne l\u00e4\u00e4neriigi k\u00fclastamiseks. Ent tihedas konkurentsis p\u00e4\u00e4sesid vaid v\u00e4hesed valituks. Leisil olid \u0161ansid pea olematud nagunii, sest olid nad ju abikaasaga s\u00f5prussuhetes mitmete v\u00f5imude poolt mittesoositud Moskva kunstnike, kunstiteadlaste ning l\u00e4\u00e4ne galeristidega. Pealegi poleks paari liiga suure p\u00f5genemisriski t\u00f5ttu koos v\u00e4lismaale lastud nagunii.<\/p>\n<p>Ent 1982. aastal \u00f5nn naeratas ja Leis osutuski valituks rangelt valvatud, ent tiheda kultuuriprogrammiga Prantsusmaa ringreisile, sh k\u00fclastama Ch\u00e2teau de Tarasconi. Elu reisiks ettevalmistamiseks tellis Leis endale moekunstnikelt (muuhulgas healt s\u00f5brannalt, Anu Strandbergilt) mitu komplekti uusi r\u00f5ivaid ning pani valmis toidupoolise \u00f6iseks rongis\u00f5iduks Moskvasse, et j\u00e4rgmisel p\u00e4eval sealt koos suure grupiga Pariisi s\u00f5ita. Ent eelmisel \u00f5htul saabus k\u00f5ne KGBlt: \u201cTeie ei s\u00f5ida!\u201d Selgus, et Mare Vindi hea s\u00f5ber Aarne Vahtra oli v\u00e4rskelt Louvre\u00b4i tualeti kaudu p\u00f5genema saanud. Kunstnik Mare v\u00f5i Malle &#8211; KGB ohvitseridele siin vahet polnud &#8211; igaks juhuks ei lase riigist v\u00e4lja kumbagi!<\/p>\n<p>Kuigi Leis oli tohutult l\u00f6\u00f6dud, ei j\u00e4tnud ta oma unistust ning sellest s\u00fcndis \u00fcks tema kuulsamaid teoseid: \u201cSandra ja\u00a0 Ch\u00e2teau de Tarascon\u201d, mis v\u00f5tab visuaalse vaatem\u00e4nguna kokku tema toonase elu &#8211; lilled, perekond ning klaaskuuli unistuseks j\u00e4\u00e4nud reis. Kuigi tal siiski \u00f5nnestus osutuda valituks ka n\u00e4iteks Hollandi ja Hispaania reisidele, siis Prantsusmaale j\u00f5udis ta alles Eesti Vabariigi taasiseseisvumise aastal, ning see oli \u00fchtlasi esimene asi, mille Leis v\u00f5imaluse avanedes \u00e4ra tegi &#8211; unistustel on suur j\u00f5ud!<\/p>\n<p>Teos on reprodutseeritud Tiiu Talvistu koostatud mahukas raamatus \u201eMalle Leis\u201c (Tartu Kunstimuuseum, 2014, lk. 126) ning see on \u00fcks Malle Leisi sagedamini n\u00e4itustel eksponeeritud teoseid.<\/p>\n<p style=\"text-align: right;\">Tekst: Mai Levin, Katre Palm<\/p>\n<p>[\/vc_column_text][\/vc_column][\/vc_row]<\/p>\n<\/div>","protected":false},"excerpt":{"rendered":"<p>[vc_row][vc_column][vc_column_text css=&#8221;&#8221; woodmart_inline=&#8221;no&#8221; text_larger=&#8221;no&#8221;] \u00d5li l\u00f5uendil. 1983. All vasakul: LEIS 83 P\u00f6\u00f6rdel alusraamil: SANDRA JA Ch\u00e2teau de Tarasco Malle LEIS<\/p>\n","protected":false},"featured_media":38271,"template":"","meta":{"_acf_changed":false},"product_brand":[],"product_cat":[435],"product_tag":[],"class_list":{"0":"post-40863","1":"product","2":"type-product","3":"status-publish","4":"has-post-thumbnail","6":"product_cat-kevadoksjon-2026","7":"auction-is-open","9":"first","10":"instock","11":"shipping-taxable","12":"purchasable","13":"product-type-auction"},"acf":[],"_links":{"self":[{"href":"https:\/\/alleegalerii.ee\/en\/wp-json\/wp\/v2\/product\/40863","targetHints":{"allow":["GET"]}}],"collection":[{"href":"https:\/\/alleegalerii.ee\/en\/wp-json\/wp\/v2\/product"}],"about":[{"href":"https:\/\/alleegalerii.ee\/en\/wp-json\/wp\/v2\/types\/product"}],"wp:featuredmedia":[{"embeddable":true,"href":"https:\/\/alleegalerii.ee\/en\/wp-json\/wp\/v2\/media\/38271"}],"wp:attachment":[{"href":"https:\/\/alleegalerii.ee\/en\/wp-json\/wp\/v2\/media?parent=40863"}],"wp:term":[{"taxonomy":"product_brand","embeddable":true,"href":"https:\/\/alleegalerii.ee\/en\/wp-json\/wp\/v2\/product_brand?post=40863"},{"taxonomy":"product_cat","embeddable":true,"href":"https:\/\/alleegalerii.ee\/en\/wp-json\/wp\/v2\/product_cat?post=40863"},{"taxonomy":"product_tag","embeddable":true,"href":"https:\/\/alleegalerii.ee\/en\/wp-json\/wp\/v2\/product_tag?post=40863"}],"curies":[{"name":"wp","href":"https:\/\/api.w.org\/{rel}","templated":true}]}}