{"id":40860,"date":"2026-04-15T09:42:45","date_gmt":"2026-04-15T06:42:45","guid":{"rendered":"https:\/\/alleegalerii.ee\/?post_type=product&#038;p=40860"},"modified":"2026-04-16T14:16:23","modified_gmt":"2026-04-16T11:16:23","slug":"97-eduard-kutsar-mooda-alleed","status":"publish","type":"product","link":"https:\/\/alleegalerii.ee\/en\/shop\/97-eduard-kutsar-mooda-alleed\/","title":{"rendered":"97. Eduard Kutsar \u201cAlong the Alley\u201d"},"content":{"rendered":"<div class=\"wpb-content-wrapper\"><p>[vc_row][vc_column][vc_column_text css=&#8221;&#8221; woodmart_inline=&#8221;no&#8221; text_larger=&#8221;no&#8221;]<\/p>\n<h5>\u00d5li l\u00f5uendil. 1930ndad.<br \/>\nAll paremal: E Kutsar<\/h5>\n<p>Pallaslane Eduard Kutsar (1902-1970), kes peale II maailmas\u00f5da elas ja t\u00f6\u00f6tas Elvas, on suurep\u00e4rane olustikumaalija, kelle eeskujuks oli nii m\u00f5nigi kord 17. sajandi hollandi maastikumaal. Tema ekspressiivne stiil v\u00e4ljendus ka loomekires, mille kohta kunstiteadlane Sten Karling on kirjutanud: \u201cK\u00f5iges, mis ta teeb, on j\u00f5udu ja hoogu. Ta pildid sageli on nagu tekkinud vaimustustuhinas, kus kunstnik vahenditest hoolimata kinnitab n\u00e4gemuse l\u00f5uendile. K\u00f5igist takistustest segamatult annab ta oma vitaliteedile vabaduse\u201d (\u201cEduard Kutsari \u00fclevaaten\u00e4itus\u201d, 1940, lk 3).<\/p>\n<p>Maal &#8220;M\u00f6\u00f6da alleed&#8221; paistab silma ekspressiivse kolorismiga, d\u00fcnaamilise pintslik\u00e4sitlusega ja meeleolu loomise oskusega. V\u00f5imsate puudev\u00f5radega \u00e4\u00e4ristatud allee vahelt paistev talumaja viiks vaataja justkui sajandite taha &#8211; kuhugi, kuhu oled alati oodatud.<\/p>\n<p style=\"text-align: right;\">\u00a0Tekst: Harry Liivrand, Katre Palm<\/p>\n<p>[\/vc_column_text][\/vc_column][\/vc_row]<\/p>\n<\/div>","protected":false},"excerpt":{"rendered":"<p>[vc_row][vc_column][vc_column_text css=&#8221;&#8221; woodmart_inline=&#8221;no&#8221; text_larger=&#8221;no&#8221;] \u00d5li l\u00f5uendil. 1930ndad. All paremal: E Kutsar Pallaslane Eduard Kutsar (1902-1970), kes peale II maailmas\u00f5da elas<\/p>\n","protected":false},"featured_media":38504,"template":"","meta":{"_acf_changed":false},"product_brand":[],"product_cat":[435],"product_tag":[],"class_list":{"0":"post-40860","1":"product","2":"type-product","3":"status-publish","4":"has-post-thumbnail","6":"product_cat-kevadoksjon-2026","7":"auction-is-open","8":"current-user-is-not-highest-bidder","10":"first","11":"instock","12":"shipping-taxable","13":"purchasable","14":"product-type-auction"},"acf":[],"_links":{"self":[{"href":"https:\/\/alleegalerii.ee\/en\/wp-json\/wp\/v2\/product\/40860","targetHints":{"allow":["GET"]}}],"collection":[{"href":"https:\/\/alleegalerii.ee\/en\/wp-json\/wp\/v2\/product"}],"about":[{"href":"https:\/\/alleegalerii.ee\/en\/wp-json\/wp\/v2\/types\/product"}],"wp:featuredmedia":[{"embeddable":true,"href":"https:\/\/alleegalerii.ee\/en\/wp-json\/wp\/v2\/media\/38504"}],"wp:attachment":[{"href":"https:\/\/alleegalerii.ee\/en\/wp-json\/wp\/v2\/media?parent=40860"}],"wp:term":[{"taxonomy":"product_brand","embeddable":true,"href":"https:\/\/alleegalerii.ee\/en\/wp-json\/wp\/v2\/product_brand?post=40860"},{"taxonomy":"product_cat","embeddable":true,"href":"https:\/\/alleegalerii.ee\/en\/wp-json\/wp\/v2\/product_cat?post=40860"},{"taxonomy":"product_tag","embeddable":true,"href":"https:\/\/alleegalerii.ee\/en\/wp-json\/wp\/v2\/product_tag?post=40860"}],"curies":[{"name":"wp","href":"https:\/\/api.w.org\/{rel}","templated":true}]}}