{"id":40854,"date":"2026-04-15T00:07:55","date_gmt":"2026-04-14T21:07:55","guid":{"rendered":"https:\/\/alleegalerii.ee\/?post_type=product&#038;p=40854"},"modified":"2026-04-16T14:15:20","modified_gmt":"2026-04-16T11:15:20","slug":"94-kaupo-kikkas-toomas-ailiga","status":"publish","type":"product","link":"https:\/\/alleegalerii.ee\/en\/shop\/94-kaupo-kikkas-toomas-ailiga\/","title":{"rendered":"94. Kaupo Kikkas \"Toomas with Aili\""},"content":{"rendered":"<div class=\"wpb-content-wrapper\"><p>[vc_row][vc_column][vc_column_text css=&#8221;&#8221; woodmart_inline=&#8221;no&#8221; text_larger=&#8221;no&#8221;]<\/p>\n<h5>Foto paberil. 2012\/2026.<br \/>\nAll paremal: 1\/1 Kaupo Kikkas, 2012\/2026<\/h5>\n<div class=\"html-div xdj266r x14z9mp xat24cr x1lziwak xexx8yu xyri2b x18d9i69 x1c1uobl xeuugli x1vjfegm\">\n<div class=\"html-div xdj266r x14z9mp xat24cr x1lziwak xexx8yu xyri2b x18d9i69 x1c1uobl x78zum5 xh8yej3\" role=\"presentation\">\n<div class=\"x78zum5 xdt5ytf x193iq5w x1n2onr6 x1kxipp6 xuk3077\">\n<div class=\"x78zum5 xh8yej3\" role=\"none\">\n<div class=\"html-div xdj266r x14z9mp xat24cr x1lziwak xexx8yu xyri2b x18d9i69 x1c1uobl x6ikm8r x10wlt62\">\n<div class=\"html-div xdj266r x14z9mp xat24cr x1lziwak x14ctfv x13sv91t x6ikm8r x10wlt62 xerhiuh x1pn3fxy x10zy8in xm9bcq3 x1n2onr6 x1vjfegm x1k4qllp x1mzt3pk x13faqbe x11jlvup xpmdkuv xrmkrer x12z03op x9wyiwl x13fuv20 x18b5jzi x1q0q8m5 x1t7ytsu x12lizq0 x1nrdd72 x1ybe9c6 xx487zo xaymx6s x1lu5o8o x1ou5ly4 xofb2d2\" role=\"presentation\">\n<div class=\"html-div xexx8yu xyri2b x18d9i69 x1c1uobl x1gslohp x14z9mp x12nagc x1lziwak x1yc453h x126k92a xyk4ms5\" dir=\"auto\">Oma p\u00f5lvkonna nimekamaid ja rahvusvaheliselt tuntumaid eesti fotograafe Kaupo Kikkas (s 1983) on l\u00e4bi viimased 12 aastat kestnud kunstiprojekti \u201cIgavesed inimesed\u201d portreteerinud muusikute k\u00f5rval ka talle olulisi kunstiklassikuid. Kuigi fotol poseerib Kikkasele otsevaates maalikunstnik Toomas Vint, on tegu siiski intrigeeriva kaksikportreega, kuna l\u00e4bi tema selja taga paistva maali on vaatev\u00e4ljas ka tema v\u00f5rdselt hinnatud kunstnikust abikaasa Aili Vint. Et aga foto on kadreeritud teravustama vaid Toomas Vinti, m\u00f5jub seljatagune teos mitte\u00a0 maali, vaid omamoodi tegelikkuse simulatsioonina, kus kaob piir reaalsuse ja kunstilise vahelt. Helge romantilise meeleoluga kompositsioon.<\/div>\n<\/div>\n<\/div>\n<\/div>\n<\/div>\n<\/div>\n<\/div>\n<p><span style=\"font-weight: 400;\">Teos on reprodutseeritud raamatus \u201cIgavesed inimesed\u201d, lk 38-39 (Allee galerii, 2026)<\/span><\/p>\n<p style=\"text-align: right;\"><span style=\"font-weight: 400;\">Tekst: Harry Liivrand<\/span><\/p>\n<p>[\/vc_column_text][\/vc_column][\/vc_row]<\/p>\n<\/div>","protected":false},"excerpt":{"rendered":"<p>[vc_row][vc_column][vc_column_text css=&#8221;&#8221; woodmart_inline=&#8221;no&#8221; text_larger=&#8221;no&#8221;] Foto paberil. 2012\/2026. All paremal: 1\/1 Kaupo Kikkas, 2012\/2026 Oma p\u00f5lvkonna nimekamaid ja rahvusvaheliselt tuntumaid eesti<\/p>\n","protected":false},"featured_media":40705,"template":"","meta":{"_acf_changed":false},"product_brand":[],"product_cat":[435],"product_tag":[],"class_list":{"0":"post-40854","1":"product","2":"type-product","3":"status-publish","4":"has-post-thumbnail","6":"product_cat-kevadoksjon-2026","7":"auction-is-open","9":"first","10":"instock","11":"shipping-taxable","12":"purchasable","13":"product-type-auction"},"acf":[],"_links":{"self":[{"href":"https:\/\/alleegalerii.ee\/en\/wp-json\/wp\/v2\/product\/40854","targetHints":{"allow":["GET"]}}],"collection":[{"href":"https:\/\/alleegalerii.ee\/en\/wp-json\/wp\/v2\/product"}],"about":[{"href":"https:\/\/alleegalerii.ee\/en\/wp-json\/wp\/v2\/types\/product"}],"wp:featuredmedia":[{"embeddable":true,"href":"https:\/\/alleegalerii.ee\/en\/wp-json\/wp\/v2\/media\/40705"}],"wp:attachment":[{"href":"https:\/\/alleegalerii.ee\/en\/wp-json\/wp\/v2\/media?parent=40854"}],"wp:term":[{"taxonomy":"product_brand","embeddable":true,"href":"https:\/\/alleegalerii.ee\/en\/wp-json\/wp\/v2\/product_brand?post=40854"},{"taxonomy":"product_cat","embeddable":true,"href":"https:\/\/alleegalerii.ee\/en\/wp-json\/wp\/v2\/product_cat?post=40854"},{"taxonomy":"product_tag","embeddable":true,"href":"https:\/\/alleegalerii.ee\/en\/wp-json\/wp\/v2\/product_tag?post=40854"}],"curies":[{"name":"wp","href":"https:\/\/api.w.org\/{rel}","templated":true}]}}