{"id":40853,"date":"2026-04-15T00:05:39","date_gmt":"2026-04-14T21:05:39","guid":{"rendered":"https:\/\/alleegalerii.ee\/?post_type=product&#038;p=40853"},"modified":"2026-04-16T14:14:56","modified_gmt":"2026-04-16T11:14:56","slug":"93-vello-vinn-la-banana","status":"publish","type":"product","link":"https:\/\/alleegalerii.ee\/en\/shop\/93-vello-vinn-la-banana\/","title":{"rendered":"93. Vello Vinn \"La banana\""},"content":{"rendered":"<div class=\"wpb-content-wrapper\"><p>[vc_row][vc_column][vc_column_text css=&#8221;&#8221; woodmart_inline=&#8221;no&#8221; text_larger=&#8221;no&#8221;]<\/p>\n<h5>S\u00f6\u00f6vitus, viltpliiats paberil. 1990\/2018.<br \/>\nAll vasakul: La Banana. S\u00f6\u00f6vitus<br \/>\nAll keskel: Renoveeritud (k\u00e4sitsi v\u00e4rvitud) autori poolt 2018.a. VV 18<br \/>\nAll paremal: VVinn -90<\/h5>\n<p>Eesti s\u00fcrrealistliku graafika grand old man, m\u00f6\u00f6dunud aastal mitmele varasemale auhinnale lisaks ka Eduard Wiiralti preemia p\u00e4lvinud Vello Vinn (s 1939), arendas talle ainuomase, s\u00fcmmeetrilisel kujundil baseeruva kompositsiooni v\u00e4lja juba 1960. aastate l\u00f5pust alates.<\/p>\n<p>Vinn on satiirik ning kasutab vahedalt irooniat ja absurdi \u00fchiskonna visuaalseks anal\u00fc\u00fcsiks. Viltpliiatsiga \u00fclet\u00f6\u00f6tatud s\u00f6\u00f6vitus \u201cLa Banana\u201d pilab s\u00f5na otseses m\u00f5ttes v\u00e4rsket banaanikultust &#8211; poodidesse j\u00f5udnud troopilist ja eksootilist vilja, millele tolle k\u00fcmnendi alguses omistas meedia vabaduse s\u00fcmboli tiitli. Vinn karikeerib banaanikummardamist kui religioosset akti m\u00f5nuga, viies vastava tegevuse altariga varustatud keskkonda nagu templisse. Et banaani on freudistlikus m\u00f5ttes t\u00f5lgendatud fallilise s\u00fcmbolina, sobivad pildijutustusse ka erotiseeritud naisfiguurid, kes on p\u00e4rit kunstiajaloost ja Hollywoodi muusikalidest.<\/p>\n<p style=\"text-align: right;\">Tekst: Harry Liivrand<\/p>\n<p>[\/vc_column_text][\/vc_column][\/vc_row]<\/p>\n<\/div>","protected":false},"excerpt":{"rendered":"<p>[vc_row][vc_column][vc_column_text css=&#8221;&#8221; woodmart_inline=&#8221;no&#8221; text_larger=&#8221;no&#8221;] S\u00f6\u00f6vitus, viltpliiats paberil. 1990\/2018. All vasakul: La Banana. S\u00f6\u00f6vitus All keskel: Renoveeritud (k\u00e4sitsi v\u00e4rvitud) autori poolt<\/p>\n","protected":false},"featured_media":39707,"template":"","meta":{"_acf_changed":false},"product_brand":[],"product_cat":[435],"product_tag":[],"class_list":{"0":"post-40853","1":"product","2":"type-product","3":"status-publish","4":"has-post-thumbnail","6":"product_cat-kevadoksjon-2026","7":"auction-is-open","9":"first","10":"instock","11":"shipping-taxable","12":"purchasable","13":"product-type-auction"},"acf":[],"_links":{"self":[{"href":"https:\/\/alleegalerii.ee\/en\/wp-json\/wp\/v2\/product\/40853","targetHints":{"allow":["GET"]}}],"collection":[{"href":"https:\/\/alleegalerii.ee\/en\/wp-json\/wp\/v2\/product"}],"about":[{"href":"https:\/\/alleegalerii.ee\/en\/wp-json\/wp\/v2\/types\/product"}],"wp:featuredmedia":[{"embeddable":true,"href":"https:\/\/alleegalerii.ee\/en\/wp-json\/wp\/v2\/media\/39707"}],"wp:attachment":[{"href":"https:\/\/alleegalerii.ee\/en\/wp-json\/wp\/v2\/media?parent=40853"}],"wp:term":[{"taxonomy":"product_brand","embeddable":true,"href":"https:\/\/alleegalerii.ee\/en\/wp-json\/wp\/v2\/product_brand?post=40853"},{"taxonomy":"product_cat","embeddable":true,"href":"https:\/\/alleegalerii.ee\/en\/wp-json\/wp\/v2\/product_cat?post=40853"},{"taxonomy":"product_tag","embeddable":true,"href":"https:\/\/alleegalerii.ee\/en\/wp-json\/wp\/v2\/product_tag?post=40853"}],"curies":[{"name":"wp","href":"https:\/\/api.w.org\/{rel}","templated":true}]}}