{"id":40852,"date":"2026-04-15T00:05:04","date_gmt":"2026-04-14T21:05:04","guid":{"rendered":"https:\/\/alleegalerii.ee\/?post_type=product&#038;p=40852"},"modified":"2026-04-15T15:11:37","modified_gmt":"2026-04-15T12:11:37","slug":"92-peeter-allik-puurmanis-iii","status":"publish","type":"product","link":"https:\/\/alleegalerii.ee\/en\/shop\/92-peeter-allik-puurmanis-iii\/","title":{"rendered":"92. Peeter Allik \"Puurmanis III\""},"content":{"rendered":"<div class=\"wpb-content-wrapper\"><p>[vc_row][vc_column][vc_column_text css=&#8221;&#8221; woodmart_inline=&#8221;no&#8221; text_larger=&#8221;no&#8221;]<\/p>\n<h5>\u00d5li l\u00f5uendil. 2016.<br \/>\nAll vasakul: Peeter Allik 2016<\/h5>\n<p>Groteski ja satiiri armastavale Peeter Allikule (1966-2019), kes on eesti s\u00fcrrealismi \u00fcks juhtfiguure, ei valmista probleemi karikatuuri v\u00f5tmes kujutada j\u00f5usaali. Hantlitega kehakultuurlane &#8211; kui kasutada vana k\u00f5nepruuki &#8211; j\u00e4\u00e4b silmn\u00e4htavalt oma spordiriistadele alla, n\u00f5rkedes trennisaali laskuva trepi all. Taamalt j\u00e4lgib kurbnaljakat stseeni ukse vahelt aga salajane olend.<\/p>\n<p>Et vinti \u00fcle kruvida, lokaliseerib Allik veel s\u00fcndmuse toimumispaiga &#8211; Puurmani, kus ta ise ateljeed pidas. Nii v\u00f5ib kompositsiooni v\u00f5tta ka autobiograafilise vinjetina. Stilistilised paralleelid saksa ekspressionismi teemak\u00e4sitluse ja fovistliku v\u00e4rvilahendusega on Allikule v\u00e4ga t\u00fc\u00fcpilised.<\/p>\n<p>Teos on reprodutseeritud 2017. aastal Tartu Kunstimuuseumis toimunud n\u00e4itusega \u201cPeeter Allik. Kultiveeritud skisofreenia\u201d kaasnenud k\u00f5vakaanelises raamatus, lk 160 ning oli eksponeeritud ka Allee galeriis m\u00e4rtsist aprillini 2026 avatud n\u00e4itusel \u201cPeeter Allik &#8211; geniaalne satiirik\u201d.<\/p>\n<p style=\"text-align: right\">Tekst: Harry Liivrand<\/p>\n<p>[\/vc_column_text][\/vc_column][\/vc_row]<\/p>\n<\/div>","protected":false},"excerpt":{"rendered":"<p>[vc_row][vc_column][vc_column_text css=&#8221;&#8221; woodmart_inline=&#8221;no&#8221; text_larger=&#8221;no&#8221;] \u00d5li l\u00f5uendil. 2016. All vasakul: Peeter Allik 2016 Groteski ja satiiri armastavale Peeter Allikule (1966-2019), kes<\/p>\n","protected":false},"featured_media":38564,"template":"","meta":{"_acf_changed":false},"product_brand":[],"product_cat":[435],"product_tag":[],"class_list":{"0":"post-40852","1":"product","2":"type-product","3":"status-publish","4":"has-post-thumbnail","6":"product_cat-kevadoksjon-2026","7":"auction-is-open","9":"first","10":"instock","11":"shipping-taxable","12":"purchasable","13":"product-type-auction"},"acf":[],"_links":{"self":[{"href":"https:\/\/alleegalerii.ee\/en\/wp-json\/wp\/v2\/product\/40852","targetHints":{"allow":["GET"]}}],"collection":[{"href":"https:\/\/alleegalerii.ee\/en\/wp-json\/wp\/v2\/product"}],"about":[{"href":"https:\/\/alleegalerii.ee\/en\/wp-json\/wp\/v2\/types\/product"}],"wp:featuredmedia":[{"embeddable":true,"href":"https:\/\/alleegalerii.ee\/en\/wp-json\/wp\/v2\/media\/38564"}],"wp:attachment":[{"href":"https:\/\/alleegalerii.ee\/en\/wp-json\/wp\/v2\/media?parent=40852"}],"wp:term":[{"taxonomy":"product_brand","embeddable":true,"href":"https:\/\/alleegalerii.ee\/en\/wp-json\/wp\/v2\/product_brand?post=40852"},{"taxonomy":"product_cat","embeddable":true,"href":"https:\/\/alleegalerii.ee\/en\/wp-json\/wp\/v2\/product_cat?post=40852"},{"taxonomy":"product_tag","embeddable":true,"href":"https:\/\/alleegalerii.ee\/en\/wp-json\/wp\/v2\/product_tag?post=40852"}],"curies":[{"name":"wp","href":"https:\/\/api.w.org\/{rel}","templated":true}]}}